{"id":52536,"date":"2025-07-30T11:22:28","date_gmt":"2025-07-30T14:22:28","guid":{"rendered":"https:\/\/rms-enlinea.com.ar\/tienda\/producto\/memoria-ddr5-16gb-adata-lancer-6000mhz-ax5u6000c3016g\/"},"modified":"2026-05-04T12:42:40","modified_gmt":"2026-05-04T15:42:40","slug":"memoria-ddr5-16gb-adata-lancer-6000mhz-ax5u6000c3016g","status":"publish","type":"product","link":"https:\/\/rms-enlinea.com.ar\/tienda\/producto\/memoria-ddr5-16gb-adata-lancer-6000mhz-ax5u6000c3016g\/","title":{"rendered":"Memoria Ddr5 16gb Adata Lancer 6000mhz Ax5u6000c3016g"},"content":{"rendered":"<p>M\u00f3dulos de memoria RAM<\/p>\n<p>1 x 16 GB<br \/>Tecnolog\u00eda de la memoria RAM<\/p>\n<p>DDR5<br \/>Condici\u00f3n del \u00edtem<\/p>\n<p>Nuevo<br \/>Marca<\/p>\n<p>XPG<br \/>Modelo<\/p>\n<p>AX5U6000C3016G-SLABBK<br \/>Velocidad de la memoria RAM<\/p>\n<p>6000 MHz<br \/>L\u00ednea<\/p>\n<p>Lancer<br \/>Color<\/p>\n<p>Negro<\/p>\n","protected":false},"excerpt":{"rendered":"<p>M\u00f3dulos de memoria RAM 1 x 16 GBTecnolog\u00eda de la memoria RAM DDR5Condici\u00f3n del \u00edtem NuevoMarca XPGModelo AX5U6000C3016G-SLABBKVelocidad de la memoria RAM 6000 MHzL\u00ednea LancerColor Negro<\/p>\n","protected":false},"featured_media":25937,"comment_status":"open","ping_status":"closed","template":"","meta":{"_uag_custom_page_level_css":""},"product_brand":[567],"product_cat":[112],"product_tag":[],"class_list":{"0":"post-52536","1":"product","2":"type-product","3":"status-publish","4":"has-post-thumbnail","6":"product_brand-adata","7":"product_cat-mamorias","9":"first","10":"outofstock","11":"sale","12":"taxable","13":"shipping-taxable","14":"purchasable","15":"product-type-simple"},"uagb_featured_image_src":{"full":["https:\/\/rms-enlinea.com.ar\/wp-content\/uploads\/2025\/06\/D_814242-MLA79428513263_092024-F.jpg",1200,305,false],"thumbnail":["https:\/\/rms-enlinea.com.ar\/wp-content\/uploads\/2025\/06\/D_814242-MLA79428513263_092024-F-150x150.jpg",150,150,true],"medium":["https:\/\/rms-enlinea.com.ar\/wp-content\/uploads\/2025\/06\/D_814242-MLA79428513263_092024-F-300x76.jpg",300,76,true],"medium_large":["https:\/\/rms-enlinea.com.ar\/wp-content\/uploads\/2025\/06\/D_814242-MLA79428513263_092024-F-768x195.jpg",768,195,true],"large":["https:\/\/rms-enlinea.com.ar\/wp-content\/uploads\/2025\/06\/D_814242-MLA79428513263_092024-F-1024x260.jpg",1024,260,true],"1536x1536":["https:\/\/rms-enlinea.com.ar\/wp-content\/uploads\/2025\/06\/D_814242-MLA79428513263_092024-F.jpg",1200,305,false],"2048x2048":["https:\/\/rms-enlinea.com.ar\/wp-content\/uploads\/2025\/06\/D_814242-MLA79428513263_092024-F.jpg",1200,305,false],"woocommerce_thumbnail":["https:\/\/rms-enlinea.com.ar\/wp-content\/uploads\/2025\/06\/D_814242-MLA79428513263_092024-F-450x305.jpg",450,305,true],"woocommerce_single":["https:\/\/rms-enlinea.com.ar\/wp-content\/uploads\/2025\/06\/D_814242-MLA79428513263_092024-F-600x153.jpg",600,153,true],"woocommerce_gallery_thumbnail":["https:\/\/rms-enlinea.com.ar\/wp-content\/uploads\/2025\/06\/D_814242-MLA79428513263_092024-F-100x100.jpg",100,100,true]},"uagb_author_info":{"display_name":"nelson","author_link":"https:\/\/rms-enlinea.com.ar\/tienda\/author\/"},"uagb_comment_info":0,"uagb_excerpt":"M\u00f3dulos de memoria RAM 1 x 16 GBTecnolog\u00eda de la memoria RAM DDR5Condici\u00f3n del \u00edtem NuevoMarca XPGModelo AX5U6000C3016G-SLABBKVelocidad de la memoria RAM 6000 MHzL\u00ednea LancerColor Negro","_links":{"self":[{"href":"https:\/\/rms-enlinea.com.ar\/tienda\/wp-json\/wp\/v2\/product\/52536","targetHints":{"allow":["GET"]}}],"collection":[{"href":"https:\/\/rms-enlinea.com.ar\/tienda\/wp-json\/wp\/v2\/product"}],"about":[{"href":"https:\/\/rms-enlinea.com.ar\/tienda\/wp-json\/wp\/v2\/types\/product"}],"replies":[{"embeddable":true,"href":"https:\/\/rms-enlinea.com.ar\/tienda\/wp-json\/wp\/v2\/comments?post=52536"}],"wp:featuredmedia":[{"embeddable":true,"href":"https:\/\/rms-enlinea.com.ar\/tienda\/wp-json\/wp\/v2\/media\/25937"}],"wp:attachment":[{"href":"https:\/\/rms-enlinea.com.ar\/tienda\/wp-json\/wp\/v2\/media?parent=52536"}],"wp:term":[{"taxonomy":"product_brand","embeddable":true,"href":"https:\/\/rms-enlinea.com.ar\/tienda\/wp-json\/wp\/v2\/product_brand?post=52536"},{"taxonomy":"product_cat","embeddable":true,"href":"https:\/\/rms-enlinea.com.ar\/tienda\/wp-json\/wp\/v2\/product_cat?post=52536"},{"taxonomy":"product_tag","embeddable":true,"href":"https:\/\/rms-enlinea.com.ar\/tienda\/wp-json\/wp\/v2\/product_tag?post=52536"}],"curies":[{"name":"wp","href":"https:\/\/api.w.org\/{rel}","templated":true}]}}