{"id":52568,"date":"2025-07-30T16:41:20","date_gmt":"2025-07-30T19:41:20","guid":{"rendered":"https:\/\/rms-enlinea.com.ar\/tienda\/producto\/mother-asus-prime-b650m-a-ii-amd-am5-ddr5-pci-e-4-0\/"},"modified":"2026-05-04T13:24:38","modified_gmt":"2026-05-04T16:24:38","slug":"mother-asus-prime-b650m-a-ii-amd-am5-ddr5-pci-e-4-0","status":"publish","type":"product","link":"https:\/\/rms-enlinea.com.ar\/tienda\/producto\/mother-asus-prime-b650m-a-ii-amd-am5-ddr5-pci-e-4-0\/","title":{"rendered":"Mother Asus Prime B650m-a Ii Amd Am5 Ddr5 Pci-e 4.0"},"content":{"rendered":"<p>Con procesador<\/p>\n<p>No<br \/>Aplicaciones<\/p>\n<p>PC<br \/>Marca<\/p>\n<p>Asus<br \/>Chipsets<\/p>\n<p>AMD B650<br \/>Plataforma<\/p>\n<p>AMD<br \/>Versi\u00f3n<\/p>\n<p>\/CSM<br \/>CPU<\/p>\n<p>AMD<br \/>Socket<\/p>\n<p>AM5<br \/>Tipo de memoria RAM<\/p>\n<p>DDR5<br \/>C\u00f3digo universal de producto<\/p>\n<p>0197105025547<br \/>Condici\u00f3n del \u00edtem<\/p>\n<p>Nuevo<br \/>L\u00ednea<\/p>\n<p>Prime<br \/>Capacidad m\u00e1xima soportada de la memoria RAM<\/p>\n<p>128 GB<br \/>Modelo<\/p>\n<p>PRIME B650M-A II<br \/>Ranuras de expansi\u00f3n<\/p>\n<p>1 x PCIe 4.0 x16 (max @x16 mode) SafeSlot Core,2 x PCIe 4.0 x16 (@x1 mode)<\/p>\n","protected":false},"excerpt":{"rendered":"<p>Con procesador NoAplicaciones PCMarca AsusChipsets AMD B650Plataforma AMDVersi\u00f3n \/CSMCPU AMDSocket AM5Tipo de memoria RAM DDR5C\u00f3digo universal de producto 0197105025547Condici\u00f3n del \u00edtem NuevoL\u00ednea PrimeCapacidad m\u00e1xima soportada de la memoria RAM 128 GBModelo PRIME B650M-A IIRanuras de expansi\u00f3n 1 x PCIe 4.0 x16 (max @x16 mode) SafeSlot Core,2 x PCIe 4.0 x16 (@x1 mode)<\/p>\n","protected":false},"featured_media":52569,"comment_status":"open","ping_status":"closed","template":"","meta":{"_uag_custom_page_level_css":""},"product_brand":[586],"product_cat":[115],"product_tag":[],"class_list":{"0":"post-52568","1":"product","2":"type-product","3":"status-publish","4":"has-post-thumbnail","6":"product_brand-asus","7":"product_cat-mother","9":"first","10":"outofstock","11":"sale","12":"taxable","13":"shipping-taxable","14":"purchasable","15":"product-type-simple"},"uagb_featured_image_src":{"full":["https:\/\/rms-enlinea.com.ar\/wp-content\/uploads\/2025\/07\/D_632228-MLA88634144648_072025-F.jpg",1198,661,false],"thumbnail":["https:\/\/rms-enlinea.com.ar\/wp-content\/uploads\/2025\/07\/D_632228-MLA88634144648_072025-F-150x150.jpg",150,150,true],"medium":["https:\/\/rms-enlinea.com.ar\/wp-content\/uploads\/2025\/07\/D_632228-MLA88634144648_072025-F-300x166.jpg",300,166,true],"medium_large":["https:\/\/rms-enlinea.com.ar\/wp-content\/uploads\/2025\/07\/D_632228-MLA88634144648_072025-F-768x424.jpg",768,424,true],"large":["https:\/\/rms-enlinea.com.ar\/wp-content\/uploads\/2025\/07\/D_632228-MLA88634144648_072025-F-1024x565.jpg",1024,565,true],"1536x1536":["https:\/\/rms-enlinea.com.ar\/wp-content\/uploads\/2025\/07\/D_632228-MLA88634144648_072025-F.jpg",1198,661,false],"2048x2048":["https:\/\/rms-enlinea.com.ar\/wp-content\/uploads\/2025\/07\/D_632228-MLA88634144648_072025-F.jpg",1198,661,false],"woocommerce_thumbnail":["https:\/\/rms-enlinea.com.ar\/wp-content\/uploads\/2025\/07\/D_632228-MLA88634144648_072025-F-450x450.jpg",450,450,true],"woocommerce_single":["https:\/\/rms-enlinea.com.ar\/wp-content\/uploads\/2025\/07\/D_632228-MLA88634144648_072025-F-600x331.jpg",600,331,true],"woocommerce_gallery_thumbnail":["https:\/\/rms-enlinea.com.ar\/wp-content\/uploads\/2025\/07\/D_632228-MLA88634144648_072025-F-100x100.jpg",100,100,true]},"uagb_author_info":{"display_name":"nelson","author_link":"https:\/\/rms-enlinea.com.ar\/tienda\/author\/"},"uagb_comment_info":0,"uagb_excerpt":"Con procesador NoAplicaciones PCMarca AsusChipsets AMD B650Plataforma AMDVersi\u00f3n \/CSMCPU AMDSocket AM5Tipo de memoria RAM DDR5C\u00f3digo universal de producto 0197105025547Condici\u00f3n del \u00edtem NuevoL\u00ednea PrimeCapacidad m\u00e1xima soportada de la memoria RAM 128 GBModelo PRIME B650M-A IIRanuras de expansi\u00f3n 1 x PCIe 4.0 x16 (max @x16 mode) SafeSlot Core,2 x PCIe 4.0 x16 (@x1 mode)","_links":{"self":[{"href":"https:\/\/rms-enlinea.com.ar\/tienda\/wp-json\/wp\/v2\/product\/52568","targetHints":{"allow":["GET"]}}],"collection":[{"href":"https:\/\/rms-enlinea.com.ar\/tienda\/wp-json\/wp\/v2\/product"}],"about":[{"href":"https:\/\/rms-enlinea.com.ar\/tienda\/wp-json\/wp\/v2\/types\/product"}],"replies":[{"embeddable":true,"href":"https:\/\/rms-enlinea.com.ar\/tienda\/wp-json\/wp\/v2\/comments?post=52568"}],"wp:featuredmedia":[{"embeddable":true,"href":"https:\/\/rms-enlinea.com.ar\/tienda\/wp-json\/wp\/v2\/media\/52569"}],"wp:attachment":[{"href":"https:\/\/rms-enlinea.com.ar\/tienda\/wp-json\/wp\/v2\/media?parent=52568"}],"wp:term":[{"taxonomy":"product_brand","embeddable":true,"href":"https:\/\/rms-enlinea.com.ar\/tienda\/wp-json\/wp\/v2\/product_brand?post=52568"},{"taxonomy":"product_cat","embeddable":true,"href":"https:\/\/rms-enlinea.com.ar\/tienda\/wp-json\/wp\/v2\/product_cat?post=52568"},{"taxonomy":"product_tag","embeddable":true,"href":"https:\/\/rms-enlinea.com.ar\/tienda\/wp-json\/wp\/v2\/product_tag?post=52568"}],"curies":[{"name":"wp","href":"https:\/\/api.w.org\/{rel}","templated":true}]}}