{"id":52577,"date":"2025-07-30T16:51:16","date_gmt":"2025-07-30T19:51:16","guid":{"rendered":"https:\/\/rms-enlinea.com.ar\/tienda\/producto\/mother-asus-rog-strix-b650e-f-gaming-wifi-am5-ddr5-pci-e-5-0\/"},"modified":"2026-05-04T10:59:21","modified_gmt":"2026-05-04T13:59:21","slug":"mother-asus-rog-strix-b650e-f-gaming-wifi-am5-ddr5-pci-e-5-0","status":"publish","type":"product","link":"https:\/\/rms-enlinea.com.ar\/tienda\/producto\/mother-asus-rog-strix-b650e-f-gaming-wifi-am5-ddr5-pci-e-5-0\/","title":{"rendered":"Mother Asus Rog Strix B650e-f Gaming Wifi Am5 Ddr5 Pci-e 5.0"},"content":{"rendered":"<p>Versi\u00f3n<\/p>\n<p>WiFi<br \/>C\u00f3digo universal de producto<\/p>\n<p>195553938532,4711081938538<br \/>Condici\u00f3n del \u00edtem<\/p>\n<p>Nuevo<br \/>L\u00ednea<\/p>\n<p>ROG Strix<br \/>Capacidad m\u00e1xima soportada de la memoria RAM<\/p>\n<p>128 GB<br \/>Modelo<\/p>\n<p>B650E-F GAMING WIFI<br \/>Socket<\/p>\n<p>Am5<br \/>Tipo de memoria RAM<\/p>\n<p>DDR5<br \/>Marca<\/p>\n<p>Asus<br \/>Chipsets<\/p>\n<p>Amd b650<br \/>Plataforma<\/p>\n<p>AMD<br \/>CPU<\/p>\n<p>Amd socket am5 para procesadores de escritorio amd ryzen\u2122 serie 7000*<br \/>Ranuras de expansi\u00f3n<\/p>\n<p>1 x pcie 4.0 x16 slot (supports x4 mode)*,1 x pcie 5.0 x16,2 x pcie 4.0\/3.0 x1 slots<br \/>Con procesador<\/p>\n<p>No<\/p>\n","protected":false},"excerpt":{"rendered":"<p>Versi\u00f3n WiFiC\u00f3digo universal de producto 195553938532,4711081938538Condici\u00f3n del \u00edtem NuevoL\u00ednea ROG StrixCapacidad m\u00e1xima soportada de la memoria RAM 128 GBModelo B650E-F GAMING WIFISocket Am5Tipo de memoria RAM DDR5Marca AsusChipsets Amd b650Plataforma AMDCPU Amd socket am5 para procesadores de escritorio amd ryzen\u2122 serie 7000*Ranuras de expansi\u00f3n 1 x pcie 4.0 x16 slot (supports x4 mode)*,1 x pcie [&hellip;]<\/p>\n","protected":false},"featured_media":52578,"comment_status":"open","ping_status":"closed","template":"","meta":{"_uag_custom_page_level_css":""},"product_brand":[586],"product_cat":[115],"product_tag":[],"class_list":{"0":"post-52577","1":"product","2":"type-product","3":"status-publish","4":"has-post-thumbnail","6":"product_brand-asus","7":"product_cat-mother","9":"first","10":"instock","11":"sale","12":"taxable","13":"shipping-taxable","14":"purchasable","15":"product-type-simple"},"uagb_featured_image_src":{"full":["https:\/\/rms-enlinea.com.ar\/wp-content\/uploads\/2025\/07\/D_992082-MLA88985576495_072025-F.jpg",914,1200,false],"thumbnail":["https:\/\/rms-enlinea.com.ar\/wp-content\/uploads\/2025\/07\/D_992082-MLA88985576495_072025-F-150x150.jpg",150,150,true],"medium":["https:\/\/rms-enlinea.com.ar\/wp-content\/uploads\/2025\/07\/D_992082-MLA88985576495_072025-F-229x300.jpg",229,300,true],"medium_large":["https:\/\/rms-enlinea.com.ar\/wp-content\/uploads\/2025\/07\/D_992082-MLA88985576495_072025-F-768x1008.jpg",768,1008,true],"large":["https:\/\/rms-enlinea.com.ar\/wp-content\/uploads\/2025\/07\/D_992082-MLA88985576495_072025-F-780x1024.jpg",780,1024,true],"1536x1536":["https:\/\/rms-enlinea.com.ar\/wp-content\/uploads\/2025\/07\/D_992082-MLA88985576495_072025-F.jpg",914,1200,false],"2048x2048":["https:\/\/rms-enlinea.com.ar\/wp-content\/uploads\/2025\/07\/D_992082-MLA88985576495_072025-F.jpg",914,1200,false],"woocommerce_thumbnail":["https:\/\/rms-enlinea.com.ar\/wp-content\/uploads\/2025\/07\/D_992082-MLA88985576495_072025-F-450x450.jpg",450,450,true],"woocommerce_single":["https:\/\/rms-enlinea.com.ar\/wp-content\/uploads\/2025\/07\/D_992082-MLA88985576495_072025-F-600x788.jpg",600,788,true],"woocommerce_gallery_thumbnail":["https:\/\/rms-enlinea.com.ar\/wp-content\/uploads\/2025\/07\/D_992082-MLA88985576495_072025-F-100x100.jpg",100,100,true]},"uagb_author_info":{"display_name":"nelson","author_link":"https:\/\/rms-enlinea.com.ar\/tienda\/author\/"},"uagb_comment_info":0,"uagb_excerpt":"Versi\u00f3n WiFiC\u00f3digo universal de producto 195553938532,4711081938538Condici\u00f3n del \u00edtem NuevoL\u00ednea ROG StrixCapacidad m\u00e1xima soportada de la memoria RAM 128 GBModelo B650E-F GAMING WIFISocket Am5Tipo de memoria RAM DDR5Marca AsusChipsets Amd b650Plataforma AMDCPU Amd socket am5 para procesadores de escritorio amd ryzen\u2122 serie 7000*Ranuras de expansi\u00f3n 1 x pcie 4.0 x16 slot (supports x4 mode)*,1 x pcie&hellip;","_links":{"self":[{"href":"https:\/\/rms-enlinea.com.ar\/tienda\/wp-json\/wp\/v2\/product\/52577","targetHints":{"allow":["GET"]}}],"collection":[{"href":"https:\/\/rms-enlinea.com.ar\/tienda\/wp-json\/wp\/v2\/product"}],"about":[{"href":"https:\/\/rms-enlinea.com.ar\/tienda\/wp-json\/wp\/v2\/types\/product"}],"replies":[{"embeddable":true,"href":"https:\/\/rms-enlinea.com.ar\/tienda\/wp-json\/wp\/v2\/comments?post=52577"}],"wp:featuredmedia":[{"embeddable":true,"href":"https:\/\/rms-enlinea.com.ar\/tienda\/wp-json\/wp\/v2\/media\/52578"}],"wp:attachment":[{"href":"https:\/\/rms-enlinea.com.ar\/tienda\/wp-json\/wp\/v2\/media?parent=52577"}],"wp:term":[{"taxonomy":"product_brand","embeddable":true,"href":"https:\/\/rms-enlinea.com.ar\/tienda\/wp-json\/wp\/v2\/product_brand?post=52577"},{"taxonomy":"product_cat","embeddable":true,"href":"https:\/\/rms-enlinea.com.ar\/tienda\/wp-json\/wp\/v2\/product_cat?post=52577"},{"taxonomy":"product_tag","embeddable":true,"href":"https:\/\/rms-enlinea.com.ar\/tienda\/wp-json\/wp\/v2\/product_tag?post=52577"}],"curies":[{"name":"wp","href":"https:\/\/api.w.org\/{rel}","templated":true}]}}