{"id":52584,"date":"2025-07-30T16:51:37","date_gmt":"2025-07-30T19:51:37","guid":{"rendered":"https:\/\/rms-enlinea.com.ar\/tienda\/producto\/mother-asus-prime-h610m-k-ddr4-csm-intel-s1700-pci-e-4-0\/"},"modified":"2026-04-21T03:48:11","modified_gmt":"2026-04-21T06:48:11","slug":"mother-asus-prime-h610m-k-ddr4-csm-intel-s1700-pci-e-4-0","status":"publish","type":"product","link":"https:\/\/rms-enlinea.com.ar\/tienda\/producto\/mother-asus-prime-h610m-k-ddr4-csm-intel-s1700-pci-e-4-0\/","title":{"rendered":"Mother Asus Prime H610m-k Ddr4 Csm Intel S1700 Pci-e 4.0"},"content":{"rendered":"<p>Plataforma<\/p>\n<p>Intel<br \/>Color<\/p>\n<p>Negro<br \/>CPU<\/p>\n<p>Intel 12va Gen<br \/>Chipsets<\/p>\n<p>H610<br \/>Ranuras de expansi\u00f3n<\/p>\n<p>1 x pcie 3.0 x1 slot,1 x pcie 4.0 x16 slot<br \/>Aplicaciones<\/p>\n<p>PC<br \/>Marca<\/p>\n<p>Asus<br \/>L\u00ednea<\/p>\n<p>Prime<br \/>Socket<\/p>\n<p>1700<br \/>Procesadores soportados<\/p>\n<p>12va Gen Intel Core Pentium Gold Celeron<br \/>Formato de memoria RAM<\/p>\n<p>DIMM<br \/>M\u00f3dulos de memoria RAM<\/p>\n<p>2<br \/>Modelo<\/p>\n<p>H610M-K D4<br \/>Tipo de memoria RAM<\/p>\n<p>DDR4<br \/>Capacidad m\u00e1xima soportada de la memoria RAM<\/p>\n<p>64 GB<\/p>\n","protected":false},"excerpt":{"rendered":"<p>Plataforma IntelColor NegroCPU Intel 12va GenChipsets H610Ranuras de expansi\u00f3n 1 x pcie 3.0 x1 slot,1 x pcie 4.0 x16 slotAplicaciones PCMarca AsusL\u00ednea PrimeSocket 1700Procesadores soportados 12va Gen Intel Core Pentium Gold CeleronFormato de memoria RAM DIMMM\u00f3dulos de memoria RAM 2Modelo H610M-K D4Tipo de memoria RAM DDR4Capacidad m\u00e1xima soportada de la memoria RAM 64 GB<\/p>\n","protected":false},"featured_media":52585,"comment_status":"open","ping_status":"closed","template":"","meta":{"_uag_custom_page_level_css":""},"product_brand":[586],"product_cat":[115],"product_tag":[],"class_list":{"0":"post-52584","1":"product","2":"type-product","3":"status-publish","4":"has-post-thumbnail","6":"product_brand-asus","7":"product_cat-mother","9":"first","10":"outofstock","11":"sale","12":"taxable","13":"shipping-taxable","14":"purchasable","15":"product-type-simple"},"uagb_featured_image_src":{"full":["https:\/\/rms-enlinea.com.ar\/wp-content\/uploads\/2025\/07\/D_891289-MLA88985508479_072025-F.jpg",1200,721,false],"thumbnail":["https:\/\/rms-enlinea.com.ar\/wp-content\/uploads\/2025\/07\/D_891289-MLA88985508479_072025-F-150x150.jpg",150,150,true],"medium":["https:\/\/rms-enlinea.com.ar\/wp-content\/uploads\/2025\/07\/D_891289-MLA88985508479_072025-F-300x180.jpg",300,180,true],"medium_large":["https:\/\/rms-enlinea.com.ar\/wp-content\/uploads\/2025\/07\/D_891289-MLA88985508479_072025-F-768x461.jpg",768,461,true],"large":["https:\/\/rms-enlinea.com.ar\/wp-content\/uploads\/2025\/07\/D_891289-MLA88985508479_072025-F-1024x615.jpg",1024,615,true],"1536x1536":["https:\/\/rms-enlinea.com.ar\/wp-content\/uploads\/2025\/07\/D_891289-MLA88985508479_072025-F.jpg",1200,721,false],"2048x2048":["https:\/\/rms-enlinea.com.ar\/wp-content\/uploads\/2025\/07\/D_891289-MLA88985508479_072025-F.jpg",1200,721,false],"woocommerce_thumbnail":["https:\/\/rms-enlinea.com.ar\/wp-content\/uploads\/2025\/07\/D_891289-MLA88985508479_072025-F-450x450.jpg",450,450,true],"woocommerce_single":["https:\/\/rms-enlinea.com.ar\/wp-content\/uploads\/2025\/07\/D_891289-MLA88985508479_072025-F-600x361.jpg",600,361,true],"woocommerce_gallery_thumbnail":["https:\/\/rms-enlinea.com.ar\/wp-content\/uploads\/2025\/07\/D_891289-MLA88985508479_072025-F-100x100.jpg",100,100,true]},"uagb_author_info":{"display_name":"nelson","author_link":"https:\/\/rms-enlinea.com.ar\/tienda\/author\/"},"uagb_comment_info":0,"uagb_excerpt":"Plataforma IntelColor NegroCPU Intel 12va GenChipsets H610Ranuras de expansi\u00f3n 1 x pcie 3.0 x1 slot,1 x pcie 4.0 x16 slotAplicaciones PCMarca AsusL\u00ednea PrimeSocket 1700Procesadores soportados 12va Gen Intel Core Pentium Gold CeleronFormato de memoria RAM DIMMM\u00f3dulos de memoria RAM 2Modelo H610M-K D4Tipo de memoria RAM DDR4Capacidad m\u00e1xima soportada de la memoria RAM 64 GB","_links":{"self":[{"href":"https:\/\/rms-enlinea.com.ar\/tienda\/wp-json\/wp\/v2\/product\/52584","targetHints":{"allow":["GET"]}}],"collection":[{"href":"https:\/\/rms-enlinea.com.ar\/tienda\/wp-json\/wp\/v2\/product"}],"about":[{"href":"https:\/\/rms-enlinea.com.ar\/tienda\/wp-json\/wp\/v2\/types\/product"}],"replies":[{"embeddable":true,"href":"https:\/\/rms-enlinea.com.ar\/tienda\/wp-json\/wp\/v2\/comments?post=52584"}],"wp:featuredmedia":[{"embeddable":true,"href":"https:\/\/rms-enlinea.com.ar\/tienda\/wp-json\/wp\/v2\/media\/52585"}],"wp:attachment":[{"href":"https:\/\/rms-enlinea.com.ar\/tienda\/wp-json\/wp\/v2\/media?parent=52584"}],"wp:term":[{"taxonomy":"product_brand","embeddable":true,"href":"https:\/\/rms-enlinea.com.ar\/tienda\/wp-json\/wp\/v2\/product_brand?post=52584"},{"taxonomy":"product_cat","embeddable":true,"href":"https:\/\/rms-enlinea.com.ar\/tienda\/wp-json\/wp\/v2\/product_cat?post=52584"},{"taxonomy":"product_tag","embeddable":true,"href":"https:\/\/rms-enlinea.com.ar\/tienda\/wp-json\/wp\/v2\/product_tag?post=52584"}],"curies":[{"name":"wp","href":"https:\/\/api.w.org\/{rel}","templated":true}]}}