{"id":52587,"date":"2025-07-30T16:51:44","date_gmt":"2025-07-30T19:51:44","guid":{"rendered":"https:\/\/rms-enlinea.com.ar\/tienda\/producto\/mother-asus-tuf-gaming-b550m-plus-wifi-2-am4-ddr4\/"},"modified":"2026-05-04T12:11:37","modified_gmt":"2026-05-04T15:11:37","slug":"mother-asus-tuf-gaming-b550m-plus-wifi-2-am4-ddr4","status":"publish","type":"product","link":"https:\/\/rms-enlinea.com.ar\/tienda\/producto\/mother-asus-tuf-gaming-b550m-plus-wifi-2-am4-ddr4\/","title":{"rendered":"Mother Asus Tuf Gaming B550m-plus Wifi 2 Am4 Ddr4"},"content":{"rendered":"<p>Versi\u00f3n<\/p>\n<p>2<br \/>Con procesador<\/p>\n<p>No<br \/>C\u00f3digo universal de producto<\/p>\n<p>4711081305705<br \/>Condici\u00f3n del \u00edtem<\/p>\n<p>Nuevo<br \/>L\u00ednea<\/p>\n<p>TUF Gaming<br \/>Capacidad m\u00e1xima soportada de la memoria RAM<\/p>\n<p>128 GB<br \/>Modelo<\/p>\n<p>MOTHER ASUS TUF GAMING B550M-PLUS WIFI 2<br \/>Socket<\/p>\n<p>AM4<br \/>Tipo de memoria RAM<\/p>\n<p>DDR4<br \/>Chipsets<\/p>\n<p>B550<br \/>Plataforma<\/p>\n<p>AMD<br \/>Aplicaciones<\/p>\n<p>PC<br \/>Marca<\/p>\n<p>Asus<\/p>\n","protected":false},"excerpt":{"rendered":"<p>Versi\u00f3n 2Con procesador NoC\u00f3digo universal de producto 4711081305705Condici\u00f3n del \u00edtem NuevoL\u00ednea TUF GamingCapacidad m\u00e1xima soportada de la memoria RAM 128 GBModelo MOTHER ASUS TUF GAMING B550M-PLUS WIFI 2Socket AM4Tipo de memoria RAM DDR4Chipsets B550Plataforma AMDAplicaciones PCMarca Asus<\/p>\n","protected":false},"featured_media":52588,"comment_status":"open","ping_status":"closed","template":"","meta":{"_uag_custom_page_level_css":""},"product_brand":[586],"product_cat":[115],"product_tag":[],"class_list":{"0":"post-52587","1":"product","2":"type-product","3":"status-publish","4":"has-post-thumbnail","6":"product_brand-asus","7":"product_cat-mother","9":"first","10":"outofstock","11":"sale","12":"taxable","13":"shipping-taxable","14":"purchasable","15":"product-type-simple"},"uagb_featured_image_src":{"full":["https:\/\/rms-enlinea.com.ar\/wp-content\/uploads\/2025\/07\/D_985556-MLA88635186224_072025-F.jpg",1200,762,false],"thumbnail":["https:\/\/rms-enlinea.com.ar\/wp-content\/uploads\/2025\/07\/D_985556-MLA88635186224_072025-F-150x150.jpg",150,150,true],"medium":["https:\/\/rms-enlinea.com.ar\/wp-content\/uploads\/2025\/07\/D_985556-MLA88635186224_072025-F-300x191.jpg",300,191,true],"medium_large":["https:\/\/rms-enlinea.com.ar\/wp-content\/uploads\/2025\/07\/D_985556-MLA88635186224_072025-F-768x488.jpg",768,488,true],"large":["https:\/\/rms-enlinea.com.ar\/wp-content\/uploads\/2025\/07\/D_985556-MLA88635186224_072025-F-1024x650.jpg",1024,650,true],"1536x1536":["https:\/\/rms-enlinea.com.ar\/wp-content\/uploads\/2025\/07\/D_985556-MLA88635186224_072025-F.jpg",1200,762,false],"2048x2048":["https:\/\/rms-enlinea.com.ar\/wp-content\/uploads\/2025\/07\/D_985556-MLA88635186224_072025-F.jpg",1200,762,false],"woocommerce_thumbnail":["https:\/\/rms-enlinea.com.ar\/wp-content\/uploads\/2025\/07\/D_985556-MLA88635186224_072025-F-450x450.jpg",450,450,true],"woocommerce_single":["https:\/\/rms-enlinea.com.ar\/wp-content\/uploads\/2025\/07\/D_985556-MLA88635186224_072025-F-600x381.jpg",600,381,true],"woocommerce_gallery_thumbnail":["https:\/\/rms-enlinea.com.ar\/wp-content\/uploads\/2025\/07\/D_985556-MLA88635186224_072025-F-100x100.jpg",100,100,true]},"uagb_author_info":{"display_name":"nelson","author_link":"https:\/\/rms-enlinea.com.ar\/tienda\/author\/"},"uagb_comment_info":0,"uagb_excerpt":"Versi\u00f3n 2Con procesador NoC\u00f3digo universal de producto 4711081305705Condici\u00f3n del \u00edtem NuevoL\u00ednea TUF GamingCapacidad m\u00e1xima soportada de la memoria RAM 128 GBModelo MOTHER ASUS TUF GAMING B550M-PLUS WIFI 2Socket AM4Tipo de memoria RAM DDR4Chipsets B550Plataforma AMDAplicaciones PCMarca Asus","_links":{"self":[{"href":"https:\/\/rms-enlinea.com.ar\/tienda\/wp-json\/wp\/v2\/product\/52587","targetHints":{"allow":["GET"]}}],"collection":[{"href":"https:\/\/rms-enlinea.com.ar\/tienda\/wp-json\/wp\/v2\/product"}],"about":[{"href":"https:\/\/rms-enlinea.com.ar\/tienda\/wp-json\/wp\/v2\/types\/product"}],"replies":[{"embeddable":true,"href":"https:\/\/rms-enlinea.com.ar\/tienda\/wp-json\/wp\/v2\/comments?post=52587"}],"wp:featuredmedia":[{"embeddable":true,"href":"https:\/\/rms-enlinea.com.ar\/tienda\/wp-json\/wp\/v2\/media\/52588"}],"wp:attachment":[{"href":"https:\/\/rms-enlinea.com.ar\/tienda\/wp-json\/wp\/v2\/media?parent=52587"}],"wp:term":[{"taxonomy":"product_brand","embeddable":true,"href":"https:\/\/rms-enlinea.com.ar\/tienda\/wp-json\/wp\/v2\/product_brand?post=52587"},{"taxonomy":"product_cat","embeddable":true,"href":"https:\/\/rms-enlinea.com.ar\/tienda\/wp-json\/wp\/v2\/product_cat?post=52587"},{"taxonomy":"product_tag","embeddable":true,"href":"https:\/\/rms-enlinea.com.ar\/tienda\/wp-json\/wp\/v2\/product_tag?post=52587"}],"curies":[{"name":"wp","href":"https:\/\/api.w.org\/{rel}","templated":true}]}}