{"id":52595,"date":"2025-07-30T16:52:04","date_gmt":"2025-07-30T19:52:04","guid":{"rendered":"https:\/\/rms-enlinea.com.ar\/tienda\/producto\/impresora-multifuncion-monocromatica-epson-ecotank-m2120\/"},"modified":"2026-04-10T13:40:20","modified_gmt":"2026-04-10T16:40:20","slug":"impresora-multifuncion-monocromatica-epson-ecotank-m2120","status":"publish","type":"product","link":"https:\/\/rms-enlinea.com.ar\/tienda\/producto\/impresora-multifuncion-monocromatica-epson-ecotank-m2120\/","title":{"rendered":"Impresora Multifunci\u00f3n Monocrom\u00e1tica Epson Ecotank M2120"},"content":{"rendered":"<p>La impresora multifunci\u00f3n monocrom\u00e1tica Epson Ecotank M2120 es la soluci\u00f3n ideal para quienes buscan eficiencia y calidad en sus impresiones. Con tecnolog\u00eda de inyecci\u00f3n de tinta, este modelo permite realizar impresiones n\u00edtidas y precisas, perfectas para documentos de oficina y trabajos acad\u00e9micos. Su dise\u00f1o compacto y funcional se adapta a cualquier espacio de trabajo, optimizando el uso del \u00e1rea disponible.<\/p>\n<p>Adem\u00e1s de imprimir, la M2120 ofrece la funci\u00f3n de copia, lo que la convierte en un equipo vers\u00e1til para el d\u00eda a d\u00eda. Con conectividad Wi-Fi y puerto USB, podr\u00e1s imprimir desde diferentes dispositivos sin complicaciones, facilitando el flujo de trabajo en entornos colaborativos. Su sistema de tanque de tinta permite un ahorro significativo en costos de impresi\u00f3n, brindando una experiencia m\u00e1s econ\u00f3mica y sostenible.<\/p>\n<p>La Epson Ecotank M2120 es ideal para peque\u00f1as y medianas empresas, as\u00ed como para usuarios dom\u00e9sticos que requieren un rendimiento confiable y de calidad. Su eficiencia energ\u00e9tica contribuye a un menor impacto ambiental, aline\u00e1ndose con las necesidades de un mundo m\u00e1s consciente. Con esta impresora, no solo obtendr\u00e1s resultados excepcionales, sino que tambi\u00e9n mejorar\u00e1s la productividad de tus tareas diarias.<\/p>\n","protected":false},"excerpt":{"rendered":"<p>La impresora multifunci\u00f3n monocrom\u00e1tica Epson Ecotank M2120 es la soluci\u00f3n ideal para quienes buscan eficiencia y calidad en sus impresiones. Con tecnolog\u00eda de inyecci\u00f3n de tinta, este modelo permite realizar impresiones n\u00edtidas y precisas, perfectas para documentos de oficina y trabajos acad\u00e9micos. Su dise\u00f1o compacto y funcional se adapta a cualquier espacio de trabajo, optimizando [&hellip;]<\/p>\n","protected":false},"featured_media":52596,"comment_status":"open","ping_status":"closed","template":"","meta":{"_uag_custom_page_level_css":""},"product_brand":[553],"product_cat":[110],"product_tag":[],"class_list":{"0":"post-52595","1":"product","2":"type-product","3":"status-publish","4":"has-post-thumbnail","6":"product_brand-epson","7":"product_cat-impresoras","9":"first","10":"outofstock","11":"sale","12":"taxable","13":"shipping-taxable","14":"purchasable","15":"product-type-simple"},"uagb_featured_image_src":{"full":["https:\/\/rms-enlinea.com.ar\/wp-content\/uploads\/2025\/07\/D_772599-MLA88985489379_072025-F.jpg",1188,866,false],"thumbnail":["https:\/\/rms-enlinea.com.ar\/wp-content\/uploads\/2025\/07\/D_772599-MLA88985489379_072025-F-150x150.jpg",150,150,true],"medium":["https:\/\/rms-enlinea.com.ar\/wp-content\/uploads\/2025\/07\/D_772599-MLA88985489379_072025-F-300x219.jpg",300,219,true],"medium_large":["https:\/\/rms-enlinea.com.ar\/wp-content\/uploads\/2025\/07\/D_772599-MLA88985489379_072025-F-768x560.jpg",768,560,true],"large":["https:\/\/rms-enlinea.com.ar\/wp-content\/uploads\/2025\/07\/D_772599-MLA88985489379_072025-F-1024x746.jpg",1024,746,true],"1536x1536":["https:\/\/rms-enlinea.com.ar\/wp-content\/uploads\/2025\/07\/D_772599-MLA88985489379_072025-F.jpg",1188,866,false],"2048x2048":["https:\/\/rms-enlinea.com.ar\/wp-content\/uploads\/2025\/07\/D_772599-MLA88985489379_072025-F.jpg",1188,866,false],"woocommerce_thumbnail":["https:\/\/rms-enlinea.com.ar\/wp-content\/uploads\/2025\/07\/D_772599-MLA88985489379_072025-F-450x450.jpg",450,450,true],"woocommerce_single":["https:\/\/rms-enlinea.com.ar\/wp-content\/uploads\/2025\/07\/D_772599-MLA88985489379_072025-F-600x437.jpg",600,437,true],"woocommerce_gallery_thumbnail":["https:\/\/rms-enlinea.com.ar\/wp-content\/uploads\/2025\/07\/D_772599-MLA88985489379_072025-F-100x100.jpg",100,100,true]},"uagb_author_info":{"display_name":"nelson","author_link":"https:\/\/rms-enlinea.com.ar\/tienda\/author\/"},"uagb_comment_info":0,"uagb_excerpt":"La impresora multifunci\u00f3n monocrom\u00e1tica Epson Ecotank M2120 es la soluci\u00f3n ideal para quienes buscan eficiencia y calidad en sus impresiones. Con tecnolog\u00eda de inyecci\u00f3n de tinta, este modelo permite realizar impresiones n\u00edtidas y precisas, perfectas para documentos de oficina y trabajos acad\u00e9micos. Su dise\u00f1o compacto y funcional se adapta a cualquier espacio de trabajo, optimizando&hellip;","_links":{"self":[{"href":"https:\/\/rms-enlinea.com.ar\/tienda\/wp-json\/wp\/v2\/product\/52595","targetHints":{"allow":["GET"]}}],"collection":[{"href":"https:\/\/rms-enlinea.com.ar\/tienda\/wp-json\/wp\/v2\/product"}],"about":[{"href":"https:\/\/rms-enlinea.com.ar\/tienda\/wp-json\/wp\/v2\/types\/product"}],"replies":[{"embeddable":true,"href":"https:\/\/rms-enlinea.com.ar\/tienda\/wp-json\/wp\/v2\/comments?post=52595"}],"wp:featuredmedia":[{"embeddable":true,"href":"https:\/\/rms-enlinea.com.ar\/tienda\/wp-json\/wp\/v2\/media\/52596"}],"wp:attachment":[{"href":"https:\/\/rms-enlinea.com.ar\/tienda\/wp-json\/wp\/v2\/media?parent=52595"}],"wp:term":[{"taxonomy":"product_brand","embeddable":true,"href":"https:\/\/rms-enlinea.com.ar\/tienda\/wp-json\/wp\/v2\/product_brand?post=52595"},{"taxonomy":"product_cat","embeddable":true,"href":"https:\/\/rms-enlinea.com.ar\/tienda\/wp-json\/wp\/v2\/product_cat?post=52595"},{"taxonomy":"product_tag","embeddable":true,"href":"https:\/\/rms-enlinea.com.ar\/tienda\/wp-json\/wp\/v2\/product_tag?post=52595"}],"curies":[{"name":"wp","href":"https:\/\/api.w.org\/{rel}","templated":true}]}}