{"id":52641,"date":"2025-07-30T23:20:07","date_gmt":"2025-07-31T02:20:07","guid":{"rendered":"https:\/\/rms-enlinea.com.ar\/tienda\/producto\/gabinete-thermaltake-s200-mid-tower-4-fans-argb-black\/"},"modified":"2026-04-02T18:00:27","modified_gmt":"2026-04-02T21:00:27","slug":"gabinete-thermaltake-s200-mid-tower-4-fans-argb-black","status":"publish","type":"product","link":"https:\/\/rms-enlinea.com.ar\/tienda\/producto\/gabinete-thermaltake-s200-mid-tower-4-fans-argb-black\/","title":{"rendered":"Gabinete Thermaltake S200 Mid Tower 4 Fans Argb Black"},"content":{"rendered":"<p>Modelo: S200 C+F.<\/p>\n<p>Serie: Serie S.<\/p>\n<p>Tipo de caso: Mid Tower.<\/p>\n<p>Dimensiones: 460 x 210 x 395,3 mm (18,11 x 8,27 x 15,56 pulgadas).<\/p>\n<p>Peso: 4,9 kg\/10,8 libras.<\/p>\n<p>Panel lateral: Vidrio templado x 1.<\/p>\n<p>Color: Negro.<\/p>\n<p>Sistema de enfriamiento: frontal (entrada): Ventilador ARGB Lite de 120 x 120 x 25 mm (1000 rpm).<\/p>\n<p>Bah\u00edas de unidad: 2 x 3,5&#8243;.<\/p>\n<p>Ranuras de expansi\u00f3n: 7.<\/p>\n<p>Placa madre: 6,7&#8243; x 6,7&#8243; (Mini-ITX).<\/p>\n<p>Puerto de E\/S: USB 3.0 x 2.<\/p>\n<p>Fuente de alimentaci\u00f3n: fuente de alimentaci\u00f3n PS2 est\u00e1ndar (opcional).<\/p>\n<p>Apoyo de los fans: delantero: 3 x 120 mm.<\/p>\n<p>Soporte del radiador: delantero: 1 x 360 mm.<\/p>\n","protected":false},"excerpt":{"rendered":"<p>Modelo: S200 C+F. Serie: Serie S. Tipo de caso: Mid Tower. Dimensiones: 460 x 210 x 395,3 mm (18,11 x 8,27 x 15,56 pulgadas). Peso: 4,9 kg\/10,8 libras. Panel lateral: Vidrio templado x 1. Color: Negro. Sistema de enfriamiento: frontal (entrada): Ventilador ARGB Lite de 120 x 120 x 25 mm (1000 rpm). Bah\u00edas de [&hellip;]<\/p>\n","protected":false},"featured_media":52642,"comment_status":"open","ping_status":"closed","template":"","meta":{"_uag_custom_page_level_css":""},"product_brand":[561],"product_cat":[109],"product_tag":[],"class_list":{"0":"post-52641","1":"product","2":"type-product","3":"status-publish","4":"has-post-thumbnail","6":"product_brand-thermaltake","7":"product_cat-gabinetes","9":"first","10":"instock","11":"sale","12":"taxable","13":"shipping-taxable","14":"purchasable","15":"product-type-simple"},"uagb_featured_image_src":{"full":["https:\/\/rms-enlinea.com.ar\/wp-content\/uploads\/2025\/07\/D_838660-MLA88650012822_072025-F.jpg",510,1200,false],"thumbnail":["https:\/\/rms-enlinea.com.ar\/wp-content\/uploads\/2025\/07\/D_838660-MLA88650012822_072025-F-150x150.jpg",150,150,true],"medium":["https:\/\/rms-enlinea.com.ar\/wp-content\/uploads\/2025\/07\/D_838660-MLA88650012822_072025-F-128x300.jpg",128,300,true],"medium_large":["https:\/\/rms-enlinea.com.ar\/wp-content\/uploads\/2025\/07\/D_838660-MLA88650012822_072025-F.jpg",510,1200,false],"large":["https:\/\/rms-enlinea.com.ar\/wp-content\/uploads\/2025\/07\/D_838660-MLA88650012822_072025-F-435x1024.jpg",435,1024,true],"1536x1536":["https:\/\/rms-enlinea.com.ar\/wp-content\/uploads\/2025\/07\/D_838660-MLA88650012822_072025-F.jpg",510,1200,false],"2048x2048":["https:\/\/rms-enlinea.com.ar\/wp-content\/uploads\/2025\/07\/D_838660-MLA88650012822_072025-F.jpg",510,1200,false],"woocommerce_thumbnail":["https:\/\/rms-enlinea.com.ar\/wp-content\/uploads\/2025\/07\/D_838660-MLA88650012822_072025-F-450x450.jpg",450,450,true],"woocommerce_single":["https:\/\/rms-enlinea.com.ar\/wp-content\/uploads\/2025\/07\/D_838660-MLA88650012822_072025-F.jpg",510,1200,false],"woocommerce_gallery_thumbnail":["https:\/\/rms-enlinea.com.ar\/wp-content\/uploads\/2025\/07\/D_838660-MLA88650012822_072025-F-100x100.jpg",100,100,true]},"uagb_author_info":{"display_name":"nelson","author_link":"https:\/\/rms-enlinea.com.ar\/tienda\/author\/"},"uagb_comment_info":0,"uagb_excerpt":"Modelo: S200 C+F. Serie: Serie S. Tipo de caso: Mid Tower. Dimensiones: 460 x 210 x 395,3 mm (18,11 x 8,27 x 15,56 pulgadas). Peso: 4,9 kg\/10,8 libras. Panel lateral: Vidrio templado x 1. Color: Negro. Sistema de enfriamiento: frontal (entrada): Ventilador ARGB Lite de 120 x 120 x 25 mm (1000 rpm). Bah\u00edas de&hellip;","_links":{"self":[{"href":"https:\/\/rms-enlinea.com.ar\/tienda\/wp-json\/wp\/v2\/product\/52641","targetHints":{"allow":["GET"]}}],"collection":[{"href":"https:\/\/rms-enlinea.com.ar\/tienda\/wp-json\/wp\/v2\/product"}],"about":[{"href":"https:\/\/rms-enlinea.com.ar\/tienda\/wp-json\/wp\/v2\/types\/product"}],"replies":[{"embeddable":true,"href":"https:\/\/rms-enlinea.com.ar\/tienda\/wp-json\/wp\/v2\/comments?post=52641"}],"wp:featuredmedia":[{"embeddable":true,"href":"https:\/\/rms-enlinea.com.ar\/tienda\/wp-json\/wp\/v2\/media\/52642"}],"wp:attachment":[{"href":"https:\/\/rms-enlinea.com.ar\/tienda\/wp-json\/wp\/v2\/media?parent=52641"}],"wp:term":[{"taxonomy":"product_brand","embeddable":true,"href":"https:\/\/rms-enlinea.com.ar\/tienda\/wp-json\/wp\/v2\/product_brand?post=52641"},{"taxonomy":"product_cat","embeddable":true,"href":"https:\/\/rms-enlinea.com.ar\/tienda\/wp-json\/wp\/v2\/product_cat?post=52641"},{"taxonomy":"product_tag","embeddable":true,"href":"https:\/\/rms-enlinea.com.ar\/tienda\/wp-json\/wp\/v2\/product_tag?post=52641"}],"curies":[{"name":"wp","href":"https:\/\/api.w.org\/{rel}","templated":true}]}}