{"id":52664,"date":"2025-07-31T00:11:34","date_gmt":"2025-07-31T03:11:34","guid":{"rendered":"https:\/\/rms-enlinea.com.ar\/tienda\/producto\/procesador-intel-core-i3-14100-raptorlake-lga1700-c-graficos\/"},"modified":"2026-03-31T19:47:25","modified_gmt":"2026-03-31T22:47:25","slug":"procesador-intel-core-i3-14100-raptorlake-lga1700-c-graficos","status":"publish","type":"product","link":"https:\/\/rms-enlinea.com.ar\/tienda\/producto\/procesador-intel-core-i3-14100-raptorlake-lga1700-c-graficos\/","title":{"rendered":"Procesador Intel Core I3 14100 Raptorlake Lga1700 C\/graficos"},"content":{"rendered":"<p>Especificaciones de la CPU<br \/>\nCantidad de n\u00facleos<br \/>\n4<br \/>\nCantidad de Performance-cores<br \/>\n4<br \/>\nCantidad de Efficient-cores<br \/>\n0<br \/>\nTotal de subprocesos<br \/>\n8<br \/>\nFrecuencia turbo m\u00e1xima<br \/>\n4.7 GHz<br \/>\nFrecuencia turbo m\u00e1xima del Performance-core<br \/>\n4.7 GHz<br \/>\nFrecuencia base de Performance-core<br \/>\n3.5 GHz<br \/>\nCach\u00e9<br \/>\n12 MB Intel\u00ae Smart Cache<br \/>\nCach\u00e9 L2 total<br \/>\n5 MB<br \/>\nPotencia base del procesador<br \/>\n60 W<br \/>\nPotencia turbo m\u00e1xima<br \/>\n110 W<\/p>\n","protected":false},"excerpt":{"rendered":"<p>Especificaciones de la CPU Cantidad de n\u00facleos 4 Cantidad de Performance-cores 4 Cantidad de Efficient-cores 0 Total de subprocesos 8 Frecuencia turbo m\u00e1xima 4.7 GHz Frecuencia turbo m\u00e1xima del Performance-core 4.7 GHz Frecuencia base de Performance-core 3.5 GHz Cach\u00e9 12 MB Intel\u00ae Smart Cache Cach\u00e9 L2 total 5 MB Potencia base del procesador 60 W [&hellip;]<\/p>\n","protected":false},"featured_media":52665,"comment_status":"open","ping_status":"closed","template":"","meta":{"_uag_custom_page_level_css":""},"product_brand":[530],"product_cat":[121],"product_tag":[],"class_list":{"0":"post-52664","1":"product","2":"type-product","3":"status-publish","4":"has-post-thumbnail","6":"product_brand-intel","7":"product_cat-procesadores-computacion","9":"first","10":"outofstock","11":"sale","12":"taxable","13":"shipping-taxable","14":"purchasable","15":"product-type-simple"},"uagb_featured_image_src":{"full":["https:\/\/rms-enlinea.com.ar\/wp-content\/uploads\/2025\/07\/D_747716-MLA89005284007_072025-F.jpg",1123,1200,false],"thumbnail":["https:\/\/rms-enlinea.com.ar\/wp-content\/uploads\/2025\/07\/D_747716-MLA89005284007_072025-F-150x150.jpg",150,150,true],"medium":["https:\/\/rms-enlinea.com.ar\/wp-content\/uploads\/2025\/07\/D_747716-MLA89005284007_072025-F-281x300.jpg",281,300,true],"medium_large":["https:\/\/rms-enlinea.com.ar\/wp-content\/uploads\/2025\/07\/D_747716-MLA89005284007_072025-F-768x821.jpg",768,821,true],"large":["https:\/\/rms-enlinea.com.ar\/wp-content\/uploads\/2025\/07\/D_747716-MLA89005284007_072025-F-958x1024.jpg",958,1024,true],"1536x1536":["https:\/\/rms-enlinea.com.ar\/wp-content\/uploads\/2025\/07\/D_747716-MLA89005284007_072025-F.jpg",1123,1200,false],"2048x2048":["https:\/\/rms-enlinea.com.ar\/wp-content\/uploads\/2025\/07\/D_747716-MLA89005284007_072025-F.jpg",1123,1200,false],"woocommerce_thumbnail":["https:\/\/rms-enlinea.com.ar\/wp-content\/uploads\/2025\/07\/D_747716-MLA89005284007_072025-F-450x450.jpg",450,450,true],"woocommerce_single":["https:\/\/rms-enlinea.com.ar\/wp-content\/uploads\/2025\/07\/D_747716-MLA89005284007_072025-F-600x641.jpg",600,641,true],"woocommerce_gallery_thumbnail":["https:\/\/rms-enlinea.com.ar\/wp-content\/uploads\/2025\/07\/D_747716-MLA89005284007_072025-F-100x100.jpg",100,100,true]},"uagb_author_info":{"display_name":"nelson","author_link":"https:\/\/rms-enlinea.com.ar\/tienda\/author\/"},"uagb_comment_info":0,"uagb_excerpt":"Especificaciones de la CPU Cantidad de n\u00facleos 4 Cantidad de Performance-cores 4 Cantidad de Efficient-cores 0 Total de subprocesos 8 Frecuencia turbo m\u00e1xima 4.7 GHz Frecuencia turbo m\u00e1xima del Performance-core 4.7 GHz Frecuencia base de Performance-core 3.5 GHz Cach\u00e9 12 MB Intel\u00ae Smart Cache Cach\u00e9 L2 total 5 MB Potencia base del procesador 60 W&hellip;","_links":{"self":[{"href":"https:\/\/rms-enlinea.com.ar\/tienda\/wp-json\/wp\/v2\/product\/52664","targetHints":{"allow":["GET"]}}],"collection":[{"href":"https:\/\/rms-enlinea.com.ar\/tienda\/wp-json\/wp\/v2\/product"}],"about":[{"href":"https:\/\/rms-enlinea.com.ar\/tienda\/wp-json\/wp\/v2\/types\/product"}],"replies":[{"embeddable":true,"href":"https:\/\/rms-enlinea.com.ar\/tienda\/wp-json\/wp\/v2\/comments?post=52664"}],"wp:featuredmedia":[{"embeddable":true,"href":"https:\/\/rms-enlinea.com.ar\/tienda\/wp-json\/wp\/v2\/media\/52665"}],"wp:attachment":[{"href":"https:\/\/rms-enlinea.com.ar\/tienda\/wp-json\/wp\/v2\/media?parent=52664"}],"wp:term":[{"taxonomy":"product_brand","embeddable":true,"href":"https:\/\/rms-enlinea.com.ar\/tienda\/wp-json\/wp\/v2\/product_brand?post=52664"},{"taxonomy":"product_cat","embeddable":true,"href":"https:\/\/rms-enlinea.com.ar\/tienda\/wp-json\/wp\/v2\/product_cat?post=52664"},{"taxonomy":"product_tag","embeddable":true,"href":"https:\/\/rms-enlinea.com.ar\/tienda\/wp-json\/wp\/v2\/product_tag?post=52664"}],"curies":[{"name":"wp","href":"https:\/\/api.w.org\/{rel}","templated":true}]}}