{"id":52704,"date":"2025-07-31T11:41:39","date_gmt":"2025-07-31T14:41:39","guid":{"rendered":"https:\/\/rms-enlinea.com.ar\/tienda\/producto\/procesador-amd-ryzen-5-8600g-radeon-6-cores-4-3ghz-am5\/"},"modified":"2026-02-20T18:41:52","modified_gmt":"2026-02-20T21:41:52","slug":"procesador-amd-ryzen-5-8600g-radeon-6-cores-4-3ghz-am5","status":"publish","type":"product","link":"https:\/\/rms-enlinea.com.ar\/tienda\/producto\/procesador-amd-ryzen-5-8600g-radeon-6-cores-4-3ghz-am5\/","title":{"rendered":"Procesador Amd Ryzen 5 8600g Radeon 6 Cores 4.3ghz Am5"},"content":{"rendered":"<p>General Specifications<br \/>\nRegional Availability<br \/>\nGlobal<br \/>\nPlataforma<br \/>\nComputadora de escritorio<br \/>\nFamilia de productos<br \/>\nAMD Ryzen\u2122 Processors<br \/>\nL\u00ednea de productos<br \/>\nAMD Ryzen\u2122 5 8000 G-Series Desktop Processors with Radeon\u2122 Graphics<br \/>\nN.\u00b0 de n\u00facleos de CPU<br \/>\n6<br \/>\nN.\u00b0 de subprocesos<br \/>\n12<br \/>\nReloj de aumento m\u00e1x.<br \/>\nHasta 5.0GHz<br \/>\nReloj base<br \/>\n4.3GHz<br \/>\nCach\u00e9 L2 total<br \/>\n6MB<br \/>\nCach\u00e9 L3 total<br \/>\n16MB<br \/>\nTDP\/TDP predeterminado<br \/>\n65W<br \/>\nAMD Configurable TDP (cTDP)<br \/>\n45-65W<br \/>\nProcessor Technology for CPU Cores<br \/>\nTSMC 4nm FinFET<br \/>\nDesbloqueados<br \/>\nS\u00ed<br \/>\nPaquete<br \/>\nAM5<br \/>\nTemp. m\u00e1x.<br \/>\n95\u00b0C<\/p>\n","protected":false},"excerpt":{"rendered":"<p>General Specifications Regional Availability Global Plataforma Computadora de escritorio Familia de productos AMD Ryzen\u2122 Processors L\u00ednea de productos AMD Ryzen\u2122 5 8000 G-Series Desktop Processors with Radeon\u2122 Graphics N.\u00b0 de n\u00facleos de CPU 6 N.\u00b0 de subprocesos 12 Reloj de aumento m\u00e1x. Hasta 5.0GHz Reloj base 4.3GHz Cach\u00e9 L2 total 6MB Cach\u00e9 L3 total 16MB [&hellip;]<\/p>\n","protected":false},"featured_media":39056,"comment_status":"open","ping_status":"closed","template":"","meta":{"_uag_custom_page_level_css":""},"product_brand":[531],"product_cat":[121],"product_tag":[],"class_list":{"0":"post-52704","1":"product","2":"type-product","3":"status-publish","4":"has-post-thumbnail","6":"product_brand-amd","7":"product_cat-procesadores-computacion","9":"first","10":"instock","11":"sale","12":"taxable","13":"shipping-taxable","14":"purchasable","15":"product-type-simple"},"uagb_featured_image_src":{"full":["https:\/\/rms-enlinea.com.ar\/wp-content\/uploads\/2025\/06\/D_854492-MLA74326756849_012024-F.jpg",1200,1094,false],"thumbnail":["https:\/\/rms-enlinea.com.ar\/wp-content\/uploads\/2025\/06\/D_854492-MLA74326756849_012024-F-150x150.jpg",150,150,true],"medium":["https:\/\/rms-enlinea.com.ar\/wp-content\/uploads\/2025\/06\/D_854492-MLA74326756849_012024-F-300x274.jpg",300,274,true],"medium_large":["https:\/\/rms-enlinea.com.ar\/wp-content\/uploads\/2025\/06\/D_854492-MLA74326756849_012024-F-768x700.jpg",768,700,true],"large":["https:\/\/rms-enlinea.com.ar\/wp-content\/uploads\/2025\/06\/D_854492-MLA74326756849_012024-F-1024x934.jpg",1024,934,true],"1536x1536":["https:\/\/rms-enlinea.com.ar\/wp-content\/uploads\/2025\/06\/D_854492-MLA74326756849_012024-F.jpg",1200,1094,false],"2048x2048":["https:\/\/rms-enlinea.com.ar\/wp-content\/uploads\/2025\/06\/D_854492-MLA74326756849_012024-F.jpg",1200,1094,false],"woocommerce_thumbnail":["https:\/\/rms-enlinea.com.ar\/wp-content\/uploads\/2025\/06\/D_854492-MLA74326756849_012024-F-450x450.jpg",450,450,true],"woocommerce_single":["https:\/\/rms-enlinea.com.ar\/wp-content\/uploads\/2025\/06\/D_854492-MLA74326756849_012024-F-600x547.jpg",600,547,true],"woocommerce_gallery_thumbnail":["https:\/\/rms-enlinea.com.ar\/wp-content\/uploads\/2025\/06\/D_854492-MLA74326756849_012024-F-100x100.jpg",100,100,true]},"uagb_author_info":{"display_name":"nelson","author_link":"https:\/\/rms-enlinea.com.ar\/tienda\/author\/"},"uagb_comment_info":0,"uagb_excerpt":"General Specifications Regional Availability Global Plataforma Computadora de escritorio Familia de productos AMD Ryzen\u2122 Processors L\u00ednea de productos AMD Ryzen\u2122 5 8000 G-Series Desktop Processors with Radeon\u2122 Graphics N.\u00b0 de n\u00facleos de CPU 6 N.\u00b0 de subprocesos 12 Reloj de aumento m\u00e1x. Hasta 5.0GHz Reloj base 4.3GHz Cach\u00e9 L2 total 6MB Cach\u00e9 L3 total 16MB&hellip;","_links":{"self":[{"href":"https:\/\/rms-enlinea.com.ar\/tienda\/wp-json\/wp\/v2\/product\/52704","targetHints":{"allow":["GET"]}}],"collection":[{"href":"https:\/\/rms-enlinea.com.ar\/tienda\/wp-json\/wp\/v2\/product"}],"about":[{"href":"https:\/\/rms-enlinea.com.ar\/tienda\/wp-json\/wp\/v2\/types\/product"}],"replies":[{"embeddable":true,"href":"https:\/\/rms-enlinea.com.ar\/tienda\/wp-json\/wp\/v2\/comments?post=52704"}],"wp:featuredmedia":[{"embeddable":true,"href":"https:\/\/rms-enlinea.com.ar\/tienda\/wp-json\/wp\/v2\/media\/39056"}],"wp:attachment":[{"href":"https:\/\/rms-enlinea.com.ar\/tienda\/wp-json\/wp\/v2\/media?parent=52704"}],"wp:term":[{"taxonomy":"product_brand","embeddable":true,"href":"https:\/\/rms-enlinea.com.ar\/tienda\/wp-json\/wp\/v2\/product_brand?post=52704"},{"taxonomy":"product_cat","embeddable":true,"href":"https:\/\/rms-enlinea.com.ar\/tienda\/wp-json\/wp\/v2\/product_cat?post=52704"},{"taxonomy":"product_tag","embeddable":true,"href":"https:\/\/rms-enlinea.com.ar\/tienda\/wp-json\/wp\/v2\/product_tag?post=52704"}],"curies":[{"name":"wp","href":"https:\/\/api.w.org\/{rel}","templated":true}]}}