{"id":52707,"date":"2025-07-31T11:42:44","date_gmt":"2025-07-31T14:42:44","guid":{"rendered":"https:\/\/rms-enlinea.com.ar\/tienda\/producto\/mouse-logitech-g502x-gaming-25600-dpi-rgb-sensor-hero\/"},"modified":"2026-04-16T11:50:18","modified_gmt":"2026-04-16T14:50:18","slug":"mouse-logitech-g502x-gaming-25600-dpi-rgb-sensor-hero","status":"publish","type":"product","link":"https:\/\/rms-enlinea.com.ar\/tienda\/producto\/mouse-logitech-g502x-gaming-25600-dpi-rgb-sensor-hero\/","title":{"rendered":"Mouse Logitech G502x Gaming 25600 Dpi Rgb Sensor Hero"},"content":{"rendered":"<p>ESPECIFICACIONES PRINCIPALES<br \/>\n89 gramos<\/p>\n<p>5 perfiles en la memoria integrada<\/p>\n<p>Pies de PTFE de baja fricci\u00f3n<\/p>\n<p>ESPECIFICACIONES F\u00cdSICAS<br \/>\nPeso: 89 g<\/p>\n<p>Altura: 131,4 mm<\/p>\n<p>Ancho: 41,1 mm<\/p>\n<p>Profundidad: 79,2 mm<\/p>\n<p>ESPECIFICACIONES T\u00c9CNICAS<br \/>\nHasta 5 perfiles de memoria integrada<\/p>\n<p>Pies de PTFE<\/p>\n<p>13 controles programables<\/p>\n<p>SEGUIMIENTO<br \/>\nSensor: HERO 25K<\/p>\n<p>Resoluci\u00f3n: 100 \u2013 25.600 dpi<\/p>\n<p>Aceleraci\u00f3n m\u00e1x.: &gt;40G2<\/p>\n<p>Velocidad m\u00e1x.: &gt;400 IPS2<\/p>\n<p>Sin suavizado\/aceleraci\u00f3n\/filtros<\/p>\n","protected":false},"excerpt":{"rendered":"<p>ESPECIFICACIONES PRINCIPALES 89 gramos 5 perfiles en la memoria integrada Pies de PTFE de baja fricci\u00f3n ESPECIFICACIONES F\u00cdSICAS Peso: 89 g Altura: 131,4 mm Ancho: 41,1 mm Profundidad: 79,2 mm ESPECIFICACIONES T\u00c9CNICAS Hasta 5 perfiles de memoria integrada Pies de PTFE 13 controles programables SEGUIMIENTO Sensor: HERO 25K Resoluci\u00f3n: 100 \u2013 25.600 dpi Aceleraci\u00f3n m\u00e1x.: [&hellip;]<\/p>\n","protected":false},"featured_media":307,"comment_status":"open","ping_status":"closed","template":"","meta":{"_uag_custom_page_level_css":""},"product_brand":[549],"product_cat":[125],"product_tag":[],"class_list":{"0":"post-52707","1":"product","2":"type-product","3":"status-publish","4":"has-post-thumbnail","6":"product_brand-logitech","7":"product_cat-teclados-y-mouses","9":"first","10":"outofstock","11":"sale","12":"taxable","13":"shipping-taxable","14":"purchasable","15":"product-type-simple"},"uagb_featured_image_src":{"full":["https:\/\/rms-enlinea.com.ar\/wp-content\/uploads\/2025\/06\/D_635031-MLU70993999694_082023-F.jpg",1124,500,false],"thumbnail":["https:\/\/rms-enlinea.com.ar\/wp-content\/uploads\/2025\/06\/D_635031-MLU70993999694_082023-F-150x150.jpg",150,150,true],"medium":["https:\/\/rms-enlinea.com.ar\/wp-content\/uploads\/2025\/06\/D_635031-MLU70993999694_082023-F-300x133.jpg",300,133,true],"medium_large":["https:\/\/rms-enlinea.com.ar\/wp-content\/uploads\/2025\/06\/D_635031-MLU70993999694_082023-F-768x342.jpg",768,342,true],"large":["https:\/\/rms-enlinea.com.ar\/wp-content\/uploads\/2025\/06\/D_635031-MLU70993999694_082023-F-1024x456.jpg",1024,456,true],"1536x1536":["https:\/\/rms-enlinea.com.ar\/wp-content\/uploads\/2025\/06\/D_635031-MLU70993999694_082023-F.jpg",1124,500,false],"2048x2048":["https:\/\/rms-enlinea.com.ar\/wp-content\/uploads\/2025\/06\/D_635031-MLU70993999694_082023-F.jpg",1124,500,false],"woocommerce_thumbnail":["https:\/\/rms-enlinea.com.ar\/wp-content\/uploads\/2025\/06\/D_635031-MLU70993999694_082023-F-450x450.jpg",450,450,true],"woocommerce_single":["https:\/\/rms-enlinea.com.ar\/wp-content\/uploads\/2025\/06\/D_635031-MLU70993999694_082023-F-600x267.jpg",600,267,true],"woocommerce_gallery_thumbnail":["https:\/\/rms-enlinea.com.ar\/wp-content\/uploads\/2025\/06\/D_635031-MLU70993999694_082023-F-100x100.jpg",100,100,true]},"uagb_author_info":{"display_name":"nelson","author_link":"https:\/\/rms-enlinea.com.ar\/tienda\/author\/"},"uagb_comment_info":0,"uagb_excerpt":"ESPECIFICACIONES PRINCIPALES 89 gramos 5 perfiles en la memoria integrada Pies de PTFE de baja fricci\u00f3n ESPECIFICACIONES F\u00cdSICAS Peso: 89 g Altura: 131,4 mm Ancho: 41,1 mm Profundidad: 79,2 mm ESPECIFICACIONES T\u00c9CNICAS Hasta 5 perfiles de memoria integrada Pies de PTFE 13 controles programables SEGUIMIENTO Sensor: HERO 25K Resoluci\u00f3n: 100 \u2013 25.600 dpi Aceleraci\u00f3n m\u00e1x.:&hellip;","_links":{"self":[{"href":"https:\/\/rms-enlinea.com.ar\/tienda\/wp-json\/wp\/v2\/product\/52707","targetHints":{"allow":["GET"]}}],"collection":[{"href":"https:\/\/rms-enlinea.com.ar\/tienda\/wp-json\/wp\/v2\/product"}],"about":[{"href":"https:\/\/rms-enlinea.com.ar\/tienda\/wp-json\/wp\/v2\/types\/product"}],"replies":[{"embeddable":true,"href":"https:\/\/rms-enlinea.com.ar\/tienda\/wp-json\/wp\/v2\/comments?post=52707"}],"wp:featuredmedia":[{"embeddable":true,"href":"https:\/\/rms-enlinea.com.ar\/tienda\/wp-json\/wp\/v2\/media\/307"}],"wp:attachment":[{"href":"https:\/\/rms-enlinea.com.ar\/tienda\/wp-json\/wp\/v2\/media?parent=52707"}],"wp:term":[{"taxonomy":"product_brand","embeddable":true,"href":"https:\/\/rms-enlinea.com.ar\/tienda\/wp-json\/wp\/v2\/product_brand?post=52707"},{"taxonomy":"product_cat","embeddable":true,"href":"https:\/\/rms-enlinea.com.ar\/tienda\/wp-json\/wp\/v2\/product_cat?post=52707"},{"taxonomy":"product_tag","embeddable":true,"href":"https:\/\/rms-enlinea.com.ar\/tienda\/wp-json\/wp\/v2\/product_tag?post=52707"}],"curies":[{"name":"wp","href":"https:\/\/api.w.org\/{rel}","templated":true}]}}