{"id":52710,"date":"2025-07-31T11:43:49","date_gmt":"2025-07-31T14:43:49","guid":{"rendered":"https:\/\/rms-enlinea.com.ar\/tienda\/producto\/teclado-y-mouse-genius-km-170-combo-usb-cable\/"},"modified":"2026-04-21T03:51:57","modified_gmt":"2026-04-21T06:51:57","slug":"teclado-y-mouse-genius-km-170-combo-usb-cable","status":"publish","type":"product","link":"https:\/\/rms-enlinea.com.ar\/tienda\/producto\/teclado-y-mouse-genius-km-170-combo-usb-cable\/","title":{"rendered":"Teclado Y Mouse Genius Km-170 Combo Usb Cable"},"content":{"rendered":"<p>Es gamer<\/p>\n<p>No<br \/>\nEs recargable<\/p>\n<p>No<br \/>\nEs inal\u00e1mbrico<\/p>\n<p>No<br \/>\nCondici\u00f3n del \u00edtem<\/p>\n<p>Nuevo<br \/>\nIdioma del teclado<\/p>\n<p>Espa\u00f1ol<br \/>\nModelo del teclado<\/p>\n<p>KM-170<br \/>\nModelo<\/p>\n<p>KM-170<br \/>\nModelo del mouse<\/p>\n<p>KM-170<br \/>\nMarca<\/p>\n<p>Genius<br \/>\nModelo detallado<\/p>\n<p>KM-170<br \/>\nIncluye bater\u00eda<\/p>\n<p>No<br \/>\nIncluye auriculares<\/p>\n<p>No<br \/>\nIncluye mouse pad<\/p>\n<p>No<br \/>\nIncluye parlantes<\/p>\n<p>No<\/p>\n","protected":false},"excerpt":{"rendered":"<p>Es gamer No Es recargable No Es inal\u00e1mbrico No Condici\u00f3n del \u00edtem Nuevo Idioma del teclado Espa\u00f1ol Modelo del teclado KM-170 Modelo KM-170 Modelo del mouse KM-170 Marca Genius Modelo detallado KM-170 Incluye bater\u00eda No Incluye auriculares No Incluye mouse pad No Incluye parlantes No<\/p>\n","protected":false},"featured_media":28236,"comment_status":"open","ping_status":"closed","template":"","meta":{"_uag_custom_page_level_css":""},"product_brand":[550],"product_cat":[125],"product_tag":[],"class_list":{"0":"post-52710","1":"product","2":"type-product","3":"status-publish","4":"has-post-thumbnail","6":"product_brand-genius","7":"product_cat-teclados-y-mouses","9":"first","10":"outofstock","11":"sale","12":"taxable","13":"shipping-taxable","14":"purchasable","15":"product-type-simple"},"uagb_featured_image_src":{"full":["https:\/\/rms-enlinea.com.ar\/wp-content\/uploads\/2025\/06\/D_709949-MLA75994106208_052024-F.jpg",1200,453,false],"thumbnail":["https:\/\/rms-enlinea.com.ar\/wp-content\/uploads\/2025\/06\/D_709949-MLA75994106208_052024-F-150x150.jpg",150,150,true],"medium":["https:\/\/rms-enlinea.com.ar\/wp-content\/uploads\/2025\/06\/D_709949-MLA75994106208_052024-F-300x113.jpg",300,113,true],"medium_large":["https:\/\/rms-enlinea.com.ar\/wp-content\/uploads\/2025\/06\/D_709949-MLA75994106208_052024-F-768x290.jpg",768,290,true],"large":["https:\/\/rms-enlinea.com.ar\/wp-content\/uploads\/2025\/06\/D_709949-MLA75994106208_052024-F-1024x387.jpg",1024,387,true],"1536x1536":["https:\/\/rms-enlinea.com.ar\/wp-content\/uploads\/2025\/06\/D_709949-MLA75994106208_052024-F.jpg",1200,453,false],"2048x2048":["https:\/\/rms-enlinea.com.ar\/wp-content\/uploads\/2025\/06\/D_709949-MLA75994106208_052024-F.jpg",1200,453,false],"woocommerce_thumbnail":["https:\/\/rms-enlinea.com.ar\/wp-content\/uploads\/2025\/06\/D_709949-MLA75994106208_052024-F-450x450.jpg",450,450,true],"woocommerce_single":["https:\/\/rms-enlinea.com.ar\/wp-content\/uploads\/2025\/06\/D_709949-MLA75994106208_052024-F-600x227.jpg",600,227,true],"woocommerce_gallery_thumbnail":["https:\/\/rms-enlinea.com.ar\/wp-content\/uploads\/2025\/06\/D_709949-MLA75994106208_052024-F-100x100.jpg",100,100,true]},"uagb_author_info":{"display_name":"nelson","author_link":"https:\/\/rms-enlinea.com.ar\/tienda\/author\/"},"uagb_comment_info":0,"uagb_excerpt":"Es gamer No Es recargable No Es inal\u00e1mbrico No Condici\u00f3n del \u00edtem Nuevo Idioma del teclado Espa\u00f1ol Modelo del teclado KM-170 Modelo KM-170 Modelo del mouse KM-170 Marca Genius Modelo detallado KM-170 Incluye bater\u00eda No Incluye auriculares No Incluye mouse pad No Incluye parlantes No","_links":{"self":[{"href":"https:\/\/rms-enlinea.com.ar\/tienda\/wp-json\/wp\/v2\/product\/52710","targetHints":{"allow":["GET"]}}],"collection":[{"href":"https:\/\/rms-enlinea.com.ar\/tienda\/wp-json\/wp\/v2\/product"}],"about":[{"href":"https:\/\/rms-enlinea.com.ar\/tienda\/wp-json\/wp\/v2\/types\/product"}],"replies":[{"embeddable":true,"href":"https:\/\/rms-enlinea.com.ar\/tienda\/wp-json\/wp\/v2\/comments?post=52710"}],"wp:featuredmedia":[{"embeddable":true,"href":"https:\/\/rms-enlinea.com.ar\/tienda\/wp-json\/wp\/v2\/media\/28236"}],"wp:attachment":[{"href":"https:\/\/rms-enlinea.com.ar\/tienda\/wp-json\/wp\/v2\/media?parent=52710"}],"wp:term":[{"taxonomy":"product_brand","embeddable":true,"href":"https:\/\/rms-enlinea.com.ar\/tienda\/wp-json\/wp\/v2\/product_brand?post=52710"},{"taxonomy":"product_cat","embeddable":true,"href":"https:\/\/rms-enlinea.com.ar\/tienda\/wp-json\/wp\/v2\/product_cat?post=52710"},{"taxonomy":"product_tag","embeddable":true,"href":"https:\/\/rms-enlinea.com.ar\/tienda\/wp-json\/wp\/v2\/product_tag?post=52710"}],"curies":[{"name":"wp","href":"https:\/\/api.w.org\/{rel}","templated":true}]}}