{"id":52712,"date":"2025-07-31T11:43:59","date_gmt":"2025-07-31T14:43:59","guid":{"rendered":"https:\/\/rms-enlinea.com.ar\/tienda\/producto\/cabezal-movil-led-beam-100w-7-gobos-tecshow-alfie-beam\/"},"modified":"2026-04-11T02:30:23","modified_gmt":"2026-04-11T05:30:23","slug":"cabezal-movil-led-beam-100w-7-gobos-tecshow-alfie-beam","status":"publish","type":"product","link":"https:\/\/rms-enlinea.com.ar\/tienda\/producto\/cabezal-movil-led-beam-100w-7-gobos-tecshow-alfie-beam\/","title":{"rendered":"Cabezal Movil Led Beam 100w 7 Gobos Tecshow Alfie Beam 2"},"content":{"rendered":"<p>CABEZAL M\u00d3VIL BEAM &#8211; 1 LED 100W BLANCO<br \/>\nFUENTE &amp; \u00d3PTICAS<br \/>\nFUENTE DE LUZ: 1 LED BLANCO DE 100W<br \/>\n\u00c1NGULO DE HAZ: 3\u00ba<br \/>\nVIDA \u00daTIL: 50.000 HORAS<\/p>\n<p>EFECTOS Y FUNCIONES<br \/>\nRUEDA DE COLORES: 7 COLORES + BLANCO, EFECTO ARCO\u00cdRIS<br \/>\nGOBO: 7 GOBOS FIJOS+BLANCO, EFECTO GOBO SHAKE<br \/>\nPRISMA ROTATIVO DE 6 CARAS<br \/>\nDIMMER ELECTR\u00d3NICO: 0-100%<br \/>\nEFECTO ESTROBO: 20 FLASHES POR SEGUNDO<\/p>\n<p>CONTROL<br \/>\nDMX: 12 CANALES<br \/>\nMODOS DE OPERACI\u00d3N: DMX512, MASTER\/SLAVE, AUTO, AUDIOR\u00cdTMICO<br \/>\nCONTROL DE PAN\/TILT FINO DE 16 BIT<\/p>\n<p>MOVIMIENTO<br \/>\nPAN: 540\u00b0<br \/>\nTILT: 190\u00b0<br \/>\nPANEL DE \u00d3PTICA CON ROTACI\u00d3N DE ALTA VELOCIDAD<\/p>\n<p>F\u00cdSICO<br \/>\nDISPLAY: LED<br \/>\nDIMENSIONES: 290MMX210MMX250MM<br \/>\nPESO: 2.58 KG. \/ 5.68 LBS.<\/p>\n","protected":false},"excerpt":{"rendered":"<p>CABEZAL M\u00d3VIL BEAM &#8211; 1 LED 100W BLANCO FUENTE &amp; \u00d3PTICAS FUENTE DE LUZ: 1 LED BLANCO DE 100W \u00c1NGULO DE HAZ: 3\u00ba VIDA \u00daTIL: 50.000 HORAS EFECTOS Y FUNCIONES RUEDA DE COLORES: 7 COLORES + BLANCO, EFECTO ARCO\u00cdRIS GOBO: 7 GOBOS FIJOS+BLANCO, EFECTO GOBO SHAKE PRISMA ROTATIVO DE 6 CARAS DIMMER ELECTR\u00d3NICO: 0-100% EFECTO [&hellip;]<\/p>\n","protected":false},"featured_media":22050,"comment_status":"open","ping_status":"closed","template":"","meta":{"_uag_custom_page_level_css":""},"product_brand":[477],"product_cat":[84],"product_tag":[],"class_list":{"0":"post-52712","1":"product","2":"type-product","3":"status-publish","4":"has-post-thumbnail","6":"product_brand-ampro","7":"product_cat-cabezales-moviles","9":"first","10":"instock","11":"taxable","12":"shipping-taxable","13":"purchasable","14":"product-type-simple"},"uagb_featured_image_src":{"full":["https:\/\/rms-enlinea.com.ar\/wp-content\/uploads\/2025\/06\/D_871185-MLA83562589623_042025-F.jpg",606,877,false],"thumbnail":["https:\/\/rms-enlinea.com.ar\/wp-content\/uploads\/2025\/06\/D_871185-MLA83562589623_042025-F-150x150.jpg",150,150,true],"medium":["https:\/\/rms-enlinea.com.ar\/wp-content\/uploads\/2025\/06\/D_871185-MLA83562589623_042025-F-207x300.jpg",207,300,true],"medium_large":["https:\/\/rms-enlinea.com.ar\/wp-content\/uploads\/2025\/06\/D_871185-MLA83562589623_042025-F.jpg",606,877,false],"large":["https:\/\/rms-enlinea.com.ar\/wp-content\/uploads\/2025\/06\/D_871185-MLA83562589623_042025-F.jpg",606,877,false],"1536x1536":["https:\/\/rms-enlinea.com.ar\/wp-content\/uploads\/2025\/06\/D_871185-MLA83562589623_042025-F.jpg",606,877,false],"2048x2048":["https:\/\/rms-enlinea.com.ar\/wp-content\/uploads\/2025\/06\/D_871185-MLA83562589623_042025-F.jpg",606,877,false],"woocommerce_thumbnail":["https:\/\/rms-enlinea.com.ar\/wp-content\/uploads\/2025\/06\/D_871185-MLA83562589623_042025-F-450x450.jpg",450,450,true],"woocommerce_single":["https:\/\/rms-enlinea.com.ar\/wp-content\/uploads\/2025\/06\/D_871185-MLA83562589623_042025-F-600x868.jpg",600,868,true],"woocommerce_gallery_thumbnail":["https:\/\/rms-enlinea.com.ar\/wp-content\/uploads\/2025\/06\/D_871185-MLA83562589623_042025-F-100x100.jpg",100,100,true]},"uagb_author_info":{"display_name":"mario","author_link":"https:\/\/rms-enlinea.com.ar\/tienda\/author\/"},"uagb_comment_info":0,"uagb_excerpt":"CABEZAL M\u00d3VIL BEAM &#8211; 1 LED 100W BLANCO FUENTE &amp; \u00d3PTICAS FUENTE DE LUZ: 1 LED BLANCO DE 100W \u00c1NGULO DE HAZ: 3\u00ba VIDA \u00daTIL: 50.000 HORAS EFECTOS Y FUNCIONES RUEDA DE COLORES: 7 COLORES + BLANCO, EFECTO ARCO\u00cdRIS GOBO: 7 GOBOS FIJOS+BLANCO, EFECTO GOBO SHAKE PRISMA ROTATIVO DE 6 CARAS DIMMER ELECTR\u00d3NICO: 0-100% EFECTO&hellip;","_links":{"self":[{"href":"https:\/\/rms-enlinea.com.ar\/tienda\/wp-json\/wp\/v2\/product\/52712","targetHints":{"allow":["GET"]}}],"collection":[{"href":"https:\/\/rms-enlinea.com.ar\/tienda\/wp-json\/wp\/v2\/product"}],"about":[{"href":"https:\/\/rms-enlinea.com.ar\/tienda\/wp-json\/wp\/v2\/types\/product"}],"replies":[{"embeddable":true,"href":"https:\/\/rms-enlinea.com.ar\/tienda\/wp-json\/wp\/v2\/comments?post=52712"}],"wp:featuredmedia":[{"embeddable":true,"href":"https:\/\/rms-enlinea.com.ar\/tienda\/wp-json\/wp\/v2\/media\/22050"}],"wp:attachment":[{"href":"https:\/\/rms-enlinea.com.ar\/tienda\/wp-json\/wp\/v2\/media?parent=52712"}],"wp:term":[{"taxonomy":"product_brand","embeddable":true,"href":"https:\/\/rms-enlinea.com.ar\/tienda\/wp-json\/wp\/v2\/product_brand?post=52712"},{"taxonomy":"product_cat","embeddable":true,"href":"https:\/\/rms-enlinea.com.ar\/tienda\/wp-json\/wp\/v2\/product_cat?post=52712"},{"taxonomy":"product_tag","embeddable":true,"href":"https:\/\/rms-enlinea.com.ar\/tienda\/wp-json\/wp\/v2\/product_tag?post=52712"}],"curies":[{"name":"wp","href":"https:\/\/api.w.org\/{rel}","templated":true}]}}