{"id":52713,"date":"2025-07-31T11:44:45","date_gmt":"2025-07-31T14:44:45","guid":{"rendered":"https:\/\/rms-enlinea.com.ar\/tienda\/producto\/mouse-inalambrico-logitech-m280-grey-gris-1000dpi\/"},"modified":"2026-03-31T20:27:05","modified_gmt":"2026-03-31T23:27:05","slug":"mouse-inalambrico-logitech-m280-grey-gris-1000dpi","status":"publish","type":"product","link":"https:\/\/rms-enlinea.com.ar\/tienda\/producto\/mouse-inalambrico-logitech-m280-grey-gris-1000dpi\/","title":{"rendered":"Mouse Inalambrico Logitech M280 Grey Gris 1000dpi"},"content":{"rendered":"<p>Dimensiones<br \/>\nMouse<\/p>\n<p>Altura: 105.4 mm<br \/>\nAncho: 67.9 mm<br \/>\nProfundidad: 38.4 mm<br \/>\nPeso (con bater\u00edas): 78 g<br \/>\nReceptor USB<\/p>\n<p>Altura: 14,4 mm<br \/>\nAncho: 18,7 mm<br \/>\nProfundidad: 6,1 mm<br \/>\nPeso: 1,8 g<br \/>\nEspecificaciones t\u00e9cnicas<br \/>\nTecnolog\u00eda del sensor<br \/>\nSeguimiento \u00f3ptico uniforme<br \/>\nDPI (m\u00edn.\/m\u00e1x.): 1000\u00b1<\/p>\n","protected":false},"excerpt":{"rendered":"<p>Dimensiones Mouse Altura: 105.4 mm Ancho: 67.9 mm Profundidad: 38.4 mm Peso (con bater\u00edas): 78 g Receptor USB Altura: 14,4 mm Ancho: 18,7 mm Profundidad: 6,1 mm Peso: 1,8 g Especificaciones t\u00e9cnicas Tecnolog\u00eda del sensor Seguimiento \u00f3ptico uniforme DPI (m\u00edn.\/m\u00e1x.): 1000\u00b1<\/p>\n","protected":false},"featured_media":21710,"comment_status":"open","ping_status":"closed","template":"","meta":{"_uag_custom_page_level_css":""},"product_brand":[549],"product_cat":[125],"product_tag":[],"class_list":{"0":"post-52713","1":"product","2":"type-product","3":"status-publish","4":"has-post-thumbnail","6":"product_brand-logitech","7":"product_cat-teclados-y-mouses","9":"first","10":"outofstock","11":"sale","12":"taxable","13":"shipping-taxable","14":"purchasable","15":"product-type-simple"},"uagb_featured_image_src":{"full":["https:\/\/rms-enlinea.com.ar\/wp-content\/uploads\/2025\/06\/D_775551-MLA81621429774_012025-F.jpg",355,565,false],"thumbnail":["https:\/\/rms-enlinea.com.ar\/wp-content\/uploads\/2025\/06\/D_775551-MLA81621429774_012025-F-150x150.jpg",150,150,true],"medium":["https:\/\/rms-enlinea.com.ar\/wp-content\/uploads\/2025\/06\/D_775551-MLA81621429774_012025-F-188x300.jpg",188,300,true],"medium_large":["https:\/\/rms-enlinea.com.ar\/wp-content\/uploads\/2025\/06\/D_775551-MLA81621429774_012025-F.jpg",355,565,false],"large":["https:\/\/rms-enlinea.com.ar\/wp-content\/uploads\/2025\/06\/D_775551-MLA81621429774_012025-F.jpg",355,565,false],"1536x1536":["https:\/\/rms-enlinea.com.ar\/wp-content\/uploads\/2025\/06\/D_775551-MLA81621429774_012025-F.jpg",355,565,false],"2048x2048":["https:\/\/rms-enlinea.com.ar\/wp-content\/uploads\/2025\/06\/D_775551-MLA81621429774_012025-F.jpg",355,565,false],"woocommerce_thumbnail":["https:\/\/rms-enlinea.com.ar\/wp-content\/uploads\/2025\/06\/D_775551-MLA81621429774_012025-F-355x450.jpg",355,450,true],"woocommerce_single":["https:\/\/rms-enlinea.com.ar\/wp-content\/uploads\/2025\/06\/D_775551-MLA81621429774_012025-F.jpg",355,565,false],"woocommerce_gallery_thumbnail":["https:\/\/rms-enlinea.com.ar\/wp-content\/uploads\/2025\/06\/D_775551-MLA81621429774_012025-F-100x100.jpg",100,100,true]},"uagb_author_info":{"display_name":"nelson","author_link":"https:\/\/rms-enlinea.com.ar\/tienda\/author\/"},"uagb_comment_info":0,"uagb_excerpt":"Dimensiones Mouse Altura: 105.4 mm Ancho: 67.9 mm Profundidad: 38.4 mm Peso (con bater\u00edas): 78 g Receptor USB Altura: 14,4 mm Ancho: 18,7 mm Profundidad: 6,1 mm Peso: 1,8 g Especificaciones t\u00e9cnicas Tecnolog\u00eda del sensor Seguimiento \u00f3ptico uniforme DPI (m\u00edn.\/m\u00e1x.): 1000\u00b1","_links":{"self":[{"href":"https:\/\/rms-enlinea.com.ar\/tienda\/wp-json\/wp\/v2\/product\/52713","targetHints":{"allow":["GET"]}}],"collection":[{"href":"https:\/\/rms-enlinea.com.ar\/tienda\/wp-json\/wp\/v2\/product"}],"about":[{"href":"https:\/\/rms-enlinea.com.ar\/tienda\/wp-json\/wp\/v2\/types\/product"}],"replies":[{"embeddable":true,"href":"https:\/\/rms-enlinea.com.ar\/tienda\/wp-json\/wp\/v2\/comments?post=52713"}],"wp:featuredmedia":[{"embeddable":true,"href":"https:\/\/rms-enlinea.com.ar\/tienda\/wp-json\/wp\/v2\/media\/21710"}],"wp:attachment":[{"href":"https:\/\/rms-enlinea.com.ar\/tienda\/wp-json\/wp\/v2\/media?parent=52713"}],"wp:term":[{"taxonomy":"product_brand","embeddable":true,"href":"https:\/\/rms-enlinea.com.ar\/tienda\/wp-json\/wp\/v2\/product_brand?post=52713"},{"taxonomy":"product_cat","embeddable":true,"href":"https:\/\/rms-enlinea.com.ar\/tienda\/wp-json\/wp\/v2\/product_cat?post=52713"},{"taxonomy":"product_tag","embeddable":true,"href":"https:\/\/rms-enlinea.com.ar\/tienda\/wp-json\/wp\/v2\/product_tag?post=52713"}],"curies":[{"name":"wp","href":"https:\/\/api.w.org\/{rel}","templated":true}]}}