{"id":52720,"date":"2025-07-31T11:50:10","date_gmt":"2025-07-31T14:50:10","guid":{"rendered":"https:\/\/rms-enlinea.com.ar\/tienda\/producto\/teclado-inalambrico-logitech-touch-k400-plus-dark\/"},"modified":"2026-04-21T05:11:57","modified_gmt":"2026-04-21T08:11:57","slug":"teclado-inalambrico-logitech-touch-k400-plus-dark","status":"publish","type":"product","link":"https:\/\/rms-enlinea.com.ar\/tienda\/producto\/teclado-inalambrico-logitech-touch-k400-plus-dark\/","title":{"rendered":"Teclado Inalambrico Logitech Touch K400 Plus Dark"},"content":{"rendered":"<p>Dimensiones<\/p>\n<p>General<\/p>\n<p>Altura: 139,9 mm<br \/>\nAncho: 354,3 mm<br \/>\nProfundidad: 23,5 mm<br \/>\nPeso: 390 g (con bater\u00edas)<br \/>\nTouchpad<\/p>\n<p>Altura: 76 mm<br \/>\nAncho: 47 mm<br \/>\nEspecificaciones t\u00e9cnicas<\/p>\n<p>Tipo de conexi\u00f3n<\/p>\n<p>Logitech Unifying protocol (2.4 GHz)<br \/>\nRadio de acci\u00f3n inal\u00e1mbrico: &gt;10 m de alcance inal\u00e1mbrico<br \/>\nSoftware opcional<\/p>\n<p>Logitech Options<br \/>\nBater\u00eda<\/p>\n<p>Bater\u00eda: 2 AAA (incluidas)<br \/>\nBater\u00eda: 18 meses<br \/>\nBotones\/Teclas especiales<\/p>\n<p>Silencio y ajuste de volumen<br \/>\nConexi\u00f3n\/alimentaci\u00f3n: iPad mini (5. sukupolvi)<br \/>\nDuraci\u00f3n de las teclas<\/p>\n<p>Hasta 5 millones de pulsaciones<br \/>\nRuido al escribir<\/p>\n<p>Hasta 55 dBA para todas las teclas<br \/>\nSostenibilidad<\/p>\n<p>Pl\u00e1stico negro: 60% de material reciclado posconsumo<br \/>\nInformaci\u00f3n de garant\u00eda<\/p>\n<p>Un a\u00f1o de garant\u00eda de hardware limitada<\/p>\n<p>N\u00famero de referencia<\/p>\n<p>920-007123<\/p>\n","protected":false},"excerpt":{"rendered":"<p>Dimensiones General Altura: 139,9 mm Ancho: 354,3 mm Profundidad: 23,5 mm Peso: 390 g (con bater\u00edas) Touchpad Altura: 76 mm Ancho: 47 mm Especificaciones t\u00e9cnicas Tipo de conexi\u00f3n Logitech Unifying protocol (2.4 GHz) Radio de acci\u00f3n inal\u00e1mbrico: &gt;10 m de alcance inal\u00e1mbrico Software opcional Logitech Options Bater\u00eda Bater\u00eda: 2 AAA (incluidas) Bater\u00eda: 18 meses Botones\/Teclas [&hellip;]<\/p>\n","protected":false},"featured_media":52721,"comment_status":"open","ping_status":"closed","template":"","meta":{"_uag_custom_page_level_css":""},"product_brand":[549],"product_cat":[125],"product_tag":[],"class_list":{"0":"post-52720","1":"product","2":"type-product","3":"status-publish","4":"has-post-thumbnail","6":"product_brand-logitech","7":"product_cat-teclados-y-mouses","9":"first","10":"outofstock","11":"sale","12":"taxable","13":"shipping-taxable","14":"purchasable","15":"product-type-simple"},"uagb_featured_image_src":{"full":["https:\/\/rms-enlinea.com.ar\/wp-content\/uploads\/2025\/07\/D_934210-MLA88702205530_072025-F.jpg",1199,472,false],"thumbnail":["https:\/\/rms-enlinea.com.ar\/wp-content\/uploads\/2025\/07\/D_934210-MLA88702205530_072025-F-150x150.jpg",150,150,true],"medium":["https:\/\/rms-enlinea.com.ar\/wp-content\/uploads\/2025\/07\/D_934210-MLA88702205530_072025-F-300x118.jpg",300,118,true],"medium_large":["https:\/\/rms-enlinea.com.ar\/wp-content\/uploads\/2025\/07\/D_934210-MLA88702205530_072025-F-768x302.jpg",768,302,true],"large":["https:\/\/rms-enlinea.com.ar\/wp-content\/uploads\/2025\/07\/D_934210-MLA88702205530_072025-F-1024x403.jpg",1024,403,true],"1536x1536":["https:\/\/rms-enlinea.com.ar\/wp-content\/uploads\/2025\/07\/D_934210-MLA88702205530_072025-F.jpg",1199,472,false],"2048x2048":["https:\/\/rms-enlinea.com.ar\/wp-content\/uploads\/2025\/07\/D_934210-MLA88702205530_072025-F.jpg",1199,472,false],"woocommerce_thumbnail":["https:\/\/rms-enlinea.com.ar\/wp-content\/uploads\/2025\/07\/D_934210-MLA88702205530_072025-F-450x450.jpg",450,450,true],"woocommerce_single":["https:\/\/rms-enlinea.com.ar\/wp-content\/uploads\/2025\/07\/D_934210-MLA88702205530_072025-F-600x236.jpg",600,236,true],"woocommerce_gallery_thumbnail":["https:\/\/rms-enlinea.com.ar\/wp-content\/uploads\/2025\/07\/D_934210-MLA88702205530_072025-F-100x100.jpg",100,100,true]},"uagb_author_info":{"display_name":"nelson","author_link":"https:\/\/rms-enlinea.com.ar\/tienda\/author\/"},"uagb_comment_info":0,"uagb_excerpt":"Dimensiones General Altura: 139,9 mm Ancho: 354,3 mm Profundidad: 23,5 mm Peso: 390 g (con bater\u00edas) Touchpad Altura: 76 mm Ancho: 47 mm Especificaciones t\u00e9cnicas Tipo de conexi\u00f3n Logitech Unifying protocol (2.4 GHz) Radio de acci\u00f3n inal\u00e1mbrico: &gt;10 m de alcance inal\u00e1mbrico Software opcional Logitech Options Bater\u00eda Bater\u00eda: 2 AAA (incluidas) Bater\u00eda: 18 meses Botones\/Teclas&hellip;","_links":{"self":[{"href":"https:\/\/rms-enlinea.com.ar\/tienda\/wp-json\/wp\/v2\/product\/52720","targetHints":{"allow":["GET"]}}],"collection":[{"href":"https:\/\/rms-enlinea.com.ar\/tienda\/wp-json\/wp\/v2\/product"}],"about":[{"href":"https:\/\/rms-enlinea.com.ar\/tienda\/wp-json\/wp\/v2\/types\/product"}],"replies":[{"embeddable":true,"href":"https:\/\/rms-enlinea.com.ar\/tienda\/wp-json\/wp\/v2\/comments?post=52720"}],"wp:featuredmedia":[{"embeddable":true,"href":"https:\/\/rms-enlinea.com.ar\/tienda\/wp-json\/wp\/v2\/media\/52721"}],"wp:attachment":[{"href":"https:\/\/rms-enlinea.com.ar\/tienda\/wp-json\/wp\/v2\/media?parent=52720"}],"wp:term":[{"taxonomy":"product_brand","embeddable":true,"href":"https:\/\/rms-enlinea.com.ar\/tienda\/wp-json\/wp\/v2\/product_brand?post=52720"},{"taxonomy":"product_cat","embeddable":true,"href":"https:\/\/rms-enlinea.com.ar\/tienda\/wp-json\/wp\/v2\/product_cat?post=52720"},{"taxonomy":"product_tag","embeddable":true,"href":"https:\/\/rms-enlinea.com.ar\/tienda\/wp-json\/wp\/v2\/product_tag?post=52720"}],"curies":[{"name":"wp","href":"https:\/\/api.w.org\/{rel}","templated":true}]}}