{"id":52726,"date":"2025-07-31T12:00:30","date_gmt":"2025-07-31T15:00:30","guid":{"rendered":"https:\/\/rms-enlinea.com.ar\/tienda\/producto\/webcam-genius-s-facecam-1000x-v2-1-mpx-usb-720p\/"},"modified":"2026-04-11T12:30:16","modified_gmt":"2026-04-11T15:30:16","slug":"webcam-genius-s-facecam-1000x-v2-1-mpx-usb-720p","status":"publish","type":"product","link":"https:\/\/rms-enlinea.com.ar\/tienda\/producto\/webcam-genius-s-facecam-1000x-v2-1-mpx-usb-720p\/","title":{"rendered":"Webcam Genius S Facecam 1000x V2 1 Mpx Usb 720p"},"content":{"rendered":"<p>Marca<\/p>\n<p>Genius<br \/>\nInterfaces<\/p>\n<p>USB 2.0<br \/>\nL\u00ednea<\/p>\n<p>FaceCam<br \/>\nModelo<\/p>\n<p>1000X V2<br \/>\nResoluci\u00f3n de imagen<\/p>\n<p>1 Mpx<br \/>\nResoluci\u00f3n de video<\/p>\n<p>HD 720p<br \/>\nCon micr\u00f3fono incorporado<\/p>\n<p>S\u00ed<\/p>\n","protected":false},"excerpt":{"rendered":"<p>Marca Genius Interfaces USB 2.0 L\u00ednea FaceCam Modelo 1000X V2 Resoluci\u00f3n de imagen 1 Mpx Resoluci\u00f3n de video HD 720p Con micr\u00f3fono incorporado S\u00ed<\/p>\n","protected":false},"featured_media":44994,"comment_status":"open","ping_status":"closed","template":"","meta":{"_uag_custom_page_level_css":""},"product_brand":[550],"product_cat":[102],"product_tag":[],"class_list":{"0":"post-52726","1":"product","2":"type-product","3":"status-publish","4":"has-post-thumbnail","6":"product_brand-genius","7":"product_cat-camaras-webcam","9":"first","10":"instock","11":"sale","12":"taxable","13":"shipping-taxable","14":"purchasable","15":"product-type-simple"},"uagb_featured_image_src":{"full":["https:\/\/rms-enlinea.com.ar\/wp-content\/uploads\/2025\/06\/D_728028-MLA75993222206_052024-F.jpg",1105,1200,false],"thumbnail":["https:\/\/rms-enlinea.com.ar\/wp-content\/uploads\/2025\/06\/D_728028-MLA75993222206_052024-F-150x150.jpg",150,150,true],"medium":["https:\/\/rms-enlinea.com.ar\/wp-content\/uploads\/2025\/06\/D_728028-MLA75993222206_052024-F-276x300.jpg",276,300,true],"medium_large":["https:\/\/rms-enlinea.com.ar\/wp-content\/uploads\/2025\/06\/D_728028-MLA75993222206_052024-F-768x834.jpg",768,834,true],"large":["https:\/\/rms-enlinea.com.ar\/wp-content\/uploads\/2025\/06\/D_728028-MLA75993222206_052024-F-943x1024.jpg",943,1024,true],"1536x1536":["https:\/\/rms-enlinea.com.ar\/wp-content\/uploads\/2025\/06\/D_728028-MLA75993222206_052024-F.jpg",1105,1200,false],"2048x2048":["https:\/\/rms-enlinea.com.ar\/wp-content\/uploads\/2025\/06\/D_728028-MLA75993222206_052024-F.jpg",1105,1200,false],"woocommerce_thumbnail":["https:\/\/rms-enlinea.com.ar\/wp-content\/uploads\/2025\/06\/D_728028-MLA75993222206_052024-F-450x450.jpg",450,450,true],"woocommerce_single":["https:\/\/rms-enlinea.com.ar\/wp-content\/uploads\/2025\/06\/D_728028-MLA75993222206_052024-F-600x652.jpg",600,652,true],"woocommerce_gallery_thumbnail":["https:\/\/rms-enlinea.com.ar\/wp-content\/uploads\/2025\/06\/D_728028-MLA75993222206_052024-F-100x100.jpg",100,100,true]},"uagb_author_info":{"display_name":"nelson","author_link":"https:\/\/rms-enlinea.com.ar\/tienda\/author\/"},"uagb_comment_info":0,"uagb_excerpt":"Marca Genius Interfaces USB 2.0 L\u00ednea FaceCam Modelo 1000X V2 Resoluci\u00f3n de imagen 1 Mpx Resoluci\u00f3n de video HD 720p Con micr\u00f3fono incorporado S\u00ed","_links":{"self":[{"href":"https:\/\/rms-enlinea.com.ar\/tienda\/wp-json\/wp\/v2\/product\/52726","targetHints":{"allow":["GET"]}}],"collection":[{"href":"https:\/\/rms-enlinea.com.ar\/tienda\/wp-json\/wp\/v2\/product"}],"about":[{"href":"https:\/\/rms-enlinea.com.ar\/tienda\/wp-json\/wp\/v2\/types\/product"}],"replies":[{"embeddable":true,"href":"https:\/\/rms-enlinea.com.ar\/tienda\/wp-json\/wp\/v2\/comments?post=52726"}],"wp:featuredmedia":[{"embeddable":true,"href":"https:\/\/rms-enlinea.com.ar\/tienda\/wp-json\/wp\/v2\/media\/44994"}],"wp:attachment":[{"href":"https:\/\/rms-enlinea.com.ar\/tienda\/wp-json\/wp\/v2\/media?parent=52726"}],"wp:term":[{"taxonomy":"product_brand","embeddable":true,"href":"https:\/\/rms-enlinea.com.ar\/tienda\/wp-json\/wp\/v2\/product_brand?post=52726"},{"taxonomy":"product_cat","embeddable":true,"href":"https:\/\/rms-enlinea.com.ar\/tienda\/wp-json\/wp\/v2\/product_cat?post=52726"},{"taxonomy":"product_tag","embeddable":true,"href":"https:\/\/rms-enlinea.com.ar\/tienda\/wp-json\/wp\/v2\/product_tag?post=52726"}],"curies":[{"name":"wp","href":"https:\/\/api.w.org\/{rel}","templated":true}]}}