{"id":52729,"date":"2025-07-31T12:01:39","date_gmt":"2025-07-31T15:01:39","guid":{"rendered":"https:\/\/rms-enlinea.com.ar\/tienda\/producto\/volante-pc-gamer-genius-speedmaster-x2-palanca-pedalera-usb\/"},"modified":"2026-02-21T01:40:11","modified_gmt":"2026-02-21T04:40:11","slug":"volante-pc-gamer-genius-speedmaster-x2-palanca-pedalera-usb","status":"publish","type":"product","link":"https:\/\/rms-enlinea.com.ar\/tienda\/producto\/volante-pc-gamer-genius-speedmaster-x2-palanca-pedalera-usb\/","title":{"rendered":"Volante Pc Gamer Genius Speedmaster X2 Palanca Pedalera Usb"},"content":{"rendered":"<p>Accesorios incluidos Volante palanca de cambios y pedal de acelerador y freno<br \/>\nMarca Genius<br \/>\nAltura 271 mm<br \/>\nModelo SPEEDMASTER X2<br \/>\nConectividades USB<br \/>\nDispositivos compatibles PC PlayStation 3 PlayStation 4 Xbox 360 Xbox One Xbox Series X<br \/>\nCon soporte para caja de cambios S\u00ed<br \/>\nEs gamer S\u00ed<br \/>\nCon soporte para volante S\u00ed<br \/>\nAncho 310 mm<br \/>\nProfundidad 299.5 mm<br \/>\nCondici\u00f3n del \u00edtem Nuevo<br \/>\nMarca Genius<\/p>\n","protected":false},"excerpt":{"rendered":"<p>Accesorios incluidos Volante palanca de cambios y pedal de acelerador y freno Marca Genius Altura 271 mm Modelo SPEEDMASTER X2 Conectividades USB Dispositivos compatibles PC PlayStation 3 PlayStation 4 Xbox 360 Xbox One Xbox Series X Con soporte para caja de cambios S\u00ed Es gamer S\u00ed Con soporte para volante S\u00ed Ancho 310 mm Profundidad [&hellip;]<\/p>\n","protected":false},"featured_media":4671,"comment_status":"open","ping_status":"closed","template":"","meta":{"_uag_custom_page_level_css":""},"product_brand":[550],"product_cat":[111],"product_tag":[],"class_list":{"0":"post-52729","1":"product","2":"type-product","3":"status-publish","4":"has-post-thumbnail","6":"product_brand-genius","7":"product_cat-joystick","9":"first","10":"instock","11":"sale","12":"taxable","13":"shipping-taxable","14":"purchasable","15":"product-type-simple"},"uagb_featured_image_src":{"full":["https:\/\/rms-enlinea.com.ar\/wp-content\/uploads\/2025\/06\/D_922478-MLU78442141014_082024-F.jpg",1069,1200,false],"thumbnail":["https:\/\/rms-enlinea.com.ar\/wp-content\/uploads\/2025\/06\/D_922478-MLU78442141014_082024-F-150x150.jpg",150,150,true],"medium":["https:\/\/rms-enlinea.com.ar\/wp-content\/uploads\/2025\/06\/D_922478-MLU78442141014_082024-F-267x300.jpg",267,300,true],"medium_large":["https:\/\/rms-enlinea.com.ar\/wp-content\/uploads\/2025\/06\/D_922478-MLU78442141014_082024-F-768x862.jpg",768,862,true],"large":["https:\/\/rms-enlinea.com.ar\/wp-content\/uploads\/2025\/06\/D_922478-MLU78442141014_082024-F-912x1024.jpg",912,1024,true],"1536x1536":["https:\/\/rms-enlinea.com.ar\/wp-content\/uploads\/2025\/06\/D_922478-MLU78442141014_082024-F.jpg",1069,1200,false],"2048x2048":["https:\/\/rms-enlinea.com.ar\/wp-content\/uploads\/2025\/06\/D_922478-MLU78442141014_082024-F.jpg",1069,1200,false],"woocommerce_thumbnail":["https:\/\/rms-enlinea.com.ar\/wp-content\/uploads\/2025\/06\/D_922478-MLU78442141014_082024-F-450x450.jpg",450,450,true],"woocommerce_single":["https:\/\/rms-enlinea.com.ar\/wp-content\/uploads\/2025\/06\/D_922478-MLU78442141014_082024-F-600x674.jpg",600,674,true],"woocommerce_gallery_thumbnail":["https:\/\/rms-enlinea.com.ar\/wp-content\/uploads\/2025\/06\/D_922478-MLU78442141014_082024-F-100x100.jpg",100,100,true]},"uagb_author_info":{"display_name":"nelson","author_link":"https:\/\/rms-enlinea.com.ar\/tienda\/author\/"},"uagb_comment_info":0,"uagb_excerpt":"Accesorios incluidos Volante palanca de cambios y pedal de acelerador y freno Marca Genius Altura 271 mm Modelo SPEEDMASTER X2 Conectividades USB Dispositivos compatibles PC PlayStation 3 PlayStation 4 Xbox 360 Xbox One Xbox Series X Con soporte para caja de cambios S\u00ed Es gamer S\u00ed Con soporte para volante S\u00ed Ancho 310 mm Profundidad&hellip;","_links":{"self":[{"href":"https:\/\/rms-enlinea.com.ar\/tienda\/wp-json\/wp\/v2\/product\/52729","targetHints":{"allow":["GET"]}}],"collection":[{"href":"https:\/\/rms-enlinea.com.ar\/tienda\/wp-json\/wp\/v2\/product"}],"about":[{"href":"https:\/\/rms-enlinea.com.ar\/tienda\/wp-json\/wp\/v2\/types\/product"}],"replies":[{"embeddable":true,"href":"https:\/\/rms-enlinea.com.ar\/tienda\/wp-json\/wp\/v2\/comments?post=52729"}],"wp:featuredmedia":[{"embeddable":true,"href":"https:\/\/rms-enlinea.com.ar\/tienda\/wp-json\/wp\/v2\/media\/4671"}],"wp:attachment":[{"href":"https:\/\/rms-enlinea.com.ar\/tienda\/wp-json\/wp\/v2\/media?parent=52729"}],"wp:term":[{"taxonomy":"product_brand","embeddable":true,"href":"https:\/\/rms-enlinea.com.ar\/tienda\/wp-json\/wp\/v2\/product_brand?post=52729"},{"taxonomy":"product_cat","embeddable":true,"href":"https:\/\/rms-enlinea.com.ar\/tienda\/wp-json\/wp\/v2\/product_cat?post=52729"},{"taxonomy":"product_tag","embeddable":true,"href":"https:\/\/rms-enlinea.com.ar\/tienda\/wp-json\/wp\/v2\/product_tag?post=52729"}],"curies":[{"name":"wp","href":"https:\/\/api.w.org\/{rel}","templated":true}]}}