{"id":52731,"date":"2025-07-31T12:02:07","date_gmt":"2025-07-31T15:02:07","guid":{"rendered":"https:\/\/rms-enlinea.com.ar\/tienda\/producto\/parlantes-genius-sw-2-1-350-subwoofer-15w-pc-notebook-madera-2\/"},"modified":"2026-02-20T22:28:05","modified_gmt":"2026-02-21T01:28:05","slug":"parlantes-genius-sw-2-1-350-subwoofer-15w-pc-notebook-madera-2","status":"publish","type":"product","link":"https:\/\/rms-enlinea.com.ar\/tienda\/producto\/parlantes-genius-sw-2-1-350-subwoofer-15w-pc-notebook-madera-2\/","title":{"rendered":"Parlantes Genius Sw 2.1 350 Subwoofer 15w Pc Notebook Madera"},"content":{"rendered":"<p>Con funci\u00f3n karaoke<\/p>\n<p>No<br \/>\nCon luces LED<\/p>\n<p>No<br \/>\nCon micr\u00f3fono<\/p>\n<p>No<br \/>\nCon radio<\/p>\n<p>No<br \/>\nCon efecto de voz<\/p>\n<p>No<br \/>\nCon Wi-Fi<\/p>\n<p>No<br \/>\nMarca<\/p>\n<p>Genius<br \/>\nConfiguraci\u00f3n de canales<\/p>\n<p>2.1<br \/>\nC\u00f3digo universal de producto<\/p>\n<p>4710268259442<br \/>\nIncluye bater\u00eda recargable<\/p>\n<p>No<br \/>\nOrganismo de certificaci\u00f3n (OCP)<\/p>\n<p>Otro (sin especificar)<br \/>\nPotencia de salida (RMS)<\/p>\n<p>15 W<br \/>\nTipos de alimentaci\u00f3n<\/p>\n<p>CABLE<br \/>\nSKU<\/p>\n<p>4710268259442<br \/>\nCantidad de parlantes<\/p>\n<p>2<br \/>\nFormato del parlante<\/p>\n<p>Caja<br \/>\nTipos de parlante<\/p>\n<p>SATELLITE,Subwoofer<br \/>\nVoltaje<\/p>\n<p>240V<br \/>\nCon base<\/p>\n<p>No<br \/>\nCon Bluetooth<\/p>\n<p>No<br \/>\nCon modo manos libres<\/p>\n<p>No<br \/>\nIncluye soporte<\/p>\n<p>No<br \/>\nLugares de colocaci\u00f3n<\/p>\n<p>PCESCRITORIO<br \/>\nEs gamer<\/p>\n<p>S\u00ed<br \/>\nEs port\u00e1til<\/p>\n<p>No<br \/>\nEs a prueba de agua<\/p>\n<p>No<br \/>\nEs inal\u00e1mbrico<\/p>\n<p>No<br \/>\nCondici\u00f3n del \u00edtem<\/p>\n<p>Nuevo<br \/>\nModelo<\/p>\n<p>SW-2.1 350<br \/>\nCon controladores DJ integrados<\/p>\n<p>No<\/p>\n","protected":false},"excerpt":{"rendered":"<p>Con funci\u00f3n karaoke No Con luces LED No Con micr\u00f3fono No Con radio No Con efecto de voz No Con Wi-Fi No Marca Genius Configuraci\u00f3n de canales 2.1 C\u00f3digo universal de producto 4710268259442 Incluye bater\u00eda recargable No Organismo de certificaci\u00f3n (OCP) Otro (sin especificar) Potencia de salida (RMS) 15 W Tipos de alimentaci\u00f3n CABLE SKU [&hellip;]<\/p>\n","protected":false},"featured_media":33298,"comment_status":"open","ping_status":"closed","template":"","meta":{"_uag_custom_page_level_css":""},"product_brand":[550],"product_cat":[124],"product_tag":[],"class_list":{"0":"post-52731","1":"product","2":"type-product","3":"status-publish","4":"has-post-thumbnail","6":"product_brand-genius","7":"product_cat-sistemas-de-sonido-parlantes","9":"first","10":"outofstock","11":"sale","12":"taxable","13":"shipping-taxable","14":"purchasable","15":"product-type-simple"},"uagb_featured_image_src":{"full":["https:\/\/rms-enlinea.com.ar\/wp-content\/uploads\/2025\/06\/D_763582-MLA74075327670_012024-F.jpg",1093,423,false],"thumbnail":["https:\/\/rms-enlinea.com.ar\/wp-content\/uploads\/2025\/06\/D_763582-MLA74075327670_012024-F-150x150.jpg",150,150,true],"medium":["https:\/\/rms-enlinea.com.ar\/wp-content\/uploads\/2025\/06\/D_763582-MLA74075327670_012024-F-300x116.jpg",300,116,true],"medium_large":["https:\/\/rms-enlinea.com.ar\/wp-content\/uploads\/2025\/06\/D_763582-MLA74075327670_012024-F-768x297.jpg",768,297,true],"large":["https:\/\/rms-enlinea.com.ar\/wp-content\/uploads\/2025\/06\/D_763582-MLA74075327670_012024-F-1024x396.jpg",1024,396,true],"1536x1536":["https:\/\/rms-enlinea.com.ar\/wp-content\/uploads\/2025\/06\/D_763582-MLA74075327670_012024-F.jpg",1093,423,false],"2048x2048":["https:\/\/rms-enlinea.com.ar\/wp-content\/uploads\/2025\/06\/D_763582-MLA74075327670_012024-F.jpg",1093,423,false],"woocommerce_thumbnail":["https:\/\/rms-enlinea.com.ar\/wp-content\/uploads\/2025\/06\/D_763582-MLA74075327670_012024-F-450x423.jpg",450,423,true],"woocommerce_single":["https:\/\/rms-enlinea.com.ar\/wp-content\/uploads\/2025\/06\/D_763582-MLA74075327670_012024-F-600x232.jpg",600,232,true],"woocommerce_gallery_thumbnail":["https:\/\/rms-enlinea.com.ar\/wp-content\/uploads\/2025\/06\/D_763582-MLA74075327670_012024-F-100x100.jpg",100,100,true]},"uagb_author_info":{"display_name":"nelson","author_link":"https:\/\/rms-enlinea.com.ar\/tienda\/author\/"},"uagb_comment_info":0,"uagb_excerpt":"Con funci\u00f3n karaoke No Con luces LED No Con micr\u00f3fono No Con radio No Con efecto de voz No Con Wi-Fi No Marca Genius Configuraci\u00f3n de canales 2.1 C\u00f3digo universal de producto 4710268259442 Incluye bater\u00eda recargable No Organismo de certificaci\u00f3n (OCP) Otro (sin especificar) Potencia de salida (RMS) 15 W Tipos de alimentaci\u00f3n CABLE SKU&hellip;","_links":{"self":[{"href":"https:\/\/rms-enlinea.com.ar\/tienda\/wp-json\/wp\/v2\/product\/52731","targetHints":{"allow":["GET"]}}],"collection":[{"href":"https:\/\/rms-enlinea.com.ar\/tienda\/wp-json\/wp\/v2\/product"}],"about":[{"href":"https:\/\/rms-enlinea.com.ar\/tienda\/wp-json\/wp\/v2\/types\/product"}],"replies":[{"embeddable":true,"href":"https:\/\/rms-enlinea.com.ar\/tienda\/wp-json\/wp\/v2\/comments?post=52731"}],"wp:featuredmedia":[{"embeddable":true,"href":"https:\/\/rms-enlinea.com.ar\/tienda\/wp-json\/wp\/v2\/media\/33298"}],"wp:attachment":[{"href":"https:\/\/rms-enlinea.com.ar\/tienda\/wp-json\/wp\/v2\/media?parent=52731"}],"wp:term":[{"taxonomy":"product_brand","embeddable":true,"href":"https:\/\/rms-enlinea.com.ar\/tienda\/wp-json\/wp\/v2\/product_brand?post=52731"},{"taxonomy":"product_cat","embeddable":true,"href":"https:\/\/rms-enlinea.com.ar\/tienda\/wp-json\/wp\/v2\/product_cat?post=52731"},{"taxonomy":"product_tag","embeddable":true,"href":"https:\/\/rms-enlinea.com.ar\/tienda\/wp-json\/wp\/v2\/product_tag?post=52731"}],"curies":[{"name":"wp","href":"https:\/\/api.w.org\/{rel}","templated":true}]}}