{"id":52733,"date":"2025-07-31T12:02:12","date_gmt":"2025-07-31T15:02:12","guid":{"rendered":"https:\/\/rms-enlinea.com.ar\/tienda\/producto\/mouse-ps2-genius-dx-110-1000dpi-black-3-botones\/"},"modified":"2026-04-21T03:42:25","modified_gmt":"2026-04-21T06:42:25","slug":"mouse-ps2-genius-dx-110-1000dpi-black-3-botones","status":"publish","type":"product","link":"https:\/\/rms-enlinea.com.ar\/tienda\/producto\/mouse-ps2-genius-dx-110-1000dpi-black-3-botones\/","title":{"rendered":"Mouse Ps2 Genius Dx-110 1000dpi Black 3 Botones"},"content":{"rendered":"<p>Nombre del modelo DX-110<br \/>\nInterfaz PS2<br \/>\nUnidad de sensor \u00d3ptico<br \/>\nResoluci\u00f3n (DPI) 1000<br \/>\nCantidad de botones Tres (izquierda, derecha y central con desplazamiento)<br \/>\nLongitud de cable de alimentaci\u00f3n 1.5 m<br \/>\nCompatible con sistema operativo Windows\u00ae 7, 8, 8.1, 10 Mac OS X 10.8 o superior<br \/>\nColor Negro apacible<\/p>\n<p>Contenido de la caja DX-110<\/p>\n","protected":false},"excerpt":{"rendered":"<p>Nombre del modelo DX-110 Interfaz PS2 Unidad de sensor \u00d3ptico Resoluci\u00f3n (DPI) 1000 Cantidad de botones Tres (izquierda, derecha y central con desplazamiento) Longitud de cable de alimentaci\u00f3n 1.5 m Compatible con sistema operativo Windows\u00ae 7, 8, 8.1, 10 Mac OS X 10.8 o superior Color Negro apacible Contenido de la caja DX-110<\/p>\n","protected":false},"featured_media":52734,"comment_status":"open","ping_status":"closed","template":"","meta":{"_uag_custom_page_level_css":""},"product_brand":[550],"product_cat":[125],"product_tag":[],"class_list":{"0":"post-52733","1":"product","2":"type-product","3":"status-publish","4":"has-post-thumbnail","6":"product_brand-genius","7":"product_cat-teclados-y-mouses","9":"first","10":"outofstock","11":"sale","12":"taxable","13":"shipping-taxable","14":"purchasable","15":"product-type-simple"},"uagb_featured_image_src":{"full":["https:\/\/rms-enlinea.com.ar\/wp-content\/uploads\/2025\/07\/D_950878-MLA89055536751_072025-F.jpg",937,986,false],"thumbnail":["https:\/\/rms-enlinea.com.ar\/wp-content\/uploads\/2025\/07\/D_950878-MLA89055536751_072025-F-150x150.jpg",150,150,true],"medium":["https:\/\/rms-enlinea.com.ar\/wp-content\/uploads\/2025\/07\/D_950878-MLA89055536751_072025-F-285x300.jpg",285,300,true],"medium_large":["https:\/\/rms-enlinea.com.ar\/wp-content\/uploads\/2025\/07\/D_950878-MLA89055536751_072025-F-768x808.jpg",768,808,true],"large":["https:\/\/rms-enlinea.com.ar\/wp-content\/uploads\/2025\/07\/D_950878-MLA89055536751_072025-F.jpg",937,986,false],"1536x1536":["https:\/\/rms-enlinea.com.ar\/wp-content\/uploads\/2025\/07\/D_950878-MLA89055536751_072025-F.jpg",937,986,false],"2048x2048":["https:\/\/rms-enlinea.com.ar\/wp-content\/uploads\/2025\/07\/D_950878-MLA89055536751_072025-F.jpg",937,986,false],"woocommerce_thumbnail":["https:\/\/rms-enlinea.com.ar\/wp-content\/uploads\/2025\/07\/D_950878-MLA89055536751_072025-F-450x450.jpg",450,450,true],"woocommerce_single":["https:\/\/rms-enlinea.com.ar\/wp-content\/uploads\/2025\/07\/D_950878-MLA89055536751_072025-F-600x631.jpg",600,631,true],"woocommerce_gallery_thumbnail":["https:\/\/rms-enlinea.com.ar\/wp-content\/uploads\/2025\/07\/D_950878-MLA89055536751_072025-F-100x100.jpg",100,100,true]},"uagb_author_info":{"display_name":"nelson","author_link":"https:\/\/rms-enlinea.com.ar\/tienda\/author\/"},"uagb_comment_info":0,"uagb_excerpt":"Nombre del modelo DX-110 Interfaz PS2 Unidad de sensor \u00d3ptico Resoluci\u00f3n (DPI) 1000 Cantidad de botones Tres (izquierda, derecha y central con desplazamiento) Longitud de cable de alimentaci\u00f3n 1.5 m Compatible con sistema operativo Windows\u00ae 7, 8, 8.1, 10 Mac OS X 10.8 o superior Color Negro apacible Contenido de la caja DX-110","_links":{"self":[{"href":"https:\/\/rms-enlinea.com.ar\/tienda\/wp-json\/wp\/v2\/product\/52733","targetHints":{"allow":["GET"]}}],"collection":[{"href":"https:\/\/rms-enlinea.com.ar\/tienda\/wp-json\/wp\/v2\/product"}],"about":[{"href":"https:\/\/rms-enlinea.com.ar\/tienda\/wp-json\/wp\/v2\/types\/product"}],"replies":[{"embeddable":true,"href":"https:\/\/rms-enlinea.com.ar\/tienda\/wp-json\/wp\/v2\/comments?post=52733"}],"wp:featuredmedia":[{"embeddable":true,"href":"https:\/\/rms-enlinea.com.ar\/tienda\/wp-json\/wp\/v2\/media\/52734"}],"wp:attachment":[{"href":"https:\/\/rms-enlinea.com.ar\/tienda\/wp-json\/wp\/v2\/media?parent=52733"}],"wp:term":[{"taxonomy":"product_brand","embeddable":true,"href":"https:\/\/rms-enlinea.com.ar\/tienda\/wp-json\/wp\/v2\/product_brand?post=52733"},{"taxonomy":"product_cat","embeddable":true,"href":"https:\/\/rms-enlinea.com.ar\/tienda\/wp-json\/wp\/v2\/product_cat?post=52733"},{"taxonomy":"product_tag","embeddable":true,"href":"https:\/\/rms-enlinea.com.ar\/tienda\/wp-json\/wp\/v2\/product_tag?post=52733"}],"curies":[{"name":"wp","href":"https:\/\/api.w.org\/{rel}","templated":true}]}}