{"id":52736,"date":"2025-07-31T12:02:19","date_gmt":"2025-07-31T15:02:19","guid":{"rendered":"https:\/\/rms-enlinea.com.ar\/tienda\/producto\/mouse-genius-dx-110-usb-1000-dpi-optico-negro\/"},"modified":"2026-04-21T06:00:10","modified_gmt":"2026-04-21T09:00:10","slug":"mouse-genius-dx-110-usb-1000-dpi-optico-negro","status":"publish","type":"product","link":"https:\/\/rms-enlinea.com.ar\/tienda\/producto\/mouse-genius-dx-110-usb-1000-dpi-optico-negro\/","title":{"rendered":"Mouse Genius Dx-110 Usb 1000 Dpi \u00d3ptico Negro"},"content":{"rendered":"<p>Nombre del modelo<\/p>\n<p>DX-110<br \/>\nInterfaz USB<br \/>\nUnidad de sensor \u00d3ptico<br \/>\nResoluci\u00f3n (DPI) 1000<br \/>\nCantidad de botones Tres (izquierda, derecha y central con desplazamiento)<br \/>\nLongitud de cable de alimentaci\u00f3n 1.5 m<br \/>\nCompatible con sistema operativo Windows 7, 8, 8.1, 10<br \/>\nColor Negro<br \/>\nContenido de la caja DX-110<\/p>\n","protected":false},"excerpt":{"rendered":"<p>Nombre del modelo DX-110 Interfaz USB Unidad de sensor \u00d3ptico Resoluci\u00f3n (DPI) 1000 Cantidad de botones Tres (izquierda, derecha y central con desplazamiento) Longitud de cable de alimentaci\u00f3n 1.5 m Compatible con sistema operativo Windows 7, 8, 8.1, 10 Color Negro Contenido de la caja DX-110<\/p>\n","protected":false},"featured_media":52737,"comment_status":"open","ping_status":"closed","template":"","meta":{"_uag_custom_page_level_css":""},"product_brand":[550],"product_cat":[125],"product_tag":[],"class_list":{"0":"post-52736","1":"product","2":"type-product","3":"status-publish","4":"has-post-thumbnail","6":"product_brand-genius","7":"product_cat-teclados-y-mouses","9":"first","10":"outofstock","11":"sale","12":"taxable","13":"shipping-taxable","14":"purchasable","15":"product-type-simple"},"uagb_featured_image_src":{"full":["https:\/\/rms-enlinea.com.ar\/wp-content\/uploads\/2025\/07\/D_699828-MLA89055506831_072025-F.jpg",1051,1199,false],"thumbnail":["https:\/\/rms-enlinea.com.ar\/wp-content\/uploads\/2025\/07\/D_699828-MLA89055506831_072025-F-150x150.jpg",150,150,true],"medium":["https:\/\/rms-enlinea.com.ar\/wp-content\/uploads\/2025\/07\/D_699828-MLA89055506831_072025-F-263x300.jpg",263,300,true],"medium_large":["https:\/\/rms-enlinea.com.ar\/wp-content\/uploads\/2025\/07\/D_699828-MLA89055506831_072025-F-768x876.jpg",768,876,true],"large":["https:\/\/rms-enlinea.com.ar\/wp-content\/uploads\/2025\/07\/D_699828-MLA89055506831_072025-F-898x1024.jpg",898,1024,true],"1536x1536":["https:\/\/rms-enlinea.com.ar\/wp-content\/uploads\/2025\/07\/D_699828-MLA89055506831_072025-F.jpg",1051,1199,false],"2048x2048":["https:\/\/rms-enlinea.com.ar\/wp-content\/uploads\/2025\/07\/D_699828-MLA89055506831_072025-F.jpg",1051,1199,false],"woocommerce_thumbnail":["https:\/\/rms-enlinea.com.ar\/wp-content\/uploads\/2025\/07\/D_699828-MLA89055506831_072025-F-450x450.jpg",450,450,true],"woocommerce_single":["https:\/\/rms-enlinea.com.ar\/wp-content\/uploads\/2025\/07\/D_699828-MLA89055506831_072025-F-600x684.jpg",600,684,true],"woocommerce_gallery_thumbnail":["https:\/\/rms-enlinea.com.ar\/wp-content\/uploads\/2025\/07\/D_699828-MLA89055506831_072025-F-100x100.jpg",100,100,true]},"uagb_author_info":{"display_name":"nelson","author_link":"https:\/\/rms-enlinea.com.ar\/tienda\/author\/"},"uagb_comment_info":0,"uagb_excerpt":"Nombre del modelo DX-110 Interfaz USB Unidad de sensor \u00d3ptico Resoluci\u00f3n (DPI) 1000 Cantidad de botones Tres (izquierda, derecha y central con desplazamiento) Longitud de cable de alimentaci\u00f3n 1.5 m Compatible con sistema operativo Windows 7, 8, 8.1, 10 Color Negro Contenido de la caja DX-110","_links":{"self":[{"href":"https:\/\/rms-enlinea.com.ar\/tienda\/wp-json\/wp\/v2\/product\/52736","targetHints":{"allow":["GET"]}}],"collection":[{"href":"https:\/\/rms-enlinea.com.ar\/tienda\/wp-json\/wp\/v2\/product"}],"about":[{"href":"https:\/\/rms-enlinea.com.ar\/tienda\/wp-json\/wp\/v2\/types\/product"}],"replies":[{"embeddable":true,"href":"https:\/\/rms-enlinea.com.ar\/tienda\/wp-json\/wp\/v2\/comments?post=52736"}],"wp:featuredmedia":[{"embeddable":true,"href":"https:\/\/rms-enlinea.com.ar\/tienda\/wp-json\/wp\/v2\/media\/52737"}],"wp:attachment":[{"href":"https:\/\/rms-enlinea.com.ar\/tienda\/wp-json\/wp\/v2\/media?parent=52736"}],"wp:term":[{"taxonomy":"product_brand","embeddable":true,"href":"https:\/\/rms-enlinea.com.ar\/tienda\/wp-json\/wp\/v2\/product_brand?post=52736"},{"taxonomy":"product_cat","embeddable":true,"href":"https:\/\/rms-enlinea.com.ar\/tienda\/wp-json\/wp\/v2\/product_cat?post=52736"},{"taxonomy":"product_tag","embeddable":true,"href":"https:\/\/rms-enlinea.com.ar\/tienda\/wp-json\/wp\/v2\/product_tag?post=52736"}],"curies":[{"name":"wp","href":"https:\/\/api.w.org\/{rel}","templated":true}]}}