{"id":52744,"date":"2025-07-31T12:04:08","date_gmt":"2025-07-31T15:04:08","guid":{"rendered":"https:\/\/rms-enlinea.com.ar\/tienda\/producto\/hub-usb-c-a-3-usb-a-rj-45-usb-c-hembra-genius-uh-545\/"},"modified":"2026-04-06T12:21:31","modified_gmt":"2026-04-06T15:21:31","slug":"hub-usb-c-a-3-usb-a-rj-45-usb-c-hembra-genius-uh-545","status":"publish","type":"product","link":"https:\/\/rms-enlinea.com.ar\/tienda\/producto\/hub-usb-c-a-3-usb-a-rj-45-usb-c-hembra-genius-uh-545\/","title":{"rendered":"Hub Usb C A 3 Usb-a + Rj 45 + Usb C Hembra Genius Uh-545"},"content":{"rendered":"<p>Tipo de cable de datos USB C<br \/>\nConector de salida HDMI RJ45 USB 3.0 USB C<br \/>\nPorts 3\u00d7 USB 3.0, 1\u00d7 RJ-45, 1\u00d7 USB-C<br \/>\nVersi\u00f3n del puerto USB USB 3.0<br \/>\nCondici\u00f3n del \u00edtem Nuevo<\/p>\n","protected":false},"excerpt":{"rendered":"<p>Tipo de cable de datos USB C Conector de salida HDMI RJ45 USB 3.0 USB C Ports 3\u00d7 USB 3.0, 1\u00d7 RJ-45, 1\u00d7 USB-C Versi\u00f3n del puerto USB USB 3.0 Condici\u00f3n del \u00edtem Nuevo<\/p>\n","protected":false},"featured_media":30166,"comment_status":"open","ping_status":"closed","template":"","meta":{"_uag_custom_page_level_css":""},"product_brand":[550],"product_cat":[101],"product_tag":[],"class_list":{"0":"post-52744","1":"product","2":"type-product","3":"status-publish","4":"has-post-thumbnail","6":"product_brand-genius","7":"product_cat-cables-y-adaptadores","9":"first","10":"instock","11":"sale","12":"taxable","13":"shipping-taxable","14":"purchasable","15":"product-type-simple"},"uagb_featured_image_src":{"full":["https:\/\/rms-enlinea.com.ar\/wp-content\/uploads\/2025\/06\/D_739154-MLA76989072148_062024-F.jpg",998,1200,false],"thumbnail":["https:\/\/rms-enlinea.com.ar\/wp-content\/uploads\/2025\/06\/D_739154-MLA76989072148_062024-F-150x150.jpg",150,150,true],"medium":["https:\/\/rms-enlinea.com.ar\/wp-content\/uploads\/2025\/06\/D_739154-MLA76989072148_062024-F-250x300.jpg",250,300,true],"medium_large":["https:\/\/rms-enlinea.com.ar\/wp-content\/uploads\/2025\/06\/D_739154-MLA76989072148_062024-F-768x923.jpg",768,923,true],"large":["https:\/\/rms-enlinea.com.ar\/wp-content\/uploads\/2025\/06\/D_739154-MLA76989072148_062024-F-852x1024.jpg",852,1024,true],"1536x1536":["https:\/\/rms-enlinea.com.ar\/wp-content\/uploads\/2025\/06\/D_739154-MLA76989072148_062024-F.jpg",998,1200,false],"2048x2048":["https:\/\/rms-enlinea.com.ar\/wp-content\/uploads\/2025\/06\/D_739154-MLA76989072148_062024-F.jpg",998,1200,false],"woocommerce_thumbnail":["https:\/\/rms-enlinea.com.ar\/wp-content\/uploads\/2025\/06\/D_739154-MLA76989072148_062024-F-450x450.jpg",450,450,true],"woocommerce_single":["https:\/\/rms-enlinea.com.ar\/wp-content\/uploads\/2025\/06\/D_739154-MLA76989072148_062024-F-600x721.jpg",600,721,true],"woocommerce_gallery_thumbnail":["https:\/\/rms-enlinea.com.ar\/wp-content\/uploads\/2025\/06\/D_739154-MLA76989072148_062024-F-100x100.jpg",100,100,true]},"uagb_author_info":{"display_name":"nelson","author_link":"https:\/\/rms-enlinea.com.ar\/tienda\/author\/"},"uagb_comment_info":0,"uagb_excerpt":"Tipo de cable de datos USB C Conector de salida HDMI RJ45 USB 3.0 USB C Ports 3\u00d7 USB 3.0, 1\u00d7 RJ-45, 1\u00d7 USB-C Versi\u00f3n del puerto USB USB 3.0 Condici\u00f3n del \u00edtem Nuevo","_links":{"self":[{"href":"https:\/\/rms-enlinea.com.ar\/tienda\/wp-json\/wp\/v2\/product\/52744","targetHints":{"allow":["GET"]}}],"collection":[{"href":"https:\/\/rms-enlinea.com.ar\/tienda\/wp-json\/wp\/v2\/product"}],"about":[{"href":"https:\/\/rms-enlinea.com.ar\/tienda\/wp-json\/wp\/v2\/types\/product"}],"replies":[{"embeddable":true,"href":"https:\/\/rms-enlinea.com.ar\/tienda\/wp-json\/wp\/v2\/comments?post=52744"}],"wp:featuredmedia":[{"embeddable":true,"href":"https:\/\/rms-enlinea.com.ar\/tienda\/wp-json\/wp\/v2\/media\/30166"}],"wp:attachment":[{"href":"https:\/\/rms-enlinea.com.ar\/tienda\/wp-json\/wp\/v2\/media?parent=52744"}],"wp:term":[{"taxonomy":"product_brand","embeddable":true,"href":"https:\/\/rms-enlinea.com.ar\/tienda\/wp-json\/wp\/v2\/product_brand?post=52744"},{"taxonomy":"product_cat","embeddable":true,"href":"https:\/\/rms-enlinea.com.ar\/tienda\/wp-json\/wp\/v2\/product_cat?post=52744"},{"taxonomy":"product_tag","embeddable":true,"href":"https:\/\/rms-enlinea.com.ar\/tienda\/wp-json\/wp\/v2\/product_tag?post=52744"}],"curies":[{"name":"wp","href":"https:\/\/api.w.org\/{rel}","templated":true}]}}