{"id":52752,"date":"2025-07-31T12:05:26","date_gmt":"2025-07-31T15:05:26","guid":{"rendered":"https:\/\/rms-enlinea.com.ar\/tienda\/producto\/teclado-y-mouse-inalambrico-logitech-mk470-slim-920-009266\/"},"modified":"2026-03-31T20:11:51","modified_gmt":"2026-03-31T23:11:51","slug":"teclado-y-mouse-inalambrico-logitech-mk470-slim-920-009266","status":"publish","type":"product","link":"https:\/\/rms-enlinea.com.ar\/tienda\/producto\/teclado-y-mouse-inalambrico-logitech-mk470-slim-920-009266\/","title":{"rendered":"Teclado Y Mouse Inalambrico Logitech Mk470 Slim 920-009266"},"content":{"rendered":"<p>ESPECIFICACIONES T\u00c9CNICAS<br \/>\nMouse<\/p>\n<p>Tecnolog\u00eda de sensor: Seguimiento \u00f3ptico de alta precisi\u00f3n<br \/>\nResoluci\u00f3n de sensor: 1.000 dpi<br \/>\nN\u00famero de botones: 3<br \/>\nRueda de desplazamiento: S\u00ed &#8211; Mec\u00e1nico<br \/>\nBotones de desplazamiento: Bot\u00f3n central<br \/>\nMouse apto para Unifying: No<br \/>\nReceptor apto para Unifying: No<br \/>\nDuraci\u00f3n de las bater\u00edas del mouse: 18 meses<br \/>\nTipo de bater\u00edas del mouse: 1 AA<\/p>\n","protected":false},"excerpt":{"rendered":"<p>ESPECIFICACIONES T\u00c9CNICAS Mouse Tecnolog\u00eda de sensor: Seguimiento \u00f3ptico de alta precisi\u00f3n Resoluci\u00f3n de sensor: 1.000 dpi N\u00famero de botones: 3 Rueda de desplazamiento: S\u00ed &#8211; Mec\u00e1nico Botones de desplazamiento: Bot\u00f3n central Mouse apto para Unifying: No Receptor apto para Unifying: No Duraci\u00f3n de las bater\u00edas del mouse: 18 meses Tipo de bater\u00edas del mouse: 1 [&hellip;]<\/p>\n","protected":false},"featured_media":21551,"comment_status":"open","ping_status":"closed","template":"","meta":{"_uag_custom_page_level_css":""},"product_brand":[549],"product_cat":[125],"product_tag":[],"class_list":{"0":"post-52752","1":"product","2":"type-product","3":"status-publish","4":"has-post-thumbnail","6":"product_brand-logitech","7":"product_cat-teclados-y-mouses","9":"first","10":"outofstock","11":"sale","12":"taxable","13":"shipping-taxable","14":"purchasable","15":"product-type-simple"},"uagb_featured_image_src":{"full":["https:\/\/rms-enlinea.com.ar\/wp-content\/uploads\/2025\/06\/D_698244-MLU74181369553_012024-F.jpg",800,276,false],"thumbnail":["https:\/\/rms-enlinea.com.ar\/wp-content\/uploads\/2025\/06\/D_698244-MLU74181369553_012024-F-150x150.jpg",150,150,true],"medium":["https:\/\/rms-enlinea.com.ar\/wp-content\/uploads\/2025\/06\/D_698244-MLU74181369553_012024-F-300x104.jpg",300,104,true],"medium_large":["https:\/\/rms-enlinea.com.ar\/wp-content\/uploads\/2025\/06\/D_698244-MLU74181369553_012024-F-768x265.jpg",768,265,true],"large":["https:\/\/rms-enlinea.com.ar\/wp-content\/uploads\/2025\/06\/D_698244-MLU74181369553_012024-F.jpg",800,276,false],"1536x1536":["https:\/\/rms-enlinea.com.ar\/wp-content\/uploads\/2025\/06\/D_698244-MLU74181369553_012024-F.jpg",800,276,false],"2048x2048":["https:\/\/rms-enlinea.com.ar\/wp-content\/uploads\/2025\/06\/D_698244-MLU74181369553_012024-F.jpg",800,276,false],"woocommerce_thumbnail":["https:\/\/rms-enlinea.com.ar\/wp-content\/uploads\/2025\/06\/D_698244-MLU74181369553_012024-F-450x276.jpg",450,276,true],"woocommerce_single":["https:\/\/rms-enlinea.com.ar\/wp-content\/uploads\/2025\/06\/D_698244-MLU74181369553_012024-F-600x207.jpg",600,207,true],"woocommerce_gallery_thumbnail":["https:\/\/rms-enlinea.com.ar\/wp-content\/uploads\/2025\/06\/D_698244-MLU74181369553_012024-F-100x100.jpg",100,100,true]},"uagb_author_info":{"display_name":"nelson","author_link":"https:\/\/rms-enlinea.com.ar\/tienda\/author\/"},"uagb_comment_info":0,"uagb_excerpt":"ESPECIFICACIONES T\u00c9CNICAS Mouse Tecnolog\u00eda de sensor: Seguimiento \u00f3ptico de alta precisi\u00f3n Resoluci\u00f3n de sensor: 1.000 dpi N\u00famero de botones: 3 Rueda de desplazamiento: S\u00ed &#8211; Mec\u00e1nico Botones de desplazamiento: Bot\u00f3n central Mouse apto para Unifying: No Receptor apto para Unifying: No Duraci\u00f3n de las bater\u00edas del mouse: 18 meses Tipo de bater\u00edas del mouse: 1&hellip;","_links":{"self":[{"href":"https:\/\/rms-enlinea.com.ar\/tienda\/wp-json\/wp\/v2\/product\/52752","targetHints":{"allow":["GET"]}}],"collection":[{"href":"https:\/\/rms-enlinea.com.ar\/tienda\/wp-json\/wp\/v2\/product"}],"about":[{"href":"https:\/\/rms-enlinea.com.ar\/tienda\/wp-json\/wp\/v2\/types\/product"}],"replies":[{"embeddable":true,"href":"https:\/\/rms-enlinea.com.ar\/tienda\/wp-json\/wp\/v2\/comments?post=52752"}],"wp:featuredmedia":[{"embeddable":true,"href":"https:\/\/rms-enlinea.com.ar\/tienda\/wp-json\/wp\/v2\/media\/21551"}],"wp:attachment":[{"href":"https:\/\/rms-enlinea.com.ar\/tienda\/wp-json\/wp\/v2\/media?parent=52752"}],"wp:term":[{"taxonomy":"product_brand","embeddable":true,"href":"https:\/\/rms-enlinea.com.ar\/tienda\/wp-json\/wp\/v2\/product_brand?post=52752"},{"taxonomy":"product_cat","embeddable":true,"href":"https:\/\/rms-enlinea.com.ar\/tienda\/wp-json\/wp\/v2\/product_cat?post=52752"},{"taxonomy":"product_tag","embeddable":true,"href":"https:\/\/rms-enlinea.com.ar\/tienda\/wp-json\/wp\/v2\/product_tag?post=52752"}],"curies":[{"name":"wp","href":"https:\/\/api.w.org\/{rel}","templated":true}]}}