{"id":5276,"date":"2025-06-12T03:35:50","date_gmt":"2025-06-12T06:35:50","guid":{"rendered":"https:\/\/rms-enlinea.com.ar\/tienda\/producto\/monitor-philips-27-led-271e1sca-55-curvo-1920x1080-75hz\/"},"modified":"2026-04-06T13:57:31","modified_gmt":"2026-04-06T16:57:31","slug":"monitor-philips-27-led-271e1sca-55-curvo-1920x1080-75hz","status":"publish","type":"product","link":"https:\/\/rms-enlinea.com.ar\/tienda\/producto\/monitor-philips-27-led-271e1sca-55-curvo-1920x1080-75hz\/","title":{"rendered":"Monitor Philips 27 Led 271e1sca\/55 Curvo 1920&#215;1080 75hz"},"content":{"rendered":"<p>Conexiones del monitor de la computadora<\/p>\n<p>HDMI,VGA<br \/>Contraste<\/p>\n<p>3000:1<br \/>Tama\u00f1o de la pantalla<\/p>\n<p>27 &#8220;<br \/>Tipo de pantalla<\/p>\n<p>LCD<br \/>Condici\u00f3n del \u00edtem<\/p>\n<p>Nuevo<br \/>Es gamer<\/p>\n<p>S\u00ed<br \/>Es curvo<\/p>\n<p>S\u00ed<br \/>Frecuencia de actualizaci\u00f3n recomendada<\/p>\n<p>75 Hz<br \/>Resoluci\u00f3n de la pantalla<\/p>\n<p>1920 px x 1080 px<br \/>Relaci\u00f3n de aspecto<\/p>\n<p>16:9<br \/>Modelo alfanum\u00e9rico<\/p>\n<p>271E1SCA\/55<br \/>Marca<\/p>\n<p>Philips<br \/>Brillo<\/p>\n<p>250 cd\/m\u00b2<br \/>Cables incluidos<\/p>\n<p>Alimentaci\u00f3n<br \/>Color<\/p>\n<p>Negro<br \/>Peso sin soporte<\/p>\n<p>3.81 kg<br \/>Tecnolog\u00edas de sincronizaci\u00f3n<\/p>\n<p>FreeSync<br \/>Tipo de resoluci\u00f3n<\/p>\n<p>Full HD<\/p>\n","protected":false},"excerpt":{"rendered":"<p>Conexiones del monitor de la computadora HDMI,VGAContraste 3000:1Tama\u00f1o de la pantalla 27 &#8220;Tipo de pantalla LCDCondici\u00f3n del \u00edtem NuevoEs gamer S\u00edEs curvo S\u00edFrecuencia de actualizaci\u00f3n recomendada 75 HzResoluci\u00f3n de la pantalla 1920 px x 1080 pxRelaci\u00f3n de aspecto 16:9Modelo alfanum\u00e9rico 271E1SCA\/55Marca PhilipsBrillo 250 cd\/m\u00b2Cables incluidos Alimentaci\u00f3nColor NegroPeso sin soporte 3.81 kgTecnolog\u00edas de sincronizaci\u00f3n FreeSyncTipo de [&hellip;]<\/p>\n","protected":false},"featured_media":5277,"comment_status":"open","ping_status":"closed","template":"","meta":{"_uag_custom_page_level_css":""},"product_brand":[580],"product_cat":[114],"product_tag":[],"class_list":{"0":"post-5276","1":"product","2":"type-product","3":"status-publish","4":"has-post-thumbnail","6":"product_brand-philips","7":"product_cat-monitores","9":"first","10":"outofstock","11":"sale","12":"taxable","13":"shipping-taxable","14":"purchasable","15":"product-type-simple"},"uagb_featured_image_src":{"full":["https:\/\/rms-enlinea.com.ar\/wp-content\/uploads\/2025\/06\/D_634798-MLU72681204989_112023-F.jpg",805,610,false],"thumbnail":["https:\/\/rms-enlinea.com.ar\/wp-content\/uploads\/2025\/06\/D_634798-MLU72681204989_112023-F-150x150.jpg",150,150,true],"medium":["https:\/\/rms-enlinea.com.ar\/wp-content\/uploads\/2025\/06\/D_634798-MLU72681204989_112023-F-300x227.jpg",300,227,true],"medium_large":["https:\/\/rms-enlinea.com.ar\/wp-content\/uploads\/2025\/06\/D_634798-MLU72681204989_112023-F-768x582.jpg",768,582,true],"large":["https:\/\/rms-enlinea.com.ar\/wp-content\/uploads\/2025\/06\/D_634798-MLU72681204989_112023-F.jpg",805,610,false],"1536x1536":["https:\/\/rms-enlinea.com.ar\/wp-content\/uploads\/2025\/06\/D_634798-MLU72681204989_112023-F.jpg",805,610,false],"2048x2048":["https:\/\/rms-enlinea.com.ar\/wp-content\/uploads\/2025\/06\/D_634798-MLU72681204989_112023-F.jpg",805,610,false],"woocommerce_thumbnail":["https:\/\/rms-enlinea.com.ar\/wp-content\/uploads\/2025\/06\/D_634798-MLU72681204989_112023-F-450x450.jpg",450,450,true],"woocommerce_single":["https:\/\/rms-enlinea.com.ar\/wp-content\/uploads\/2025\/06\/D_634798-MLU72681204989_112023-F-600x455.jpg",600,455,true],"woocommerce_gallery_thumbnail":["https:\/\/rms-enlinea.com.ar\/wp-content\/uploads\/2025\/06\/D_634798-MLU72681204989_112023-F-100x100.jpg",100,100,true]},"uagb_author_info":{"display_name":"l0071054","author_link":"https:\/\/rms-enlinea.com.ar\/tienda\/author\/"},"uagb_comment_info":0,"uagb_excerpt":"Conexiones del monitor de la computadora HDMI,VGAContraste 3000:1Tama\u00f1o de la pantalla 27 &#8220;Tipo de pantalla LCDCondici\u00f3n del \u00edtem NuevoEs gamer S\u00edEs curvo S\u00edFrecuencia de actualizaci\u00f3n recomendada 75 HzResoluci\u00f3n de la pantalla 1920 px x 1080 pxRelaci\u00f3n de aspecto 16:9Modelo alfanum\u00e9rico 271E1SCA\/55Marca PhilipsBrillo 250 cd\/m\u00b2Cables incluidos Alimentaci\u00f3nColor NegroPeso sin soporte 3.81 kgTecnolog\u00edas de sincronizaci\u00f3n FreeSyncTipo de&hellip;","_links":{"self":[{"href":"https:\/\/rms-enlinea.com.ar\/tienda\/wp-json\/wp\/v2\/product\/5276","targetHints":{"allow":["GET"]}}],"collection":[{"href":"https:\/\/rms-enlinea.com.ar\/tienda\/wp-json\/wp\/v2\/product"}],"about":[{"href":"https:\/\/rms-enlinea.com.ar\/tienda\/wp-json\/wp\/v2\/types\/product"}],"replies":[{"embeddable":true,"href":"https:\/\/rms-enlinea.com.ar\/tienda\/wp-json\/wp\/v2\/comments?post=5276"}],"wp:featuredmedia":[{"embeddable":true,"href":"https:\/\/rms-enlinea.com.ar\/tienda\/wp-json\/wp\/v2\/media\/5277"}],"wp:attachment":[{"href":"https:\/\/rms-enlinea.com.ar\/tienda\/wp-json\/wp\/v2\/media?parent=5276"}],"wp:term":[{"taxonomy":"product_brand","embeddable":true,"href":"https:\/\/rms-enlinea.com.ar\/tienda\/wp-json\/wp\/v2\/product_brand?post=5276"},{"taxonomy":"product_cat","embeddable":true,"href":"https:\/\/rms-enlinea.com.ar\/tienda\/wp-json\/wp\/v2\/product_cat?post=5276"},{"taxonomy":"product_tag","embeddable":true,"href":"https:\/\/rms-enlinea.com.ar\/tienda\/wp-json\/wp\/v2\/product_tag?post=5276"}],"curies":[{"name":"wp","href":"https:\/\/api.w.org\/{rel}","templated":true}]}}