{"id":52770,"date":"2025-07-31T12:08:13","date_gmt":"2025-07-31T15:08:13","guid":{"rendered":"https:\/\/rms-enlinea.com.ar\/tienda\/producto\/procesador-amd-ryzen-7-7700x-am5-c-video-s-cooler-8-nucleos\/"},"modified":"2026-03-11T12:00:14","modified_gmt":"2026-03-11T15:00:14","slug":"procesador-amd-ryzen-7-7700x-am5-c-video-s-cooler-8-nucleos","status":"publish","type":"product","link":"https:\/\/rms-enlinea.com.ar\/tienda\/producto\/procesador-amd-ryzen-7-7700x-am5-c-video-s-cooler-8-nucleos\/","title":{"rendered":"Procesador Amd Ryzen 7 7700x Am5 C\/video S\/cooler 8 Nucleos"},"content":{"rendered":"<p>Plataforma Computadora de escritorio<\/p>\n<p>Familia de productos AMD Ryzen\u2122 Processors<\/p>\n<p>L\u00ednea de productos AMD Ryzen\u2122 7 Desktop Processors<\/p>\n<p>N.\u00b0 de n\u00facleos de CPU  8<\/p>\n<p>N.\u00b0 de subprocesos  16<\/p>\n<p>Reloj de aumento m\u00e1x. Hasta 5.4GHz<\/p>\n<p>Reloj base  4.5GHz<\/p>\n<p>Cach\u00e9 L1 total   512KB<\/p>\n<p>Cach\u00e9 L2 total   8MB<\/p>\n<p>Cach\u00e9 L3 total   32MB<\/p>\n<p>TDP\/TDP predeterminado  105W<\/p>\n<p>Desbloqueados   S\u00ed<\/p>\n<p>Paquete AM5<\/p>\n","protected":false},"excerpt":{"rendered":"<p>Plataforma Computadora de escritorio Familia de productos AMD Ryzen\u2122 Processors L\u00ednea de productos AMD Ryzen\u2122 7 Desktop Processors N.\u00b0 de n\u00facleos de CPU 8 N.\u00b0 de subprocesos 16 Reloj de aumento m\u00e1x. Hasta 5.4GHz Reloj base 4.5GHz Cach\u00e9 L1 total 512KB Cach\u00e9 L2 total 8MB Cach\u00e9 L3 total 32MB TDP\/TDP predeterminado 105W Desbloqueados S\u00ed Paquete [&hellip;]<\/p>\n","protected":false},"featured_media":13455,"comment_status":"open","ping_status":"closed","template":"","meta":{"_uag_custom_page_level_css":""},"product_brand":[531],"product_cat":[121],"product_tag":[],"class_list":{"0":"post-52770","1":"product","2":"type-product","3":"status-publish","4":"has-post-thumbnail","6":"product_brand-amd","7":"product_cat-procesadores-computacion","9":"first","10":"instock","11":"sale","12":"taxable","13":"shipping-taxable","14":"purchasable","15":"product-type-simple"},"uagb_featured_image_src":{"full":["https:\/\/rms-enlinea.com.ar\/wp-content\/uploads\/2025\/06\/D_765080-MLA52321392660_112022-F.jpg",1196,1200,false],"thumbnail":["https:\/\/rms-enlinea.com.ar\/wp-content\/uploads\/2025\/06\/D_765080-MLA52321392660_112022-F-150x150.jpg",150,150,true],"medium":["https:\/\/rms-enlinea.com.ar\/wp-content\/uploads\/2025\/06\/D_765080-MLA52321392660_112022-F-300x300.jpg",300,300,true],"medium_large":["https:\/\/rms-enlinea.com.ar\/wp-content\/uploads\/2025\/06\/D_765080-MLA52321392660_112022-F-768x771.jpg",768,771,true],"large":["https:\/\/rms-enlinea.com.ar\/wp-content\/uploads\/2025\/06\/D_765080-MLA52321392660_112022-F-1021x1024.jpg",1021,1024,true],"1536x1536":["https:\/\/rms-enlinea.com.ar\/wp-content\/uploads\/2025\/06\/D_765080-MLA52321392660_112022-F.jpg",1196,1200,false],"2048x2048":["https:\/\/rms-enlinea.com.ar\/wp-content\/uploads\/2025\/06\/D_765080-MLA52321392660_112022-F.jpg",1196,1200,false],"woocommerce_thumbnail":["https:\/\/rms-enlinea.com.ar\/wp-content\/uploads\/2025\/06\/D_765080-MLA52321392660_112022-F-450x450.jpg",450,450,true],"woocommerce_single":["https:\/\/rms-enlinea.com.ar\/wp-content\/uploads\/2025\/06\/D_765080-MLA52321392660_112022-F-600x602.jpg",600,602,true],"woocommerce_gallery_thumbnail":["https:\/\/rms-enlinea.com.ar\/wp-content\/uploads\/2025\/06\/D_765080-MLA52321392660_112022-F-100x100.jpg",100,100,true]},"uagb_author_info":{"display_name":"nelson","author_link":"https:\/\/rms-enlinea.com.ar\/tienda\/author\/"},"uagb_comment_info":0,"uagb_excerpt":"Plataforma Computadora de escritorio Familia de productos AMD Ryzen\u2122 Processors L\u00ednea de productos AMD Ryzen\u2122 7 Desktop Processors N.\u00b0 de n\u00facleos de CPU 8 N.\u00b0 de subprocesos 16 Reloj de aumento m\u00e1x. Hasta 5.4GHz Reloj base 4.5GHz Cach\u00e9 L1 total 512KB Cach\u00e9 L2 total 8MB Cach\u00e9 L3 total 32MB TDP\/TDP predeterminado 105W Desbloqueados S\u00ed Paquete&hellip;","_links":{"self":[{"href":"https:\/\/rms-enlinea.com.ar\/tienda\/wp-json\/wp\/v2\/product\/52770","targetHints":{"allow":["GET"]}}],"collection":[{"href":"https:\/\/rms-enlinea.com.ar\/tienda\/wp-json\/wp\/v2\/product"}],"about":[{"href":"https:\/\/rms-enlinea.com.ar\/tienda\/wp-json\/wp\/v2\/types\/product"}],"replies":[{"embeddable":true,"href":"https:\/\/rms-enlinea.com.ar\/tienda\/wp-json\/wp\/v2\/comments?post=52770"}],"wp:featuredmedia":[{"embeddable":true,"href":"https:\/\/rms-enlinea.com.ar\/tienda\/wp-json\/wp\/v2\/media\/13455"}],"wp:attachment":[{"href":"https:\/\/rms-enlinea.com.ar\/tienda\/wp-json\/wp\/v2\/media?parent=52770"}],"wp:term":[{"taxonomy":"product_brand","embeddable":true,"href":"https:\/\/rms-enlinea.com.ar\/tienda\/wp-json\/wp\/v2\/product_brand?post=52770"},{"taxonomy":"product_cat","embeddable":true,"href":"https:\/\/rms-enlinea.com.ar\/tienda\/wp-json\/wp\/v2\/product_cat?post=52770"},{"taxonomy":"product_tag","embeddable":true,"href":"https:\/\/rms-enlinea.com.ar\/tienda\/wp-json\/wp\/v2\/product_tag?post=52770"}],"curies":[{"name":"wp","href":"https:\/\/api.w.org\/{rel}","templated":true}]}}