{"id":52798,"date":"2025-07-31T12:22:49","date_gmt":"2025-07-31T15:22:49","guid":{"rendered":"https:\/\/rms-enlinea.com.ar\/tienda\/producto\/notebook-hp-255-g10-r5-7530u-15-8-gb-512-gb-freedos\/"},"modified":"2026-04-16T18:20:45","modified_gmt":"2026-04-16T21:20:45","slug":"notebook-hp-255-g10-r5-7530u-15-8-gb-512-gb-freedos","status":"publish","type":"product","link":"https:\/\/rms-enlinea.com.ar\/tienda\/producto\/notebook-hp-255-g10-r5-7530u-15-8-gb-512-gb-freedos\/","title":{"rendered":"Notebook Hp 255 G10 R5 7530u 15 8 Gb 512 Gb Freedos"},"content":{"rendered":"<p>Sistema operativo FreeDOS 3.0<br \/>\nMemoria 8 GB de RAM DDR4-3200 MHz (1 x 8 GB)<br \/>\nNota sobre memoria est\u00e1ndar Velocidades de transferencia de hasta 3200 MT\/s<br \/>\nRanuras de memoria 2 SODIMM<br \/>\nAlmacenamiento interno Unidad de estado s\u00f3lido PCIe\u00ae NVMe\u2122 de 512 GB<br \/>\nTipo de almacenamiento Unidad de estado s\u00f3lido<br \/>\nProcesador AMD Ryzen\u2122 5 7530U (velocidad de r\u00e1faga m\u00e1xima de hasta 4,5 GHz, 16 MB de cach\u00e9 L3, 6 n\u00facleos y 12 subprocesos)4,5<br \/>\nFamilia del procesador Procesador AMD Ryzen\u2122 5<br \/>\nPeso A partir de 1,52 kg6<br \/>\nTama\u00f1o de pantalla (diagonal) 39,6 cm (15,6&#8243;)<br \/>\nPantalla Pantalla HD, antirreflectante, con bisel angosto, de 39,6 cm (15,6&#8243;) en diagonal, 250 nits y 45 % de NTSC (1366 x 768)<br \/>\nPantalla t\u00e1ctil No<br \/>\nBrillo 250 nits<br \/>\nDimensiones m\u00ednimas (anch. x prof. x alt.) 36 x 23,6 x 1,86 cm<br \/>\nGr\u00e1ficos Integradas<br \/>\nGr\u00e1ficos (integrados) Gr\u00e1ficos AMD Radeon\u2122<br \/>\nTipo de bater\u00eda Iones de litio de 3 celdas y 41 Wh de larga duraci\u00f3n HP<br \/>\nNota sobre vida de la bater\u00eda La bater\u00eda es interna y el cliente no puede reemplazarla. Servicio t\u00e9cnico por garant\u00eda.<br \/>\nAlimentaci\u00f3n Adaptador de alimentaci\u00f3n externa de CA de 45W HP Smart7<br \/>\nTeclado Teclado de tama\u00f1o completo resistente a salpicaduras con teclado num\u00e9rico<br \/>\nDispositivo apuntador Mousepad que admite gestos multit\u00e1ctiles<br \/>\nFunciones de audio Altavoces est\u00e9reo, micr\u00f3fono digital integrado<br \/>\nC\u00e1mara C\u00e1mara HD de 720p<br \/>\nPuertos 1 USB Type-C\u00ae con velocidad de se\u00f1alizaci\u00f3n de 5 Gb\/s<br \/>\n2 USB Type-A con velocidad de se\u00f1alizaci\u00f3n de 5 Gb\/s<br \/>\n1 alimentaci\u00f3n de CA<br \/>\n1 HDMI 1.4b<br \/>\n1 conector est\u00e9reo para combinaci\u00f3n de auriculares y micr\u00f3fono8<br \/>\nInal\u00e1mbrico Tarjeta inal\u00e1mbrica Realtek Wi-Fi 6 RTL8852BE (2&#215;2) y Bluetooth\u00ae 5.3<br \/>\nColor de producto Plateado ceniza oscuro<br \/>\nEspecificaciones de impacto sustentable Bajo contenido de hal\u00f3geno<br \/>\nLa caja exterior y los cojines corrugados son 100 % sostenibles y reciclables<br \/>\nCojines de pl\u00e1stico reciclado<br \/>\n2 % pl\u00e1sticos reciclados posconsumo10,11,12,13<\/p>\n","protected":false},"excerpt":{"rendered":"<p>Sistema operativo FreeDOS 3.0 Memoria 8 GB de RAM DDR4-3200 MHz (1 x 8 GB) Nota sobre memoria est\u00e1ndar Velocidades de transferencia de hasta 3200 MT\/s Ranuras de memoria 2 SODIMM Almacenamiento interno Unidad de estado s\u00f3lido PCIe\u00ae NVMe\u2122 de 512 GB Tipo de almacenamiento Unidad de estado s\u00f3lido Procesador AMD Ryzen\u2122 5 7530U (velocidad [&hellip;]<\/p>\n","protected":false},"featured_media":22531,"comment_status":"open","ping_status":"closed","template":"","meta":{"_uag_custom_page_level_css":""},"product_brand":[552],"product_cat":[116],"product_tag":[],"class_list":{"0":"post-52798","1":"product","2":"type-product","3":"status-publish","4":"has-post-thumbnail","6":"product_brand-hp","7":"product_cat-notebooks-y-tablet","9":"first","10":"outofstock","11":"sale","12":"taxable","13":"shipping-taxable","14":"purchasable","15":"product-type-simple"},"uagb_featured_image_src":{"full":["https:\/\/rms-enlinea.com.ar\/wp-content\/uploads\/2025\/06\/D_802128-MLA84782513774_052025-F.jpg",1200,932,false],"thumbnail":["https:\/\/rms-enlinea.com.ar\/wp-content\/uploads\/2025\/06\/D_802128-MLA84782513774_052025-F-150x150.jpg",150,150,true],"medium":["https:\/\/rms-enlinea.com.ar\/wp-content\/uploads\/2025\/06\/D_802128-MLA84782513774_052025-F-300x233.jpg",300,233,true],"medium_large":["https:\/\/rms-enlinea.com.ar\/wp-content\/uploads\/2025\/06\/D_802128-MLA84782513774_052025-F-768x596.jpg",768,596,true],"large":["https:\/\/rms-enlinea.com.ar\/wp-content\/uploads\/2025\/06\/D_802128-MLA84782513774_052025-F-1024x795.jpg",1024,795,true],"1536x1536":["https:\/\/rms-enlinea.com.ar\/wp-content\/uploads\/2025\/06\/D_802128-MLA84782513774_052025-F.jpg",1200,932,false],"2048x2048":["https:\/\/rms-enlinea.com.ar\/wp-content\/uploads\/2025\/06\/D_802128-MLA84782513774_052025-F.jpg",1200,932,false],"woocommerce_thumbnail":["https:\/\/rms-enlinea.com.ar\/wp-content\/uploads\/2025\/06\/D_802128-MLA84782513774_052025-F-450x450.jpg",450,450,true],"woocommerce_single":["https:\/\/rms-enlinea.com.ar\/wp-content\/uploads\/2025\/06\/D_802128-MLA84782513774_052025-F-600x466.jpg",600,466,true],"woocommerce_gallery_thumbnail":["https:\/\/rms-enlinea.com.ar\/wp-content\/uploads\/2025\/06\/D_802128-MLA84782513774_052025-F-100x100.jpg",100,100,true]},"uagb_author_info":{"display_name":"nelson","author_link":"https:\/\/rms-enlinea.com.ar\/tienda\/author\/"},"uagb_comment_info":0,"uagb_excerpt":"Sistema operativo FreeDOS 3.0 Memoria 8 GB de RAM DDR4-3200 MHz (1 x 8 GB) Nota sobre memoria est\u00e1ndar Velocidades de transferencia de hasta 3200 MT\/s Ranuras de memoria 2 SODIMM Almacenamiento interno Unidad de estado s\u00f3lido PCIe\u00ae NVMe\u2122 de 512 GB Tipo de almacenamiento Unidad de estado s\u00f3lido Procesador AMD Ryzen\u2122 5 7530U (velocidad&hellip;","_links":{"self":[{"href":"https:\/\/rms-enlinea.com.ar\/tienda\/wp-json\/wp\/v2\/product\/52798","targetHints":{"allow":["GET"]}}],"collection":[{"href":"https:\/\/rms-enlinea.com.ar\/tienda\/wp-json\/wp\/v2\/product"}],"about":[{"href":"https:\/\/rms-enlinea.com.ar\/tienda\/wp-json\/wp\/v2\/types\/product"}],"replies":[{"embeddable":true,"href":"https:\/\/rms-enlinea.com.ar\/tienda\/wp-json\/wp\/v2\/comments?post=52798"}],"wp:featuredmedia":[{"embeddable":true,"href":"https:\/\/rms-enlinea.com.ar\/tienda\/wp-json\/wp\/v2\/media\/22531"}],"wp:attachment":[{"href":"https:\/\/rms-enlinea.com.ar\/tienda\/wp-json\/wp\/v2\/media?parent=52798"}],"wp:term":[{"taxonomy":"product_brand","embeddable":true,"href":"https:\/\/rms-enlinea.com.ar\/tienda\/wp-json\/wp\/v2\/product_brand?post=52798"},{"taxonomy":"product_cat","embeddable":true,"href":"https:\/\/rms-enlinea.com.ar\/tienda\/wp-json\/wp\/v2\/product_cat?post=52798"},{"taxonomy":"product_tag","embeddable":true,"href":"https:\/\/rms-enlinea.com.ar\/tienda\/wp-json\/wp\/v2\/product_tag?post=52798"}],"curies":[{"name":"wp","href":"https:\/\/api.w.org\/{rel}","templated":true}]}}