{"id":52805,"date":"2025-07-31T12:27:17","date_gmt":"2025-07-31T15:27:17","guid":{"rendered":"https:\/\/rms-enlinea.com.ar\/tienda\/producto\/placa-de-video-sapphire-radeon-rx-7900-xt-pulse-20gb-gddr6\/"},"modified":"2026-03-31T18:45:58","modified_gmt":"2026-03-31T21:45:58","slug":"placa-de-video-sapphire-radeon-rx-7900-xt-pulse-20gb-gddr6","status":"publish","type":"product","link":"https:\/\/rms-enlinea.com.ar\/tienda\/producto\/placa-de-video-sapphire-radeon-rx-7900-xt-pulse-20gb-gddr6\/","title":{"rendered":"Placa De Video Sapphire Radeon Rx 7900 Xt Pulse 20gb Gddr6"},"content":{"rendered":"<p>Este componente electr\u00f3nico procesa la informaci\u00f3n que llega al dispositivo y los transforma en im\u00e1genes o videos para mostrarla visualmente. Es ideal para trabajar con aplicaciones gr\u00e1ficas ya que permite obtener im\u00e1genes m\u00e1s n\u00edtidas.<\/p>\n<p>AMD es un fabricante estadounidense de placas de video, por su tecnolog\u00eda se ha destacado en crear procesadores de alta gama que permiten un excelente funcionamiento del motor gr\u00e1fico de tu computadora.<\/p>\n","protected":false},"excerpt":{"rendered":"<p>Este componente electr\u00f3nico procesa la informaci\u00f3n que llega al dispositivo y los transforma en im\u00e1genes o videos para mostrarla visualmente. Es ideal para trabajar con aplicaciones gr\u00e1ficas ya que permite obtener im\u00e1genes m\u00e1s n\u00edtidas. AMD es un fabricante estadounidense de placas de video, por su tecnolog\u00eda se ha destacado en crear procesadores de alta gama [&hellip;]<\/p>\n","protected":false},"featured_media":34741,"comment_status":"open","ping_status":"closed","template":"","meta":{"_uag_custom_page_level_css":""},"product_brand":[573],"product_cat":[120],"product_tag":[],"class_list":{"0":"post-52805","1":"product","2":"type-product","3":"status-publish","4":"has-post-thumbnail","6":"product_brand-sapphire","7":"product_cat-placas-de-video","9":"first","10":"outofstock","11":"sale","12":"taxable","13":"shipping-taxable","14":"purchasable","15":"product-type-simple"},"uagb_featured_image_src":{"full":["https:\/\/rms-enlinea.com.ar\/wp-content\/uploads\/2025\/06\/D_911603-MLU69342978625_052023-F.jpg",500,434,false],"thumbnail":["https:\/\/rms-enlinea.com.ar\/wp-content\/uploads\/2025\/06\/D_911603-MLU69342978625_052023-F-150x150.jpg",150,150,true],"medium":["https:\/\/rms-enlinea.com.ar\/wp-content\/uploads\/2025\/06\/D_911603-MLU69342978625_052023-F-300x260.jpg",300,260,true],"medium_large":["https:\/\/rms-enlinea.com.ar\/wp-content\/uploads\/2025\/06\/D_911603-MLU69342978625_052023-F.jpg",500,434,false],"large":["https:\/\/rms-enlinea.com.ar\/wp-content\/uploads\/2025\/06\/D_911603-MLU69342978625_052023-F.jpg",500,434,false],"1536x1536":["https:\/\/rms-enlinea.com.ar\/wp-content\/uploads\/2025\/06\/D_911603-MLU69342978625_052023-F.jpg",500,434,false],"2048x2048":["https:\/\/rms-enlinea.com.ar\/wp-content\/uploads\/2025\/06\/D_911603-MLU69342978625_052023-F.jpg",500,434,false],"woocommerce_thumbnail":["https:\/\/rms-enlinea.com.ar\/wp-content\/uploads\/2025\/06\/D_911603-MLU69342978625_052023-F-450x434.jpg",450,434,true],"woocommerce_single":["https:\/\/rms-enlinea.com.ar\/wp-content\/uploads\/2025\/06\/D_911603-MLU69342978625_052023-F.jpg",500,434,false],"woocommerce_gallery_thumbnail":["https:\/\/rms-enlinea.com.ar\/wp-content\/uploads\/2025\/06\/D_911603-MLU69342978625_052023-F-100x100.jpg",100,100,true]},"uagb_author_info":{"display_name":"nelson","author_link":"https:\/\/rms-enlinea.com.ar\/tienda\/author\/"},"uagb_comment_info":0,"uagb_excerpt":"Este componente electr\u00f3nico procesa la informaci\u00f3n que llega al dispositivo y los transforma en im\u00e1genes o videos para mostrarla visualmente. Es ideal para trabajar con aplicaciones gr\u00e1ficas ya que permite obtener im\u00e1genes m\u00e1s n\u00edtidas. AMD es un fabricante estadounidense de placas de video, por su tecnolog\u00eda se ha destacado en crear procesadores de alta gama&hellip;","_links":{"self":[{"href":"https:\/\/rms-enlinea.com.ar\/tienda\/wp-json\/wp\/v2\/product\/52805","targetHints":{"allow":["GET"]}}],"collection":[{"href":"https:\/\/rms-enlinea.com.ar\/tienda\/wp-json\/wp\/v2\/product"}],"about":[{"href":"https:\/\/rms-enlinea.com.ar\/tienda\/wp-json\/wp\/v2\/types\/product"}],"replies":[{"embeddable":true,"href":"https:\/\/rms-enlinea.com.ar\/tienda\/wp-json\/wp\/v2\/comments?post=52805"}],"wp:featuredmedia":[{"embeddable":true,"href":"https:\/\/rms-enlinea.com.ar\/tienda\/wp-json\/wp\/v2\/media\/34741"}],"wp:attachment":[{"href":"https:\/\/rms-enlinea.com.ar\/tienda\/wp-json\/wp\/v2\/media?parent=52805"}],"wp:term":[{"taxonomy":"product_brand","embeddable":true,"href":"https:\/\/rms-enlinea.com.ar\/tienda\/wp-json\/wp\/v2\/product_brand?post=52805"},{"taxonomy":"product_cat","embeddable":true,"href":"https:\/\/rms-enlinea.com.ar\/tienda\/wp-json\/wp\/v2\/product_cat?post=52805"},{"taxonomy":"product_tag","embeddable":true,"href":"https:\/\/rms-enlinea.com.ar\/tienda\/wp-json\/wp\/v2\/product_tag?post=52805"}],"curies":[{"name":"wp","href":"https:\/\/api.w.org\/{rel}","templated":true}]}}