{"id":52814,"date":"2025-07-31T12:40:09","date_gmt":"2025-07-31T15:40:09","guid":{"rendered":"https:\/\/rms-enlinea.com.ar\/tienda\/producto\/mouse-inalambrico-genius-nx-7015-chocolate-1600dpi\/"},"modified":"2026-04-21T05:13:55","modified_gmt":"2026-04-21T08:13:55","slug":"mouse-inalambrico-genius-nx-7015-chocolate-1600dpi","status":"publish","type":"product","link":"https:\/\/rms-enlinea.com.ar\/tienda\/producto\/mouse-inalambrico-genius-nx-7015-chocolate-1600dpi\/","title":{"rendered":"Mouse Inalambrico Genius Nx-7015 Chocolate 1600dpi"},"content":{"rendered":"<p>Marca<\/p>\n<p>Genius<br \/>\nSistemas operativos compatibles<\/p>\n<p>Windows 7,Windows 8,Windows 8.1,Windows 10,macOS X 10.8,macOS X 10.7.4<br \/>\nTipo de mouse<\/p>\n<p>Convencional<br \/>\nAltura<\/p>\n<p>38.5 mm<br \/>\nInterfaces<\/p>\n<p>USB<br \/>\nEs recargable<\/p>\n<p>No<br \/>\nEs inal\u00e1mbrico USB<\/p>\n<p>S\u00ed<br \/>\nLargo<\/p>\n<p>100 mm<br \/>\nModelo<\/p>\n<p>NX-7015<br \/>\nCantidad de botones<\/p>\n<p>3<br \/>\nRadio frecuencia<\/p>\n<p>2.4 GHz<br \/>\nResoluci\u00f3n del sensor<\/p>\n<p>1600 dpi<br \/>\nTecnolog\u00eda del sensor<\/p>\n<p>BlueEye<br \/>\nEmbalaje del env\u00edo<\/p>\n<p>Caja<br \/>\nPeso<\/p>\n<p>57 g<br \/>\nAncho<\/p>\n<p>58 mm<br \/>\nCon Bluetooth<\/p>\n<p>No<br \/>\nCon cable retr\u00e1ctil<\/p>\n<p>No<br \/>\nCon rueda de desplazamiento<\/p>\n<p>S\u00ed<\/p>\n","protected":false},"excerpt":{"rendered":"<p>Marca Genius Sistemas operativos compatibles Windows 7,Windows 8,Windows 8.1,Windows 10,macOS X 10.8,macOS X 10.7.4 Tipo de mouse Convencional Altura 38.5 mm Interfaces USB Es recargable No Es inal\u00e1mbrico USB S\u00ed Largo 100 mm Modelo NX-7015 Cantidad de botones 3 Radio frecuencia 2.4 GHz Resoluci\u00f3n del sensor 1600 dpi Tecnolog\u00eda del sensor BlueEye Embalaje del env\u00edo [&hellip;]<\/p>\n","protected":false},"featured_media":29914,"comment_status":"open","ping_status":"closed","template":"","meta":{"_uag_custom_page_level_css":""},"product_brand":[550],"product_cat":[125],"product_tag":[],"class_list":{"0":"post-52814","1":"product","2":"type-product","3":"status-publish","4":"has-post-thumbnail","6":"product_brand-genius","7":"product_cat-teclados-y-mouses","9":"first","10":"outofstock","11":"sale","12":"taxable","13":"shipping-taxable","14":"purchasable","15":"product-type-simple"},"uagb_featured_image_src":{"full":["https:\/\/rms-enlinea.com.ar\/wp-content\/uploads\/2025\/06\/D_865758-MLA32841419716_112019-F.jpg",684,888,false],"thumbnail":["https:\/\/rms-enlinea.com.ar\/wp-content\/uploads\/2025\/06\/D_865758-MLA32841419716_112019-F-150x150.jpg",150,150,true],"medium":["https:\/\/rms-enlinea.com.ar\/wp-content\/uploads\/2025\/06\/D_865758-MLA32841419716_112019-F-231x300.jpg",231,300,true],"medium_large":["https:\/\/rms-enlinea.com.ar\/wp-content\/uploads\/2025\/06\/D_865758-MLA32841419716_112019-F.jpg",684,888,false],"large":["https:\/\/rms-enlinea.com.ar\/wp-content\/uploads\/2025\/06\/D_865758-MLA32841419716_112019-F.jpg",684,888,false],"1536x1536":["https:\/\/rms-enlinea.com.ar\/wp-content\/uploads\/2025\/06\/D_865758-MLA32841419716_112019-F.jpg",684,888,false],"2048x2048":["https:\/\/rms-enlinea.com.ar\/wp-content\/uploads\/2025\/06\/D_865758-MLA32841419716_112019-F.jpg",684,888,false],"woocommerce_thumbnail":["https:\/\/rms-enlinea.com.ar\/wp-content\/uploads\/2025\/06\/D_865758-MLA32841419716_112019-F-450x450.jpg",450,450,true],"woocommerce_single":["https:\/\/rms-enlinea.com.ar\/wp-content\/uploads\/2025\/06\/D_865758-MLA32841419716_112019-F-600x779.jpg",600,779,true],"woocommerce_gallery_thumbnail":["https:\/\/rms-enlinea.com.ar\/wp-content\/uploads\/2025\/06\/D_865758-MLA32841419716_112019-F-100x100.jpg",100,100,true]},"uagb_author_info":{"display_name":"nelson","author_link":"https:\/\/rms-enlinea.com.ar\/tienda\/author\/"},"uagb_comment_info":0,"uagb_excerpt":"Marca Genius Sistemas operativos compatibles Windows 7,Windows 8,Windows 8.1,Windows 10,macOS X 10.8,macOS X 10.7.4 Tipo de mouse Convencional Altura 38.5 mm Interfaces USB Es recargable No Es inal\u00e1mbrico USB S\u00ed Largo 100 mm Modelo NX-7015 Cantidad de botones 3 Radio frecuencia 2.4 GHz Resoluci\u00f3n del sensor 1600 dpi Tecnolog\u00eda del sensor BlueEye Embalaje del env\u00edo&hellip;","_links":{"self":[{"href":"https:\/\/rms-enlinea.com.ar\/tienda\/wp-json\/wp\/v2\/product\/52814","targetHints":{"allow":["GET"]}}],"collection":[{"href":"https:\/\/rms-enlinea.com.ar\/tienda\/wp-json\/wp\/v2\/product"}],"about":[{"href":"https:\/\/rms-enlinea.com.ar\/tienda\/wp-json\/wp\/v2\/types\/product"}],"replies":[{"embeddable":true,"href":"https:\/\/rms-enlinea.com.ar\/tienda\/wp-json\/wp\/v2\/comments?post=52814"}],"wp:featuredmedia":[{"embeddable":true,"href":"https:\/\/rms-enlinea.com.ar\/tienda\/wp-json\/wp\/v2\/media\/29914"}],"wp:attachment":[{"href":"https:\/\/rms-enlinea.com.ar\/tienda\/wp-json\/wp\/v2\/media?parent=52814"}],"wp:term":[{"taxonomy":"product_brand","embeddable":true,"href":"https:\/\/rms-enlinea.com.ar\/tienda\/wp-json\/wp\/v2\/product_brand?post=52814"},{"taxonomy":"product_cat","embeddable":true,"href":"https:\/\/rms-enlinea.com.ar\/tienda\/wp-json\/wp\/v2\/product_cat?post=52814"},{"taxonomy":"product_tag","embeddable":true,"href":"https:\/\/rms-enlinea.com.ar\/tienda\/wp-json\/wp\/v2\/product_tag?post=52814"}],"curies":[{"name":"wp","href":"https:\/\/api.w.org\/{rel}","templated":true}]}}