{"id":52819,"date":"2025-07-31T12:41:34","date_gmt":"2025-07-31T15:41:34","guid":{"rendered":"https:\/\/rms-enlinea.com.ar\/tienda\/producto\/router-tp-link-ec220-f5-ac1200-dual-band-867mbps\/"},"modified":"2026-04-21T04:17:17","modified_gmt":"2026-04-21T07:17:17","slug":"router-tp-link-ec220-f5-ac1200-dual-band-867mbps","status":"publish","type":"product","link":"https:\/\/rms-enlinea.com.ar\/tienda\/producto\/router-tp-link-ec220-f5-ac1200-dual-band-867mbps\/","title":{"rendered":"Router Tp-link Ec220-f5 Ac1200 Dual Band 867mbps"},"content":{"rendered":"<p>CARACTER\u00cdSTICAS DE HARDWARE<br \/>\nInterface 1\u00d7 10\/100 Mbps WAN Port<br \/>\n4\u00d7 10\/100 Mbps LAN Ports<br \/>\nDimensiones (An x Pr x Al) (229.9 \u00d7 144.2 \u00d7 36.9 mm)<br \/>\nAntena 4 External Antennas<\/p>\n<p>CARACTER\u00cdSTICAS INAL\u00c1MBRICAS<br \/>\nFrecuencia 2.4 GHz and 5 GHz<br \/>\nTasa de se\u00f1al 2.4 GHz: 300 Mbps<br \/>\n5 GHz: 867 Mbps*<\/p>\n","protected":false},"excerpt":{"rendered":"<p>CARACTER\u00cdSTICAS DE HARDWARE Interface 1\u00d7 10\/100 Mbps WAN Port 4\u00d7 10\/100 Mbps LAN Ports Dimensiones (An x Pr x Al) (229.9 \u00d7 144.2 \u00d7 36.9 mm) Antena 4 External Antennas CARACTER\u00cdSTICAS INAL\u00c1MBRICAS Frecuencia 2.4 GHz and 5 GHz Tasa de se\u00f1al 2.4 GHz: 300 Mbps 5 GHz: 867 Mbps*<\/p>\n","protected":false},"featured_media":30624,"comment_status":"open","ping_status":"closed","template":"","meta":{"_uag_custom_page_level_css":""},"product_brand":[546],"product_cat":[122],"product_tag":[],"class_list":{"0":"post-52819","1":"product","2":"type-product","3":"status-publish","4":"has-post-thumbnail","6":"product_brand-tplink","7":"product_cat-redes-y-conectividad","9":"first","10":"outofstock","11":"sale","12":"taxable","13":"shipping-taxable","14":"purchasable","15":"product-type-simple"},"uagb_featured_image_src":{"full":["https:\/\/rms-enlinea.com.ar\/wp-content\/uploads\/2025\/06\/D_809403-MLU72582888972_112023-F.jpg",976,966,false],"thumbnail":["https:\/\/rms-enlinea.com.ar\/wp-content\/uploads\/2025\/06\/D_809403-MLU72582888972_112023-F-150x150.jpg",150,150,true],"medium":["https:\/\/rms-enlinea.com.ar\/wp-content\/uploads\/2025\/06\/D_809403-MLU72582888972_112023-F-300x297.jpg",300,297,true],"medium_large":["https:\/\/rms-enlinea.com.ar\/wp-content\/uploads\/2025\/06\/D_809403-MLU72582888972_112023-F-768x760.jpg",768,760,true],"large":["https:\/\/rms-enlinea.com.ar\/wp-content\/uploads\/2025\/06\/D_809403-MLU72582888972_112023-F.jpg",976,966,false],"1536x1536":["https:\/\/rms-enlinea.com.ar\/wp-content\/uploads\/2025\/06\/D_809403-MLU72582888972_112023-F.jpg",976,966,false],"2048x2048":["https:\/\/rms-enlinea.com.ar\/wp-content\/uploads\/2025\/06\/D_809403-MLU72582888972_112023-F.jpg",976,966,false],"woocommerce_thumbnail":["https:\/\/rms-enlinea.com.ar\/wp-content\/uploads\/2025\/06\/D_809403-MLU72582888972_112023-F-450x450.jpg",450,450,true],"woocommerce_single":["https:\/\/rms-enlinea.com.ar\/wp-content\/uploads\/2025\/06\/D_809403-MLU72582888972_112023-F-600x594.jpg",600,594,true],"woocommerce_gallery_thumbnail":["https:\/\/rms-enlinea.com.ar\/wp-content\/uploads\/2025\/06\/D_809403-MLU72582888972_112023-F-100x100.jpg",100,100,true]},"uagb_author_info":{"display_name":"nelson","author_link":"https:\/\/rms-enlinea.com.ar\/tienda\/author\/"},"uagb_comment_info":0,"uagb_excerpt":"CARACTER\u00cdSTICAS DE HARDWARE Interface 1\u00d7 10\/100 Mbps WAN Port 4\u00d7 10\/100 Mbps LAN Ports Dimensiones (An x Pr x Al) (229.9 \u00d7 144.2 \u00d7 36.9 mm) Antena 4 External Antennas CARACTER\u00cdSTICAS INAL\u00c1MBRICAS Frecuencia 2.4 GHz and 5 GHz Tasa de se\u00f1al 2.4 GHz: 300 Mbps 5 GHz: 867 Mbps*","_links":{"self":[{"href":"https:\/\/rms-enlinea.com.ar\/tienda\/wp-json\/wp\/v2\/product\/52819","targetHints":{"allow":["GET"]}}],"collection":[{"href":"https:\/\/rms-enlinea.com.ar\/tienda\/wp-json\/wp\/v2\/product"}],"about":[{"href":"https:\/\/rms-enlinea.com.ar\/tienda\/wp-json\/wp\/v2\/types\/product"}],"replies":[{"embeddable":true,"href":"https:\/\/rms-enlinea.com.ar\/tienda\/wp-json\/wp\/v2\/comments?post=52819"}],"wp:featuredmedia":[{"embeddable":true,"href":"https:\/\/rms-enlinea.com.ar\/tienda\/wp-json\/wp\/v2\/media\/30624"}],"wp:attachment":[{"href":"https:\/\/rms-enlinea.com.ar\/tienda\/wp-json\/wp\/v2\/media?parent=52819"}],"wp:term":[{"taxonomy":"product_brand","embeddable":true,"href":"https:\/\/rms-enlinea.com.ar\/tienda\/wp-json\/wp\/v2\/product_brand?post=52819"},{"taxonomy":"product_cat","embeddable":true,"href":"https:\/\/rms-enlinea.com.ar\/tienda\/wp-json\/wp\/v2\/product_cat?post=52819"},{"taxonomy":"product_tag","embeddable":true,"href":"https:\/\/rms-enlinea.com.ar\/tienda\/wp-json\/wp\/v2\/product_tag?post=52819"}],"curies":[{"name":"wp","href":"https:\/\/api.w.org\/{rel}","templated":true}]}}