{"id":52822,"date":"2025-07-31T12:42:32","date_gmt":"2025-07-31T15:42:32","guid":{"rendered":"https:\/\/rms-enlinea.com.ar\/tienda\/producto\/mouse-inalambrico-logitech-m170-blue-grey-910-006863-1000-dp\/"},"modified":"2026-04-10T11:50:29","modified_gmt":"2026-04-10T14:50:29","slug":"mouse-inalambrico-logitech-m170-blue-grey-910-006863-1000-dp","status":"publish","type":"product","link":"https:\/\/rms-enlinea.com.ar\/tienda\/producto\/mouse-inalambrico-logitech-m170-blue-grey-910-006863-1000-dp\/","title":{"rendered":"Mouse Inalambrico Logitech M170 Blue Grey 910-006863 1000 Dp"},"content":{"rendered":"<p>Dimensiones<br \/>\nAltura: 97.7 mm<br \/>\nAncho: 61.5 mm<br \/>\nProfundidad: 35.2 mm<br \/>\nPeso (con bater\u00edas): 70,5 g<br \/>\nTecnolog\u00eda de sensor<br \/>\nSeguimiento \u00f3ptico uniforme<br \/>\nDPI (m\u00edn.\/m\u00e1x.): 1000\u00b1<\/p>\n","protected":false},"excerpt":{"rendered":"<p>Dimensiones Altura: 97.7 mm Ancho: 61.5 mm Profundidad: 35.2 mm Peso (con bater\u00edas): 70,5 g Tecnolog\u00eda de sensor Seguimiento \u00f3ptico uniforme DPI (m\u00edn.\/m\u00e1x.): 1000\u00b1<\/p>\n","protected":false},"featured_media":5750,"comment_status":"open","ping_status":"closed","template":"","meta":{"_uag_custom_page_level_css":""},"product_brand":[549],"product_cat":[125],"product_tag":[],"class_list":{"0":"post-52822","1":"product","2":"type-product","3":"status-publish","4":"has-post-thumbnail","6":"product_brand-logitech","7":"product_cat-teclados-y-mouses","9":"first","10":"instock","11":"sale","12":"taxable","13":"shipping-taxable","14":"purchasable","15":"product-type-simple"},"uagb_featured_image_src":{"full":["https:\/\/rms-enlinea.com.ar\/wp-content\/uploads\/2025\/06\/D_794706-MLU72417504909_102023-F.jpg",965,1148,false],"thumbnail":["https:\/\/rms-enlinea.com.ar\/wp-content\/uploads\/2025\/06\/D_794706-MLU72417504909_102023-F-150x150.jpg",150,150,true],"medium":["https:\/\/rms-enlinea.com.ar\/wp-content\/uploads\/2025\/06\/D_794706-MLU72417504909_102023-F-252x300.jpg",252,300,true],"medium_large":["https:\/\/rms-enlinea.com.ar\/wp-content\/uploads\/2025\/06\/D_794706-MLU72417504909_102023-F-768x914.jpg",768,914,true],"large":["https:\/\/rms-enlinea.com.ar\/wp-content\/uploads\/2025\/06\/D_794706-MLU72417504909_102023-F-861x1024.jpg",861,1024,true],"1536x1536":["https:\/\/rms-enlinea.com.ar\/wp-content\/uploads\/2025\/06\/D_794706-MLU72417504909_102023-F.jpg",965,1148,false],"2048x2048":["https:\/\/rms-enlinea.com.ar\/wp-content\/uploads\/2025\/06\/D_794706-MLU72417504909_102023-F.jpg",965,1148,false],"woocommerce_thumbnail":["https:\/\/rms-enlinea.com.ar\/wp-content\/uploads\/2025\/06\/D_794706-MLU72417504909_102023-F-450x450.jpg",450,450,true],"woocommerce_single":["https:\/\/rms-enlinea.com.ar\/wp-content\/uploads\/2025\/06\/D_794706-MLU72417504909_102023-F-600x714.jpg",600,714,true],"woocommerce_gallery_thumbnail":["https:\/\/rms-enlinea.com.ar\/wp-content\/uploads\/2025\/06\/D_794706-MLU72417504909_102023-F-100x100.jpg",100,100,true]},"uagb_author_info":{"display_name":"nelson","author_link":"https:\/\/rms-enlinea.com.ar\/tienda\/author\/"},"uagb_comment_info":0,"uagb_excerpt":"Dimensiones Altura: 97.7 mm Ancho: 61.5 mm Profundidad: 35.2 mm Peso (con bater\u00edas): 70,5 g Tecnolog\u00eda de sensor Seguimiento \u00f3ptico uniforme DPI (m\u00edn.\/m\u00e1x.): 1000\u00b1","_links":{"self":[{"href":"https:\/\/rms-enlinea.com.ar\/tienda\/wp-json\/wp\/v2\/product\/52822","targetHints":{"allow":["GET"]}}],"collection":[{"href":"https:\/\/rms-enlinea.com.ar\/tienda\/wp-json\/wp\/v2\/product"}],"about":[{"href":"https:\/\/rms-enlinea.com.ar\/tienda\/wp-json\/wp\/v2\/types\/product"}],"replies":[{"embeddable":true,"href":"https:\/\/rms-enlinea.com.ar\/tienda\/wp-json\/wp\/v2\/comments?post=52822"}],"wp:featuredmedia":[{"embeddable":true,"href":"https:\/\/rms-enlinea.com.ar\/tienda\/wp-json\/wp\/v2\/media\/5750"}],"wp:attachment":[{"href":"https:\/\/rms-enlinea.com.ar\/tienda\/wp-json\/wp\/v2\/media?parent=52822"}],"wp:term":[{"taxonomy":"product_brand","embeddable":true,"href":"https:\/\/rms-enlinea.com.ar\/tienda\/wp-json\/wp\/v2\/product_brand?post=52822"},{"taxonomy":"product_cat","embeddable":true,"href":"https:\/\/rms-enlinea.com.ar\/tienda\/wp-json\/wp\/v2\/product_cat?post=52822"},{"taxonomy":"product_tag","embeddable":true,"href":"https:\/\/rms-enlinea.com.ar\/tienda\/wp-json\/wp\/v2\/product_tag?post=52822"}],"curies":[{"name":"wp","href":"https:\/\/api.w.org\/{rel}","templated":true}]}}