{"id":52825,"date":"2025-07-31T12:42:43","date_gmt":"2025-07-31T15:42:43","guid":{"rendered":"https:\/\/rms-enlinea.com.ar\/tienda\/producto\/mouse-inalambrico-logitech-m280-910-004284-1000dpi\/"},"modified":"2026-04-02T16:55:50","modified_gmt":"2026-04-02T19:55:50","slug":"mouse-inalambrico-logitech-m280-910-004284-1000dpi","status":"publish","type":"product","link":"https:\/\/rms-enlinea.com.ar\/tienda\/producto\/mouse-inalambrico-logitech-m280-910-004284-1000dpi\/","title":{"rendered":"Mouse Inalambrico Logitech M280 910-004284 1000dpi"},"content":{"rendered":"<p>ESPECIFICACIONES T\u00c9CNICAS<br \/>\n\u00b7 Mouse \u00b7 Tecnolog\u00eda de sensor<br \/>\nAltura: 105.4 mm Seguimiento \u00f3ptico de alta precisi\u00f3n<br \/>\nAncho: 67.9 mm DPI (m\u00edn.\/m\u00e1x.): 1000\u00b1<br \/>\nProfundidad: 38.4 mm \u00b7 Botones<br \/>\nPeso (con bater\u00edas): 91.0 g N\u00famero de botones: 3 (click izquierdo\/derecho, click de bot\u00f3n central)<br \/>\n\u00b7 Receptor USB \u00b7 Desplazamiento<br \/>\nAltura: 14,4 mm Desplazamiento l\u00ednea por l\u00ednea<br \/>\nAncho: 18,7 mm Rueda de desplazamiento: S\u00ed, hule, 2D, mec\u00e1nico<br \/>\nProfundidad: 6,1 mm \u00b7 Duraci\u00f3n de bater\u00edas<br \/>\nPeso: 1,8 g Duraci\u00f3n de bater\u00edas: 18 meses<\/p>\n","protected":false},"excerpt":{"rendered":"<p>ESPECIFICACIONES T\u00c9CNICAS \u00b7 Mouse \u00b7 Tecnolog\u00eda de sensor Altura: 105.4 mm Seguimiento \u00f3ptico de alta precisi\u00f3n Ancho: 67.9 mm DPI (m\u00edn.\/m\u00e1x.): 1000\u00b1 Profundidad: 38.4 mm \u00b7 Botones Peso (con bater\u00edas): 91.0 g N\u00famero de botones: 3 (click izquierdo\/derecho, click de bot\u00f3n central) \u00b7 Receptor USB \u00b7 Desplazamiento Altura: 14,4 mm Desplazamiento l\u00ednea por l\u00ednea Ancho: [&hellip;]<\/p>\n","protected":false},"featured_media":21271,"comment_status":"open","ping_status":"closed","template":"","meta":{"_uag_custom_page_level_css":""},"product_brand":[549],"product_cat":[125],"product_tag":[],"class_list":{"0":"post-52825","1":"product","2":"type-product","3":"status-publish","4":"has-post-thumbnail","6":"product_brand-logitech","7":"product_cat-teclados-y-mouses","9":"first","10":"outofstock","11":"sale","12":"taxable","13":"shipping-taxable","14":"purchasable","15":"product-type-simple"},"uagb_featured_image_src":{"full":["https:\/\/rms-enlinea.com.ar\/wp-content\/uploads\/2025\/06\/D_915362-MLU78423743555_082024-F.jpg",952,1200,false],"thumbnail":["https:\/\/rms-enlinea.com.ar\/wp-content\/uploads\/2025\/06\/D_915362-MLU78423743555_082024-F-150x150.jpg",150,150,true],"medium":["https:\/\/rms-enlinea.com.ar\/wp-content\/uploads\/2025\/06\/D_915362-MLU78423743555_082024-F-238x300.jpg",238,300,true],"medium_large":["https:\/\/rms-enlinea.com.ar\/wp-content\/uploads\/2025\/06\/D_915362-MLU78423743555_082024-F-768x968.jpg",768,968,true],"large":["https:\/\/rms-enlinea.com.ar\/wp-content\/uploads\/2025\/06\/D_915362-MLU78423743555_082024-F-812x1024.jpg",812,1024,true],"1536x1536":["https:\/\/rms-enlinea.com.ar\/wp-content\/uploads\/2025\/06\/D_915362-MLU78423743555_082024-F.jpg",952,1200,false],"2048x2048":["https:\/\/rms-enlinea.com.ar\/wp-content\/uploads\/2025\/06\/D_915362-MLU78423743555_082024-F.jpg",952,1200,false],"woocommerce_thumbnail":["https:\/\/rms-enlinea.com.ar\/wp-content\/uploads\/2025\/06\/D_915362-MLU78423743555_082024-F-450x450.jpg",450,450,true],"woocommerce_single":["https:\/\/rms-enlinea.com.ar\/wp-content\/uploads\/2025\/06\/D_915362-MLU78423743555_082024-F-600x756.jpg",600,756,true],"woocommerce_gallery_thumbnail":["https:\/\/rms-enlinea.com.ar\/wp-content\/uploads\/2025\/06\/D_915362-MLU78423743555_082024-F-100x100.jpg",100,100,true]},"uagb_author_info":{"display_name":"nelson","author_link":"https:\/\/rms-enlinea.com.ar\/tienda\/author\/"},"uagb_comment_info":0,"uagb_excerpt":"ESPECIFICACIONES T\u00c9CNICAS \u00b7 Mouse \u00b7 Tecnolog\u00eda de sensor Altura: 105.4 mm Seguimiento \u00f3ptico de alta precisi\u00f3n Ancho: 67.9 mm DPI (m\u00edn.\/m\u00e1x.): 1000\u00b1 Profundidad: 38.4 mm \u00b7 Botones Peso (con bater\u00edas): 91.0 g N\u00famero de botones: 3 (click izquierdo\/derecho, click de bot\u00f3n central) \u00b7 Receptor USB \u00b7 Desplazamiento Altura: 14,4 mm Desplazamiento l\u00ednea por l\u00ednea Ancho:&hellip;","_links":{"self":[{"href":"https:\/\/rms-enlinea.com.ar\/tienda\/wp-json\/wp\/v2\/product\/52825","targetHints":{"allow":["GET"]}}],"collection":[{"href":"https:\/\/rms-enlinea.com.ar\/tienda\/wp-json\/wp\/v2\/product"}],"about":[{"href":"https:\/\/rms-enlinea.com.ar\/tienda\/wp-json\/wp\/v2\/types\/product"}],"replies":[{"embeddable":true,"href":"https:\/\/rms-enlinea.com.ar\/tienda\/wp-json\/wp\/v2\/comments?post=52825"}],"wp:featuredmedia":[{"embeddable":true,"href":"https:\/\/rms-enlinea.com.ar\/tienda\/wp-json\/wp\/v2\/media\/21271"}],"wp:attachment":[{"href":"https:\/\/rms-enlinea.com.ar\/tienda\/wp-json\/wp\/v2\/media?parent=52825"}],"wp:term":[{"taxonomy":"product_brand","embeddable":true,"href":"https:\/\/rms-enlinea.com.ar\/tienda\/wp-json\/wp\/v2\/product_brand?post=52825"},{"taxonomy":"product_cat","embeddable":true,"href":"https:\/\/rms-enlinea.com.ar\/tienda\/wp-json\/wp\/v2\/product_cat?post=52825"},{"taxonomy":"product_tag","embeddable":true,"href":"https:\/\/rms-enlinea.com.ar\/tienda\/wp-json\/wp\/v2\/product_tag?post=52825"}],"curies":[{"name":"wp","href":"https:\/\/api.w.org\/{rel}","templated":true}]}}