{"id":52831,"date":"2025-07-31T12:43:32","date_gmt":"2025-07-31T15:43:32","guid":{"rendered":"https:\/\/rms-enlinea.com.ar\/tienda\/producto\/procesador-intel-core-i3-12100-s1700-4-nucleos-4-30-ghz\/"},"modified":"2026-03-28T10:50:37","modified_gmt":"2026-03-28T13:50:37","slug":"procesador-intel-core-i3-12100-s1700-4-nucleos-4-30-ghz","status":"publish","type":"product","link":"https:\/\/rms-enlinea.com.ar\/tienda\/producto\/procesador-intel-core-i3-12100-s1700-4-nucleos-4-30-ghz\/","title":{"rendered":"Procesador Intel Core I3 12100 S1700 4 Nucleos 4.30 Ghz"},"content":{"rendered":"<p>Nombre en c\u00f3digo: Productos anteriormente Alder Lake<\/p>\n<p>N\u00famero de procesador: i3-12100<\/p>\n<p>Fecha de lanzamiento: Q1&#8217;22<\/p>\n<p>Condiciones de uso: PC\/Cliente\/Tablet<\/p>\n<p>N\u00facleos totales: 4<\/p>\n<p>N\u00famero de n\u00facleos de rendimiento: 4<\/p>\n<p>N\u00famero de n\u00facleos eficientes: 0<\/p>\n<p>Hilos totales: 8<\/p>\n<p>Frecuencia turbo m\u00e1xima: 4,30 GHz<\/p>\n<p>Frecuencia turbo m\u00e1xima del n\u00facleo de rendimiento: 4,30 GHz<\/p>\n<p>Frecuencia base del n\u00facleo de rendimiento: 3,30 GHz<\/p>\n<p>Cache: 12 MB de cach\u00e9 inteligente Intel\u00ae<\/p>\n<p>Cach\u00e9 L2 total: 5 MB<\/p>\n<p>Potencia base del procesador: 60 vatios<\/p>\n<p>M\u00e1xima potencia turbo: 89 vatios<\/p>\n","protected":false},"excerpt":{"rendered":"<p>Nombre en c\u00f3digo: Productos anteriormente Alder Lake N\u00famero de procesador: i3-12100 Fecha de lanzamiento: Q1&#8217;22 Condiciones de uso: PC\/Cliente\/Tablet N\u00facleos totales: 4 N\u00famero de n\u00facleos de rendimiento: 4 N\u00famero de n\u00facleos eficientes: 0 Hilos totales: 8 Frecuencia turbo m\u00e1xima: 4,30 GHz Frecuencia turbo m\u00e1xima del n\u00facleo de rendimiento: 4,30 GHz Frecuencia base del n\u00facleo de [&hellip;]<\/p>\n","protected":false},"featured_media":4663,"comment_status":"open","ping_status":"closed","template":"","meta":{"_uag_custom_page_level_css":""},"product_brand":[530],"product_cat":[121],"product_tag":[],"class_list":{"0":"post-52831","1":"product","2":"type-product","3":"status-publish","4":"has-post-thumbnail","6":"product_brand-intel","7":"product_cat-procesadores-computacion","9":"first","10":"instock","11":"sale","12":"taxable","13":"shipping-taxable","14":"purchasable","15":"product-type-simple"},"uagb_featured_image_src":{"full":["https:\/\/rms-enlinea.com.ar\/wp-content\/uploads\/2025\/06\/D_828160-MLU74695500404_022024-F.jpg",1009,1084,false],"thumbnail":["https:\/\/rms-enlinea.com.ar\/wp-content\/uploads\/2025\/06\/D_828160-MLU74695500404_022024-F-150x150.jpg",150,150,true],"medium":["https:\/\/rms-enlinea.com.ar\/wp-content\/uploads\/2025\/06\/D_828160-MLU74695500404_022024-F-279x300.jpg",279,300,true],"medium_large":["https:\/\/rms-enlinea.com.ar\/wp-content\/uploads\/2025\/06\/D_828160-MLU74695500404_022024-F-768x825.jpg",768,825,true],"large":["https:\/\/rms-enlinea.com.ar\/wp-content\/uploads\/2025\/06\/D_828160-MLU74695500404_022024-F-953x1024.jpg",953,1024,true],"1536x1536":["https:\/\/rms-enlinea.com.ar\/wp-content\/uploads\/2025\/06\/D_828160-MLU74695500404_022024-F.jpg",1009,1084,false],"2048x2048":["https:\/\/rms-enlinea.com.ar\/wp-content\/uploads\/2025\/06\/D_828160-MLU74695500404_022024-F.jpg",1009,1084,false],"woocommerce_thumbnail":["https:\/\/rms-enlinea.com.ar\/wp-content\/uploads\/2025\/06\/D_828160-MLU74695500404_022024-F-450x450.jpg",450,450,true],"woocommerce_single":["https:\/\/rms-enlinea.com.ar\/wp-content\/uploads\/2025\/06\/D_828160-MLU74695500404_022024-F-600x645.jpg",600,645,true],"woocommerce_gallery_thumbnail":["https:\/\/rms-enlinea.com.ar\/wp-content\/uploads\/2025\/06\/D_828160-MLU74695500404_022024-F-100x100.jpg",100,100,true]},"uagb_author_info":{"display_name":"nelson","author_link":"https:\/\/rms-enlinea.com.ar\/tienda\/author\/"},"uagb_comment_info":0,"uagb_excerpt":"Nombre en c\u00f3digo: Productos anteriormente Alder Lake N\u00famero de procesador: i3-12100 Fecha de lanzamiento: Q1&#8217;22 Condiciones de uso: PC\/Cliente\/Tablet N\u00facleos totales: 4 N\u00famero de n\u00facleos de rendimiento: 4 N\u00famero de n\u00facleos eficientes: 0 Hilos totales: 8 Frecuencia turbo m\u00e1xima: 4,30 GHz Frecuencia turbo m\u00e1xima del n\u00facleo de rendimiento: 4,30 GHz Frecuencia base del n\u00facleo de&hellip;","_links":{"self":[{"href":"https:\/\/rms-enlinea.com.ar\/tienda\/wp-json\/wp\/v2\/product\/52831","targetHints":{"allow":["GET"]}}],"collection":[{"href":"https:\/\/rms-enlinea.com.ar\/tienda\/wp-json\/wp\/v2\/product"}],"about":[{"href":"https:\/\/rms-enlinea.com.ar\/tienda\/wp-json\/wp\/v2\/types\/product"}],"replies":[{"embeddable":true,"href":"https:\/\/rms-enlinea.com.ar\/tienda\/wp-json\/wp\/v2\/comments?post=52831"}],"wp:featuredmedia":[{"embeddable":true,"href":"https:\/\/rms-enlinea.com.ar\/tienda\/wp-json\/wp\/v2\/media\/4663"}],"wp:attachment":[{"href":"https:\/\/rms-enlinea.com.ar\/tienda\/wp-json\/wp\/v2\/media?parent=52831"}],"wp:term":[{"taxonomy":"product_brand","embeddable":true,"href":"https:\/\/rms-enlinea.com.ar\/tienda\/wp-json\/wp\/v2\/product_brand?post=52831"},{"taxonomy":"product_cat","embeddable":true,"href":"https:\/\/rms-enlinea.com.ar\/tienda\/wp-json\/wp\/v2\/product_cat?post=52831"},{"taxonomy":"product_tag","embeddable":true,"href":"https:\/\/rms-enlinea.com.ar\/tienda\/wp-json\/wp\/v2\/product_tag?post=52831"}],"curies":[{"name":"wp","href":"https:\/\/api.w.org\/{rel}","templated":true}]}}