{"id":52836,"date":"2025-07-31T12:44:18","date_gmt":"2025-07-31T15:44:18","guid":{"rendered":"https:\/\/rms-enlinea.com.ar\/tienda\/producto\/punto-de-acceso-interior-tp-link-eap245-ac1750-pared\/"},"modified":"2026-04-02T23:54:23","modified_gmt":"2026-04-03T02:54:23","slug":"punto-de-acceso-interior-tp-link-eap245-ac1750-pared","status":"publish","type":"product","link":"https:\/\/rms-enlinea.com.ar\/tienda\/producto\/punto-de-acceso-interior-tp-link-eap245-ac1750-pared\/","title":{"rendered":"Punto De Acceso Interior Tp-link Eap245 Ac1750 Pared"},"content":{"rendered":"<p>Junto con m\u00faltiples opciones de autenticaci\u00f3n (SMS \/ Facebook Wi-Fi \/ Voucher, etc.) y abundantes tecnolog\u00edas de seguridad inal\u00e1mbrica. Tecnolog\u00eda inal\u00e1mbrica avanzada: optimiza el rendimiento de la red con las tecnolog\u00edas MU-MIMO, Band Steering, Airtime Fairness y Beamforming.<\/p>\n","protected":false},"excerpt":{"rendered":"<p>Junto con m\u00faltiples opciones de autenticaci\u00f3n (SMS \/ Facebook Wi-Fi \/ Voucher, etc.) y abundantes tecnolog\u00edas de seguridad inal\u00e1mbrica. Tecnolog\u00eda inal\u00e1mbrica avanzada: optimiza el rendimiento de la red con las tecnolog\u00edas MU-MIMO, Band Steering, Airtime Fairness y Beamforming.<\/p>\n","protected":false},"featured_media":23787,"comment_status":"open","ping_status":"closed","template":"","meta":{"_uag_custom_page_level_css":""},"product_brand":[546],"product_cat":[122],"product_tag":[],"class_list":{"0":"post-52836","1":"product","2":"type-product","3":"status-publish","4":"has-post-thumbnail","6":"product_brand-tplink","7":"product_cat-redes-y-conectividad","9":"first","10":"outofstock","11":"sale","12":"taxable","13":"shipping-taxable","14":"purchasable","15":"product-type-simple"},"uagb_featured_image_src":{"full":["https:\/\/rms-enlinea.com.ar\/wp-content\/uploads\/2025\/06\/D_798798-MLU79325985443_092024-F.jpg",1199,1044,false],"thumbnail":["https:\/\/rms-enlinea.com.ar\/wp-content\/uploads\/2025\/06\/D_798798-MLU79325985443_092024-F-150x150.jpg",150,150,true],"medium":["https:\/\/rms-enlinea.com.ar\/wp-content\/uploads\/2025\/06\/D_798798-MLU79325985443_092024-F-300x261.jpg",300,261,true],"medium_large":["https:\/\/rms-enlinea.com.ar\/wp-content\/uploads\/2025\/06\/D_798798-MLU79325985443_092024-F-768x669.jpg",768,669,true],"large":["https:\/\/rms-enlinea.com.ar\/wp-content\/uploads\/2025\/06\/D_798798-MLU79325985443_092024-F-1024x892.jpg",1024,892,true],"1536x1536":["https:\/\/rms-enlinea.com.ar\/wp-content\/uploads\/2025\/06\/D_798798-MLU79325985443_092024-F.jpg",1199,1044,false],"2048x2048":["https:\/\/rms-enlinea.com.ar\/wp-content\/uploads\/2025\/06\/D_798798-MLU79325985443_092024-F.jpg",1199,1044,false],"woocommerce_thumbnail":["https:\/\/rms-enlinea.com.ar\/wp-content\/uploads\/2025\/06\/D_798798-MLU79325985443_092024-F-450x450.jpg",450,450,true],"woocommerce_single":["https:\/\/rms-enlinea.com.ar\/wp-content\/uploads\/2025\/06\/D_798798-MLU79325985443_092024-F-600x522.jpg",600,522,true],"woocommerce_gallery_thumbnail":["https:\/\/rms-enlinea.com.ar\/wp-content\/uploads\/2025\/06\/D_798798-MLU79325985443_092024-F-100x100.jpg",100,100,true]},"uagb_author_info":{"display_name":"nelson","author_link":"https:\/\/rms-enlinea.com.ar\/tienda\/author\/"},"uagb_comment_info":0,"uagb_excerpt":"Junto con m\u00faltiples opciones de autenticaci\u00f3n (SMS \/ Facebook Wi-Fi \/ Voucher, etc.) y abundantes tecnolog\u00edas de seguridad inal\u00e1mbrica. Tecnolog\u00eda inal\u00e1mbrica avanzada: optimiza el rendimiento de la red con las tecnolog\u00edas MU-MIMO, Band Steering, Airtime Fairness y Beamforming.","_links":{"self":[{"href":"https:\/\/rms-enlinea.com.ar\/tienda\/wp-json\/wp\/v2\/product\/52836","targetHints":{"allow":["GET"]}}],"collection":[{"href":"https:\/\/rms-enlinea.com.ar\/tienda\/wp-json\/wp\/v2\/product"}],"about":[{"href":"https:\/\/rms-enlinea.com.ar\/tienda\/wp-json\/wp\/v2\/types\/product"}],"replies":[{"embeddable":true,"href":"https:\/\/rms-enlinea.com.ar\/tienda\/wp-json\/wp\/v2\/comments?post=52836"}],"wp:featuredmedia":[{"embeddable":true,"href":"https:\/\/rms-enlinea.com.ar\/tienda\/wp-json\/wp\/v2\/media\/23787"}],"wp:attachment":[{"href":"https:\/\/rms-enlinea.com.ar\/tienda\/wp-json\/wp\/v2\/media?parent=52836"}],"wp:term":[{"taxonomy":"product_brand","embeddable":true,"href":"https:\/\/rms-enlinea.com.ar\/tienda\/wp-json\/wp\/v2\/product_brand?post=52836"},{"taxonomy":"product_cat","embeddable":true,"href":"https:\/\/rms-enlinea.com.ar\/tienda\/wp-json\/wp\/v2\/product_cat?post=52836"},{"taxonomy":"product_tag","embeddable":true,"href":"https:\/\/rms-enlinea.com.ar\/tienda\/wp-json\/wp\/v2\/product_tag?post=52836"}],"curies":[{"name":"wp","href":"https:\/\/api.w.org\/{rel}","templated":true}]}}