{"id":52839,"date":"2025-07-31T12:44:43","date_gmt":"2025-07-31T15:44:43","guid":{"rendered":"https:\/\/rms-enlinea.com.ar\/tienda\/producto\/mouse-inalambrico-genius-nx-7000x-1200-dpi-blueye\/"},"modified":"2026-04-24T17:30:20","modified_gmt":"2026-04-24T20:30:20","slug":"mouse-inalambrico-genius-nx-7000x-1200-dpi-blueye","status":"publish","type":"product","link":"https:\/\/rms-enlinea.com.ar\/tienda\/producto\/mouse-inalambrico-genius-nx-7000x-1200-dpi-blueye\/","title":{"rendered":"Mouse Inalambrico Genius Nx-7000x 1200 Dpi Blueye"},"content":{"rendered":"<p>Resoluci\u00f3n del sensor<\/p>\n<p>1200 dpi<br \/>\nTecnolog\u00eda del sensor<\/p>\n<p>BlueEye<br \/>\nCon conexi\u00f3n USB<\/p>\n<p>S\u00ed<br \/>\nCon cable<\/p>\n<p>No<br \/>\nMarca<\/p>\n<p>Genius<br \/>\nTipo de mouse<\/p>\n<p>Inalambrico<br \/>\nColor<\/p>\n<p>Negro<br \/>\nModelo<\/p>\n<p>NX-7000X<br \/>\nTipo de sensor<\/p>\n<p>\u00d3ptico<br \/>\nCon Bluetooth<\/p>\n<p>No<\/p>\n","protected":false},"excerpt":{"rendered":"<p>Resoluci\u00f3n del sensor 1200 dpi Tecnolog\u00eda del sensor BlueEye Con conexi\u00f3n USB S\u00ed Con cable No Marca Genius Tipo de mouse Inalambrico Color Negro Modelo NX-7000X Tipo de sensor \u00d3ptico Con Bluetooth No<\/p>\n","protected":false},"featured_media":28792,"comment_status":"open","ping_status":"closed","template":"","meta":{"_uag_custom_page_level_css":""},"product_brand":[550],"product_cat":[125],"product_tag":[],"class_list":{"0":"post-52839","1":"product","2":"type-product","3":"status-publish","4":"has-post-thumbnail","6":"product_brand-genius","7":"product_cat-teclados-y-mouses","9":"first","10":"outofstock","11":"sale","12":"taxable","13":"shipping-taxable","14":"purchasable","15":"product-type-simple"},"uagb_featured_image_src":{"full":["https:\/\/rms-enlinea.com.ar\/wp-content\/uploads\/2025\/06\/D_733759-MLU78224876553_082024-F.jpg",326,583,false],"thumbnail":["https:\/\/rms-enlinea.com.ar\/wp-content\/uploads\/2025\/06\/D_733759-MLU78224876553_082024-F-150x150.jpg",150,150,true],"medium":["https:\/\/rms-enlinea.com.ar\/wp-content\/uploads\/2025\/06\/D_733759-MLU78224876553_082024-F-168x300.jpg",168,300,true],"medium_large":["https:\/\/rms-enlinea.com.ar\/wp-content\/uploads\/2025\/06\/D_733759-MLU78224876553_082024-F.jpg",326,583,false],"large":["https:\/\/rms-enlinea.com.ar\/wp-content\/uploads\/2025\/06\/D_733759-MLU78224876553_082024-F.jpg",326,583,false],"1536x1536":["https:\/\/rms-enlinea.com.ar\/wp-content\/uploads\/2025\/06\/D_733759-MLU78224876553_082024-F.jpg",326,583,false],"2048x2048":["https:\/\/rms-enlinea.com.ar\/wp-content\/uploads\/2025\/06\/D_733759-MLU78224876553_082024-F.jpg",326,583,false],"woocommerce_thumbnail":["https:\/\/rms-enlinea.com.ar\/wp-content\/uploads\/2025\/06\/D_733759-MLU78224876553_082024-F-326x450.jpg",326,450,true],"woocommerce_single":["https:\/\/rms-enlinea.com.ar\/wp-content\/uploads\/2025\/06\/D_733759-MLU78224876553_082024-F.jpg",326,583,false],"woocommerce_gallery_thumbnail":["https:\/\/rms-enlinea.com.ar\/wp-content\/uploads\/2025\/06\/D_733759-MLU78224876553_082024-F-100x100.jpg",100,100,true]},"uagb_author_info":{"display_name":"nelson","author_link":"https:\/\/rms-enlinea.com.ar\/tienda\/author\/"},"uagb_comment_info":0,"uagb_excerpt":"Resoluci\u00f3n del sensor 1200 dpi Tecnolog\u00eda del sensor BlueEye Con conexi\u00f3n USB S\u00ed Con cable No Marca Genius Tipo de mouse Inalambrico Color Negro Modelo NX-7000X Tipo de sensor \u00d3ptico Con Bluetooth No","_links":{"self":[{"href":"https:\/\/rms-enlinea.com.ar\/tienda\/wp-json\/wp\/v2\/product\/52839","targetHints":{"allow":["GET"]}}],"collection":[{"href":"https:\/\/rms-enlinea.com.ar\/tienda\/wp-json\/wp\/v2\/product"}],"about":[{"href":"https:\/\/rms-enlinea.com.ar\/tienda\/wp-json\/wp\/v2\/types\/product"}],"replies":[{"embeddable":true,"href":"https:\/\/rms-enlinea.com.ar\/tienda\/wp-json\/wp\/v2\/comments?post=52839"}],"wp:featuredmedia":[{"embeddable":true,"href":"https:\/\/rms-enlinea.com.ar\/tienda\/wp-json\/wp\/v2\/media\/28792"}],"wp:attachment":[{"href":"https:\/\/rms-enlinea.com.ar\/tienda\/wp-json\/wp\/v2\/media?parent=52839"}],"wp:term":[{"taxonomy":"product_brand","embeddable":true,"href":"https:\/\/rms-enlinea.com.ar\/tienda\/wp-json\/wp\/v2\/product_brand?post=52839"},{"taxonomy":"product_cat","embeddable":true,"href":"https:\/\/rms-enlinea.com.ar\/tienda\/wp-json\/wp\/v2\/product_cat?post=52839"},{"taxonomy":"product_tag","embeddable":true,"href":"https:\/\/rms-enlinea.com.ar\/tienda\/wp-json\/wp\/v2\/product_tag?post=52839"}],"curies":[{"name":"wp","href":"https:\/\/api.w.org\/{rel}","templated":true}]}}