{"id":52842,"date":"2025-07-31T12:44:57","date_gmt":"2025-07-31T15:44:57","guid":{"rendered":"https:\/\/rms-enlinea.com.ar\/tienda\/producto\/monitor-philips-led-19-193v5lhsb2-1366x768-lcd-60hz\/"},"modified":"2026-04-21T04:04:44","modified_gmt":"2026-04-21T07:04:44","slug":"monitor-philips-led-19-193v5lhsb2-1366x768-lcd-60hz","status":"publish","type":"product","link":"https:\/\/rms-enlinea.com.ar\/tienda\/producto\/monitor-philips-led-19-193v5lhsb2-1366x768-lcd-60hz\/","title":{"rendered":"Monitor Philips Led 19 193v5lhsb2 1366&#215;768 Lcd 60hz"},"content":{"rendered":"<p>Relaci\u00f3n de aspecto<\/p>\n<p>16:9<br \/>\nMarca<\/p>\n<p>Philips<br \/>\nBrillo<\/p>\n<p>200 cd\/m\u00b2<br \/>\nConexiones del monitor de la computadora<\/p>\n<p>HDMI,VGA\/D-Sub<br \/>\nContraste<\/p>\n<p>700:1<br \/>\nResoluci\u00f3n de la pantalla<\/p>\n<p>1366 px x 768 px<br \/>\nTama\u00f1o de la pantalla<\/p>\n<p>18.5 &#8221;<br \/>\nTipo de pantalla<\/p>\n<p>LCD<br \/>\nAltura sin soporte<\/p>\n<p>273 mm<br \/>\nAltura con soporte<\/p>\n<p>338 mm<br \/>\n\u00c1ngulo de visi\u00f3n horizontal<\/p>\n<p>90\u00b0<br \/>\nCables incluidos<\/p>\n<p>Cable de alimentaci\u00f3n,HDMI,VGA<br \/>\nEs reclinable<\/p>\n<p>S\u00ed<br \/>\nLargo sin soporte<\/p>\n<p>48 mm<br \/>\nLargo con soporte<\/p>\n<p>170 mm<br \/>\nL\u00ednea<\/p>\n<p>V<br \/>\nModelo<\/p>\n<p>193V5LHSB2<br \/>\nSistemas operativos compatibles<\/p>\n<p>Windows 10,Windows 7,Windows 8<br \/>\nTipo de panel<\/p>\n<p>TFT<br \/>\nFrecuencia de actualizaci\u00f3n recomendada<\/p>\n<p>60 Hz<br \/>\nTipo de resoluci\u00f3n<\/p>\n<p>Full HD<br \/>\nCantidad de colores de la pantalla<\/p>\n<p>16.7 millones<br \/>\n\u00c1ngulo de visi\u00f3n vertical<\/p>\n<p>65\u00b0<br \/>\nVoltaje<\/p>\n<p>100V\/240V<br \/>\nPeso sin soporte<\/p>\n<p>1.94 kg<br \/>\nPeso con soporte<\/p>\n<p>2.147 kg<br \/>\nAncho sin soporte<\/p>\n<p>437 mm<br \/>\nAncho con soporte<\/p>\n<p>437 mm<br \/>\nCon montaje VESA<\/p>\n<p>S\u00ed<\/p>\n","protected":false},"excerpt":{"rendered":"<p>Relaci\u00f3n de aspecto 16:9 Marca Philips Brillo 200 cd\/m\u00b2 Conexiones del monitor de la computadora HDMI,VGA\/D-Sub Contraste 700:1 Resoluci\u00f3n de la pantalla 1366 px x 768 px Tama\u00f1o de la pantalla 18.5 &#8221; Tipo de pantalla LCD Altura sin soporte 273 mm Altura con soporte 338 mm \u00c1ngulo de visi\u00f3n horizontal 90\u00b0 Cables incluidos Cable [&hellip;]<\/p>\n","protected":false},"featured_media":21928,"comment_status":"open","ping_status":"closed","template":"","meta":{"_uag_custom_page_level_css":""},"product_brand":[580],"product_cat":[114],"product_tag":[],"class_list":{"0":"post-52842","1":"product","2":"type-product","3":"status-publish","4":"has-post-thumbnail","6":"product_brand-philips","7":"product_cat-monitores","9":"first","10":"outofstock","11":"sale","12":"taxable","13":"shipping-taxable","14":"purchasable","15":"product-type-simple"},"uagb_featured_image_src":{"full":["https:\/\/rms-enlinea.com.ar\/wp-content\/uploads\/2025\/06\/D_640006-MLU78043969365_072024-F.jpg",1199,1063,false],"thumbnail":["https:\/\/rms-enlinea.com.ar\/wp-content\/uploads\/2025\/06\/D_640006-MLU78043969365_072024-F-150x150.jpg",150,150,true],"medium":["https:\/\/rms-enlinea.com.ar\/wp-content\/uploads\/2025\/06\/D_640006-MLU78043969365_072024-F-300x266.jpg",300,266,true],"medium_large":["https:\/\/rms-enlinea.com.ar\/wp-content\/uploads\/2025\/06\/D_640006-MLU78043969365_072024-F-768x681.jpg",768,681,true],"large":["https:\/\/rms-enlinea.com.ar\/wp-content\/uploads\/2025\/06\/D_640006-MLU78043969365_072024-F-1024x908.jpg",1024,908,true],"1536x1536":["https:\/\/rms-enlinea.com.ar\/wp-content\/uploads\/2025\/06\/D_640006-MLU78043969365_072024-F.jpg",1199,1063,false],"2048x2048":["https:\/\/rms-enlinea.com.ar\/wp-content\/uploads\/2025\/06\/D_640006-MLU78043969365_072024-F.jpg",1199,1063,false],"woocommerce_thumbnail":["https:\/\/rms-enlinea.com.ar\/wp-content\/uploads\/2025\/06\/D_640006-MLU78043969365_072024-F-450x450.jpg",450,450,true],"woocommerce_single":["https:\/\/rms-enlinea.com.ar\/wp-content\/uploads\/2025\/06\/D_640006-MLU78043969365_072024-F-600x532.jpg",600,532,true],"woocommerce_gallery_thumbnail":["https:\/\/rms-enlinea.com.ar\/wp-content\/uploads\/2025\/06\/D_640006-MLU78043969365_072024-F-100x100.jpg",100,100,true]},"uagb_author_info":{"display_name":"nelson","author_link":"https:\/\/rms-enlinea.com.ar\/tienda\/author\/"},"uagb_comment_info":0,"uagb_excerpt":"Relaci\u00f3n de aspecto 16:9 Marca Philips Brillo 200 cd\/m\u00b2 Conexiones del monitor de la computadora HDMI,VGA\/D-Sub Contraste 700:1 Resoluci\u00f3n de la pantalla 1366 px x 768 px Tama\u00f1o de la pantalla 18.5 &#8221; Tipo de pantalla LCD Altura sin soporte 273 mm Altura con soporte 338 mm \u00c1ngulo de visi\u00f3n horizontal 90\u00b0 Cables incluidos Cable&hellip;","_links":{"self":[{"href":"https:\/\/rms-enlinea.com.ar\/tienda\/wp-json\/wp\/v2\/product\/52842","targetHints":{"allow":["GET"]}}],"collection":[{"href":"https:\/\/rms-enlinea.com.ar\/tienda\/wp-json\/wp\/v2\/product"}],"about":[{"href":"https:\/\/rms-enlinea.com.ar\/tienda\/wp-json\/wp\/v2\/types\/product"}],"replies":[{"embeddable":true,"href":"https:\/\/rms-enlinea.com.ar\/tienda\/wp-json\/wp\/v2\/comments?post=52842"}],"wp:featuredmedia":[{"embeddable":true,"href":"https:\/\/rms-enlinea.com.ar\/tienda\/wp-json\/wp\/v2\/media\/21928"}],"wp:attachment":[{"href":"https:\/\/rms-enlinea.com.ar\/tienda\/wp-json\/wp\/v2\/media?parent=52842"}],"wp:term":[{"taxonomy":"product_brand","embeddable":true,"href":"https:\/\/rms-enlinea.com.ar\/tienda\/wp-json\/wp\/v2\/product_brand?post=52842"},{"taxonomy":"product_cat","embeddable":true,"href":"https:\/\/rms-enlinea.com.ar\/tienda\/wp-json\/wp\/v2\/product_cat?post=52842"},{"taxonomy":"product_tag","embeddable":true,"href":"https:\/\/rms-enlinea.com.ar\/tienda\/wp-json\/wp\/v2\/product_tag?post=52842"}],"curies":[{"name":"wp","href":"https:\/\/api.w.org\/{rel}","templated":true}]}}