{"id":52848,"date":"2025-07-31T12:46:40","date_gmt":"2025-07-31T15:46:40","guid":{"rendered":"https:\/\/rms-enlinea.com.ar\/tienda\/producto\/mouse-usb-genius-dx-120-white-1000-dpi-3-botones\/"},"modified":"2026-04-02T16:27:57","modified_gmt":"2026-04-02T19:27:57","slug":"mouse-usb-genius-dx-120-white-1000-dpi-3-botones","status":"publish","type":"product","link":"https:\/\/rms-enlinea.com.ar\/tienda\/producto\/mouse-usb-genius-dx-120-white-1000-dpi-3-botones\/","title":{"rendered":"Mouse Usb Genius Dx-120 White 1000 Dpi 3 Botones"},"content":{"rendered":"<p>Nombre del modelo<\/p>\n<p>DX-120<br \/>\nInterfaz USB<br \/>\nUnidad de sensor \u00d3ptico<br \/>\nResoluci\u00f3n (DPI) 1000<br \/>\nCantidad de botones Tres (izquierda, derecha y central con desplazamiento)<br \/>\nLongitud de cable de alimentaci\u00f3n 1.5m<br \/>\nSoporte SmartGenius S\u00ed<br \/>\nCompatible con sistema operativo Windows 7, 8, 8.1, 10<\/p>\n","protected":false},"excerpt":{"rendered":"<p>Nombre del modelo DX-120 Interfaz USB Unidad de sensor \u00d3ptico Resoluci\u00f3n (DPI) 1000 Cantidad de botones Tres (izquierda, derecha y central con desplazamiento) Longitud de cable de alimentaci\u00f3n 1.5m Soporte SmartGenius S\u00ed Compatible con sistema operativo Windows 7, 8, 8.1, 10<\/p>\n","protected":false},"featured_media":52849,"comment_status":"open","ping_status":"closed","template":"","meta":{"_uag_custom_page_level_css":""},"product_brand":[550],"product_cat":[125],"product_tag":[],"class_list":{"0":"post-52848","1":"product","2":"type-product","3":"status-publish","4":"has-post-thumbnail","6":"product_brand-genius","7":"product_cat-teclados-y-mouses","9":"first","10":"instock","11":"sale","12":"taxable","13":"shipping-taxable","14":"purchasable","15":"product-type-simple"},"uagb_featured_image_src":{"full":["https:\/\/rms-enlinea.com.ar\/wp-content\/uploads\/2025\/07\/D_704835-MLA88704752696_072025-F.jpg",635,1192,false],"thumbnail":["https:\/\/rms-enlinea.com.ar\/wp-content\/uploads\/2025\/07\/D_704835-MLA88704752696_072025-F-150x150.jpg",150,150,true],"medium":["https:\/\/rms-enlinea.com.ar\/wp-content\/uploads\/2025\/07\/D_704835-MLA88704752696_072025-F-160x300.jpg",160,300,true],"medium_large":["https:\/\/rms-enlinea.com.ar\/wp-content\/uploads\/2025\/07\/D_704835-MLA88704752696_072025-F.jpg",635,1192,false],"large":["https:\/\/rms-enlinea.com.ar\/wp-content\/uploads\/2025\/07\/D_704835-MLA88704752696_072025-F-546x1024.jpg",546,1024,true],"1536x1536":["https:\/\/rms-enlinea.com.ar\/wp-content\/uploads\/2025\/07\/D_704835-MLA88704752696_072025-F.jpg",635,1192,false],"2048x2048":["https:\/\/rms-enlinea.com.ar\/wp-content\/uploads\/2025\/07\/D_704835-MLA88704752696_072025-F.jpg",635,1192,false],"woocommerce_thumbnail":["https:\/\/rms-enlinea.com.ar\/wp-content\/uploads\/2025\/07\/D_704835-MLA88704752696_072025-F-450x450.jpg",450,450,true],"woocommerce_single":["https:\/\/rms-enlinea.com.ar\/wp-content\/uploads\/2025\/07\/D_704835-MLA88704752696_072025-F-600x1126.jpg",600,1126,true],"woocommerce_gallery_thumbnail":["https:\/\/rms-enlinea.com.ar\/wp-content\/uploads\/2025\/07\/D_704835-MLA88704752696_072025-F-100x100.jpg",100,100,true]},"uagb_author_info":{"display_name":"nelson","author_link":"https:\/\/rms-enlinea.com.ar\/tienda\/author\/"},"uagb_comment_info":0,"uagb_excerpt":"Nombre del modelo DX-120 Interfaz USB Unidad de sensor \u00d3ptico Resoluci\u00f3n (DPI) 1000 Cantidad de botones Tres (izquierda, derecha y central con desplazamiento) Longitud de cable de alimentaci\u00f3n 1.5m Soporte SmartGenius S\u00ed Compatible con sistema operativo Windows 7, 8, 8.1, 10","_links":{"self":[{"href":"https:\/\/rms-enlinea.com.ar\/tienda\/wp-json\/wp\/v2\/product\/52848","targetHints":{"allow":["GET"]}}],"collection":[{"href":"https:\/\/rms-enlinea.com.ar\/tienda\/wp-json\/wp\/v2\/product"}],"about":[{"href":"https:\/\/rms-enlinea.com.ar\/tienda\/wp-json\/wp\/v2\/types\/product"}],"replies":[{"embeddable":true,"href":"https:\/\/rms-enlinea.com.ar\/tienda\/wp-json\/wp\/v2\/comments?post=52848"}],"wp:featuredmedia":[{"embeddable":true,"href":"https:\/\/rms-enlinea.com.ar\/tienda\/wp-json\/wp\/v2\/media\/52849"}],"wp:attachment":[{"href":"https:\/\/rms-enlinea.com.ar\/tienda\/wp-json\/wp\/v2\/media?parent=52848"}],"wp:term":[{"taxonomy":"product_brand","embeddable":true,"href":"https:\/\/rms-enlinea.com.ar\/tienda\/wp-json\/wp\/v2\/product_brand?post=52848"},{"taxonomy":"product_cat","embeddable":true,"href":"https:\/\/rms-enlinea.com.ar\/tienda\/wp-json\/wp\/v2\/product_cat?post=52848"},{"taxonomy":"product_tag","embeddable":true,"href":"https:\/\/rms-enlinea.com.ar\/tienda\/wp-json\/wp\/v2\/product_tag?post=52848"}],"curies":[{"name":"wp","href":"https:\/\/api.w.org\/{rel}","templated":true}]}}