{"id":52860,"date":"2025-07-31T12:47:36","date_gmt":"2025-07-31T15:47:36","guid":{"rendered":"https:\/\/rms-enlinea.com.ar\/tienda\/producto\/mouse-inalambrico-genius-rs2-nx-7007-azul-blue-eye-1200dpi\/"},"modified":"2026-04-06T11:44:30","modified_gmt":"2026-04-06T14:44:30","slug":"mouse-inalambrico-genius-rs2-nx-7007-azul-blue-eye-1200dpi","status":"publish","type":"product","link":"https:\/\/rms-enlinea.com.ar\/tienda\/producto\/mouse-inalambrico-genius-rs2-nx-7007-azul-blue-eye-1200dpi\/","title":{"rendered":"Mouse Inalambrico Genius Rs2 Nx-7007 Azul Blue Eye 1200dpi"},"content":{"rendered":"<p>Con interruptor de ahorro de energ\u00eda<\/p>\n<p>S\u00ed<br \/>\nCantidad de botones<\/p>\n<p>3<br \/>\nSistemas operativos compatibles<\/p>\n<p>Linux,Windows 10,Windows 11,Windows 7,Windows 8,macOS X 10.8<br \/>\nTipo de mouse<\/p>\n<p>Convencional<br \/>\nAncho<\/p>\n<p>55 mm<br \/>\nCon rueda de desplazamiento<\/p>\n<p>S\u00ed<br \/>\nCon conexi\u00f3n USB<\/p>\n<p>S\u00ed<br \/>\nCon cable<\/p>\n<p>No<br \/>\nConectividad<\/p>\n<p>Receptor USB<br \/>\nMarca<\/p>\n<p>Genius<br \/>\nTipo de alimentaci\u00f3n inal\u00e1mbrica<\/p>\n<p>Pilas<br \/>\nCon Bluetooth<\/p>\n<p>No<br \/>\nPeso<\/p>\n<p>54.5 g<br \/>\nResoluci\u00f3n del sensor<\/p>\n<p>1200 dpi<br \/>\nTecnolog\u00eda del sensor<\/p>\n<p>BlueEye<br \/>\nTipo de sensor<\/p>\n<p>\u00d3ptico<br \/>\nRadio frecuencia<\/p>\n<p>2.4 GHz<br \/>\nOrientaci\u00f3n de la mano<\/p>\n<p>Ambidiestro<br \/>\nAltura<\/p>\n<p>35 mm<br \/>\nIncluye pilas<\/p>\n<p>S\u00ed<br \/>\nInterfaces<\/p>\n<p>USB<br \/>\nEs inal\u00e1mbrico<\/p>\n<p>S\u00ed<br \/>\nCondici\u00f3n del \u00edtem<\/p>\n<p>Nuevo<br \/>\nLargo<\/p>\n<p>97 mm<br \/>\nL\u00ednea<\/p>\n<p>MOUSE<br \/>\nModelo<\/p>\n<p>NX-7007<\/p>\n","protected":false},"excerpt":{"rendered":"<p>Con interruptor de ahorro de energ\u00eda S\u00ed Cantidad de botones 3 Sistemas operativos compatibles Linux,Windows 10,Windows 11,Windows 7,Windows 8,macOS X 10.8 Tipo de mouse Convencional Ancho 55 mm Con rueda de desplazamiento S\u00ed Con conexi\u00f3n USB S\u00ed Con cable No Conectividad Receptor USB Marca Genius Tipo de alimentaci\u00f3n inal\u00e1mbrica Pilas Con Bluetooth No Peso 54.5 [&hellip;]<\/p>\n","protected":false},"featured_media":3724,"comment_status":"open","ping_status":"closed","template":"","meta":{"_uag_custom_page_level_css":""},"product_brand":[550],"product_cat":[125],"product_tag":[],"class_list":{"0":"post-52860","1":"product","2":"type-product","3":"status-publish","4":"has-post-thumbnail","6":"product_brand-genius","7":"product_cat-teclados-y-mouses","9":"first","10":"instock","11":"sale","12":"taxable","13":"shipping-taxable","14":"purchasable","15":"product-type-simple"},"uagb_featured_image_src":{"full":["https:\/\/rms-enlinea.com.ar\/wp-content\/uploads\/2025\/06\/D_655004-MLA78481424798_082024-F.jpg",433,752,false],"thumbnail":["https:\/\/rms-enlinea.com.ar\/wp-content\/uploads\/2025\/06\/D_655004-MLA78481424798_082024-F-150x150.jpg",150,150,true],"medium":["https:\/\/rms-enlinea.com.ar\/wp-content\/uploads\/2025\/06\/D_655004-MLA78481424798_082024-F-173x300.jpg",173,300,true],"medium_large":["https:\/\/rms-enlinea.com.ar\/wp-content\/uploads\/2025\/06\/D_655004-MLA78481424798_082024-F.jpg",433,752,false],"large":["https:\/\/rms-enlinea.com.ar\/wp-content\/uploads\/2025\/06\/D_655004-MLA78481424798_082024-F.jpg",433,752,false],"1536x1536":["https:\/\/rms-enlinea.com.ar\/wp-content\/uploads\/2025\/06\/D_655004-MLA78481424798_082024-F.jpg",433,752,false],"2048x2048":["https:\/\/rms-enlinea.com.ar\/wp-content\/uploads\/2025\/06\/D_655004-MLA78481424798_082024-F.jpg",433,752,false],"woocommerce_thumbnail":["https:\/\/rms-enlinea.com.ar\/wp-content\/uploads\/2025\/06\/D_655004-MLA78481424798_082024-F-433x450.jpg",433,450,true],"woocommerce_single":["https:\/\/rms-enlinea.com.ar\/wp-content\/uploads\/2025\/06\/D_655004-MLA78481424798_082024-F.jpg",433,752,false],"woocommerce_gallery_thumbnail":["https:\/\/rms-enlinea.com.ar\/wp-content\/uploads\/2025\/06\/D_655004-MLA78481424798_082024-F-100x100.jpg",100,100,true]},"uagb_author_info":{"display_name":"nelson","author_link":"https:\/\/rms-enlinea.com.ar\/tienda\/author\/"},"uagb_comment_info":0,"uagb_excerpt":"Con interruptor de ahorro de energ\u00eda S\u00ed Cantidad de botones 3 Sistemas operativos compatibles Linux,Windows 10,Windows 11,Windows 7,Windows 8,macOS X 10.8 Tipo de mouse Convencional Ancho 55 mm Con rueda de desplazamiento S\u00ed Con conexi\u00f3n USB S\u00ed Con cable No Conectividad Receptor USB Marca Genius Tipo de alimentaci\u00f3n inal\u00e1mbrica Pilas Con Bluetooth No Peso 54.5&hellip;","_links":{"self":[{"href":"https:\/\/rms-enlinea.com.ar\/tienda\/wp-json\/wp\/v2\/product\/52860","targetHints":{"allow":["GET"]}}],"collection":[{"href":"https:\/\/rms-enlinea.com.ar\/tienda\/wp-json\/wp\/v2\/product"}],"about":[{"href":"https:\/\/rms-enlinea.com.ar\/tienda\/wp-json\/wp\/v2\/types\/product"}],"replies":[{"embeddable":true,"href":"https:\/\/rms-enlinea.com.ar\/tienda\/wp-json\/wp\/v2\/comments?post=52860"}],"wp:featuredmedia":[{"embeddable":true,"href":"https:\/\/rms-enlinea.com.ar\/tienda\/wp-json\/wp\/v2\/media\/3724"}],"wp:attachment":[{"href":"https:\/\/rms-enlinea.com.ar\/tienda\/wp-json\/wp\/v2\/media?parent=52860"}],"wp:term":[{"taxonomy":"product_brand","embeddable":true,"href":"https:\/\/rms-enlinea.com.ar\/tienda\/wp-json\/wp\/v2\/product_brand?post=52860"},{"taxonomy":"product_cat","embeddable":true,"href":"https:\/\/rms-enlinea.com.ar\/tienda\/wp-json\/wp\/v2\/product_cat?post=52860"},{"taxonomy":"product_tag","embeddable":true,"href":"https:\/\/rms-enlinea.com.ar\/tienda\/wp-json\/wp\/v2\/product_tag?post=52860"}],"curies":[{"name":"wp","href":"https:\/\/api.w.org\/{rel}","templated":true}]}}