{"id":52882,"date":"2025-07-31T13:05:42","date_gmt":"2025-07-31T16:05:42","guid":{"rendered":"https:\/\/rms-enlinea.com.ar\/tienda\/producto\/procesador-amd-ryzen-7-8700g-am5-c-graficos-c-cooler\/"},"modified":"2026-04-21T03:56:28","modified_gmt":"2026-04-21T06:56:28","slug":"procesador-amd-ryzen-7-8700g-am5-c-graficos-c-cooler","status":"publish","type":"product","link":"https:\/\/rms-enlinea.com.ar\/tienda\/producto\/procesador-amd-ryzen-7-8700g-am5-c-graficos-c-cooler\/","title":{"rendered":"Procesador Amd Ryzen 7 8700g Am5 C\/ Graficos C\/ Cooler"},"content":{"rendered":"<p>Plataforma: de escritorio<\/p>\n<p>Familia de productos: Procesadores AMD Ryzen\u2122<\/p>\n<p>L\u00ednea de productos: Procesadores de escritorio AMD Ryzen\u2122 7 8000 Serie G con gr\u00e1ficos Radeon\u2122<\/p>\n<p>Tecnolog\u00edas AMD PRO: No<\/p>\n<p>Uso del consumidor: S\u00ed<\/p>\n<p>Disponibilidad regional: global<\/p>\n<p>Antiguo nombre en clave: &#8220;Phoenix&#8221;<\/p>\n<p>Arquitectura: &#8220;Zen 4&#8221;<\/p>\n<p>N\u00famero de n\u00facleos de CPU: 8<\/p>\n<p>Multihilo (SMT): S\u00ed<\/p>\n<p>N\u00b0 de hilos: 16<\/p>\n<p>Aumento m\u00e1ximo del reloj: hasta 5,1 GHz<\/p>\n<p>Reloj base: 4,2 GHz<\/p>\n<p>Cach\u00e9 L2: 8 MB<\/p>\n<p>Cach\u00e9 L3: 16 MB<\/p>\n<p>TDP predeterminado: 65W<\/p>\n<p>TDP configurable de AMD (cTDP): de 45 a 65 W<\/p>\n<p>Tecnolog\u00eda de procesador para n\u00facleos de CPU: TSMC 4nm FinFET<\/p>\n<p>Tama\u00f1o de la matriz de c\u00f3mputo de la CPU (CCD): 178 mm\u00b2<\/p>\n<p>Cantidad de troqueles del paquete: 1<\/p>\n<p>Desbloqueado para overclocking: S\u00ed<\/p>\n<p>Tecnolog\u00eda de overclocking de memoria AMD EXPO: S\u00ed<\/p>\n<p>Sobremarcha Precision Boost: S\u00ed<\/p>\n<p>Compensaciones de voltaje del optimizador de curva: S\u00ed<\/p>\n<p>Compatibilidad con AMD Ryzen\u2122 Master: S\u00ed<\/p>\n<p>Z\u00f3calo de CPU: AM5<\/p>\n<p>Tecnolog\u00eda CPU Boost: Precision Boost 2<\/p>\n<p>Conjunto de instrucciones: x86-64<\/p>\n<p>Extensiones compatibles: AES, AMD-V, AVX, AVX2, AVX512, FMA3, MMX(+), SHA, SSE, SSE2, SSE3, SSE4.1, SSE4.2, SSE4A, SSSE3, x86-64<\/p>\n<p>Temperatura m\u00e1xima de funcionamiento (Tjmax): 95 \u00b0C<\/p>\n<p>*Compatibilidad con sistemas operativos:<\/p>\n<p>Windows 11 &#8211; Edici\u00f3n de 64 bits<\/p>\n<p>Windows 10 &#8211; Edici\u00f3n de 64 bits<\/p>\n<p>RHEL x86 de 64 bits<\/p>\n<p>Ubuntu x86 de 64 bits<\/p>\n<p>*La compatibilidad del sistema operativo (SO) variar\u00e1 seg\u00fan el fabricante.<\/p>\n","protected":false},"excerpt":{"rendered":"<p>Plataforma: de escritorio Familia de productos: Procesadores AMD Ryzen\u2122 L\u00ednea de productos: Procesadores de escritorio AMD Ryzen\u2122 7 8000 Serie G con gr\u00e1ficos Radeon\u2122 Tecnolog\u00edas AMD PRO: No Uso del consumidor: S\u00ed Disponibilidad regional: global Antiguo nombre en clave: &#8220;Phoenix&#8221; Arquitectura: &#8220;Zen 4&#8221; N\u00famero de n\u00facleos de CPU: 8 Multihilo (SMT): S\u00ed N\u00b0 de hilos: [&hellip;]<\/p>\n","protected":false},"featured_media":18680,"comment_status":"open","ping_status":"closed","template":"","meta":{"_uag_custom_page_level_css":""},"product_brand":[531],"product_cat":[121],"product_tag":[],"class_list":{"0":"post-52882","1":"product","2":"type-product","3":"status-publish","4":"has-post-thumbnail","6":"product_brand-amd","7":"product_cat-procesadores-computacion","9":"first","10":"outofstock","11":"sale","12":"taxable","13":"shipping-taxable","14":"purchasable","15":"product-type-simple"},"uagb_featured_image_src":{"full":["https:\/\/rms-enlinea.com.ar\/wp-content\/uploads\/2025\/06\/D_662075-MLU74346658078_022024-F.jpg",975,764,false],"thumbnail":["https:\/\/rms-enlinea.com.ar\/wp-content\/uploads\/2025\/06\/D_662075-MLU74346658078_022024-F-150x150.jpg",150,150,true],"medium":["https:\/\/rms-enlinea.com.ar\/wp-content\/uploads\/2025\/06\/D_662075-MLU74346658078_022024-F-300x235.jpg",300,235,true],"medium_large":["https:\/\/rms-enlinea.com.ar\/wp-content\/uploads\/2025\/06\/D_662075-MLU74346658078_022024-F-768x602.jpg",768,602,true],"large":["https:\/\/rms-enlinea.com.ar\/wp-content\/uploads\/2025\/06\/D_662075-MLU74346658078_022024-F.jpg",975,764,false],"1536x1536":["https:\/\/rms-enlinea.com.ar\/wp-content\/uploads\/2025\/06\/D_662075-MLU74346658078_022024-F.jpg",975,764,false],"2048x2048":["https:\/\/rms-enlinea.com.ar\/wp-content\/uploads\/2025\/06\/D_662075-MLU74346658078_022024-F.jpg",975,764,false],"woocommerce_thumbnail":["https:\/\/rms-enlinea.com.ar\/wp-content\/uploads\/2025\/06\/D_662075-MLU74346658078_022024-F-450x450.jpg",450,450,true],"woocommerce_single":["https:\/\/rms-enlinea.com.ar\/wp-content\/uploads\/2025\/06\/D_662075-MLU74346658078_022024-F-600x470.jpg",600,470,true],"woocommerce_gallery_thumbnail":["https:\/\/rms-enlinea.com.ar\/wp-content\/uploads\/2025\/06\/D_662075-MLU74346658078_022024-F-100x100.jpg",100,100,true]},"uagb_author_info":{"display_name":"nelson","author_link":"https:\/\/rms-enlinea.com.ar\/tienda\/author\/"},"uagb_comment_info":0,"uagb_excerpt":"Plataforma: de escritorio Familia de productos: Procesadores AMD Ryzen\u2122 L\u00ednea de productos: Procesadores de escritorio AMD Ryzen\u2122 7 8000 Serie G con gr\u00e1ficos Radeon\u2122 Tecnolog\u00edas AMD PRO: No Uso del consumidor: S\u00ed Disponibilidad regional: global Antiguo nombre en clave: &#8220;Phoenix&#8221; Arquitectura: &#8220;Zen 4&#8221; N\u00famero de n\u00facleos de CPU: 8 Multihilo (SMT): S\u00ed N\u00b0 de hilos:&hellip;","_links":{"self":[{"href":"https:\/\/rms-enlinea.com.ar\/tienda\/wp-json\/wp\/v2\/product\/52882","targetHints":{"allow":["GET"]}}],"collection":[{"href":"https:\/\/rms-enlinea.com.ar\/tienda\/wp-json\/wp\/v2\/product"}],"about":[{"href":"https:\/\/rms-enlinea.com.ar\/tienda\/wp-json\/wp\/v2\/types\/product"}],"replies":[{"embeddable":true,"href":"https:\/\/rms-enlinea.com.ar\/tienda\/wp-json\/wp\/v2\/comments?post=52882"}],"wp:featuredmedia":[{"embeddable":true,"href":"https:\/\/rms-enlinea.com.ar\/tienda\/wp-json\/wp\/v2\/media\/18680"}],"wp:attachment":[{"href":"https:\/\/rms-enlinea.com.ar\/tienda\/wp-json\/wp\/v2\/media?parent=52882"}],"wp:term":[{"taxonomy":"product_brand","embeddable":true,"href":"https:\/\/rms-enlinea.com.ar\/tienda\/wp-json\/wp\/v2\/product_brand?post=52882"},{"taxonomy":"product_cat","embeddable":true,"href":"https:\/\/rms-enlinea.com.ar\/tienda\/wp-json\/wp\/v2\/product_cat?post=52882"},{"taxonomy":"product_tag","embeddable":true,"href":"https:\/\/rms-enlinea.com.ar\/tienda\/wp-json\/wp\/v2\/product_tag?post=52882"}],"curies":[{"name":"wp","href":"https:\/\/api.w.org\/{rel}","templated":true}]}}