{"id":52883,"date":"2025-07-31T13:06:00","date_gmt":"2025-07-31T16:06:00","guid":{"rendered":"https:\/\/rms-enlinea.com.ar\/tienda\/producto\/access-point-tp-link-eap650-wifi-6-ax3000-doble-banda\/"},"modified":"2026-04-21T04:14:02","modified_gmt":"2026-04-21T07:14:02","slug":"access-point-tp-link-eap650-wifi-6-ax3000-doble-banda","status":"publish","type":"product","link":"https:\/\/rms-enlinea.com.ar\/tienda\/producto\/access-point-tp-link-eap650-wifi-6-ax3000-doble-banda\/","title":{"rendered":"Access Point Tp-link Eap650 Wifi 6 Ax3000 Doble Banda"},"content":{"rendered":"<p>CARACTER\u00cdSTICAS DE HARDWARE<br \/>Interfaz 1 puerto Gigabit Ethernet (RJ-45) (compatible con IEEE802.3at PoE)<\/p>\n<p>Botones    Reset<\/p>\n<p>Fuente de Alimentaci\u00f3n<\/p>\n<p>\u2022 PoE 802.3at<\/p>\n<p>\u2022 12 V CC (adaptador de corriente incluido)<\/p>\n<p>(Versi\u00f3n UE: 12 V\/1,0 A CC. Versi\u00f3n EE. UU.: 12 V\/1,5 A CC)<\/p>\n<p>\u2022 PoE pasivo de 48 V<\/p>\n<p>Consumo de Potencia   <\/p>\n<p>\u2022 EU: 13.5 W<\/p>\n<p>\u2022 US: 14.7 W<\/p>\n<p>Dimensiones   6.3 \u00d7 6.3 \u00d7 1.3 in (160 \u00d7 160 \u00d7 33.6 mm)<\/p>\n<p>Tipo de Antena Omni interno<\/p>\n<p>\u2022 2,4 GHz: 2 \u00d7 4 dBi<\/p>\n<p>\u2022 5 GHz: 2 \u00d7 5 dBi<\/p>\n<p>Montaje             <\/p>\n<p>\u2022 Montaje en Techo\/Pared (Kits incluidos)<\/p>\n<p>\u2022 Montaje en caja de conexiones<\/p>\n","protected":false},"excerpt":{"rendered":"<p>CARACTER\u00cdSTICAS DE HARDWAREInterfaz 1 puerto Gigabit Ethernet (RJ-45) (compatible con IEEE802.3at PoE) Botones Reset Fuente de Alimentaci\u00f3n \u2022 PoE 802.3at \u2022 12 V CC (adaptador de corriente incluido) (Versi\u00f3n UE: 12 V\/1,0 A CC. Versi\u00f3n EE. UU.: 12 V\/1,5 A CC) \u2022 PoE pasivo de 48 V Consumo de Potencia \u2022 EU: 13.5 W \u2022 [&hellip;]<\/p>\n","protected":false},"featured_media":2727,"comment_status":"open","ping_status":"closed","template":"","meta":{"_uag_custom_page_level_css":""},"product_brand":[546],"product_cat":[122],"product_tag":[],"class_list":{"0":"post-52883","1":"product","2":"type-product","3":"status-publish","4":"has-post-thumbnail","6":"product_brand-tplink","7":"product_cat-redes-y-conectividad","9":"first","10":"outofstock","11":"sale","12":"taxable","13":"shipping-taxable","14":"purchasable","15":"product-type-simple"},"uagb_featured_image_src":{"full":["https:\/\/rms-enlinea.com.ar\/wp-content\/uploads\/2025\/06\/D_853906-MLA82422176807_022025-F.jpg",655,653,false],"thumbnail":["https:\/\/rms-enlinea.com.ar\/wp-content\/uploads\/2025\/06\/D_853906-MLA82422176807_022025-F-150x150.jpg",150,150,true],"medium":["https:\/\/rms-enlinea.com.ar\/wp-content\/uploads\/2025\/06\/D_853906-MLA82422176807_022025-F-300x300.jpg",300,300,true],"medium_large":["https:\/\/rms-enlinea.com.ar\/wp-content\/uploads\/2025\/06\/D_853906-MLA82422176807_022025-F.jpg",655,653,false],"large":["https:\/\/rms-enlinea.com.ar\/wp-content\/uploads\/2025\/06\/D_853906-MLA82422176807_022025-F.jpg",655,653,false],"1536x1536":["https:\/\/rms-enlinea.com.ar\/wp-content\/uploads\/2025\/06\/D_853906-MLA82422176807_022025-F.jpg",655,653,false],"2048x2048":["https:\/\/rms-enlinea.com.ar\/wp-content\/uploads\/2025\/06\/D_853906-MLA82422176807_022025-F.jpg",655,653,false],"woocommerce_thumbnail":["https:\/\/rms-enlinea.com.ar\/wp-content\/uploads\/2025\/06\/D_853906-MLA82422176807_022025-F-450x450.jpg",450,450,true],"woocommerce_single":["https:\/\/rms-enlinea.com.ar\/wp-content\/uploads\/2025\/06\/D_853906-MLA82422176807_022025-F-600x598.jpg",600,598,true],"woocommerce_gallery_thumbnail":["https:\/\/rms-enlinea.com.ar\/wp-content\/uploads\/2025\/06\/D_853906-MLA82422176807_022025-F-100x100.jpg",100,100,true]},"uagb_author_info":{"display_name":"nelson","author_link":"https:\/\/rms-enlinea.com.ar\/tienda\/author\/"},"uagb_comment_info":0,"uagb_excerpt":"CARACTER\u00cdSTICAS DE HARDWAREInterfaz 1 puerto Gigabit Ethernet (RJ-45) (compatible con IEEE802.3at PoE) Botones Reset Fuente de Alimentaci\u00f3n \u2022 PoE 802.3at \u2022 12 V CC (adaptador de corriente incluido) (Versi\u00f3n UE: 12 V\/1,0 A CC. Versi\u00f3n EE. UU.: 12 V\/1,5 A CC) \u2022 PoE pasivo de 48 V Consumo de Potencia \u2022 EU: 13.5 W \u2022&hellip;","_links":{"self":[{"href":"https:\/\/rms-enlinea.com.ar\/tienda\/wp-json\/wp\/v2\/product\/52883","targetHints":{"allow":["GET"]}}],"collection":[{"href":"https:\/\/rms-enlinea.com.ar\/tienda\/wp-json\/wp\/v2\/product"}],"about":[{"href":"https:\/\/rms-enlinea.com.ar\/tienda\/wp-json\/wp\/v2\/types\/product"}],"replies":[{"embeddable":true,"href":"https:\/\/rms-enlinea.com.ar\/tienda\/wp-json\/wp\/v2\/comments?post=52883"}],"wp:featuredmedia":[{"embeddable":true,"href":"https:\/\/rms-enlinea.com.ar\/tienda\/wp-json\/wp\/v2\/media\/2727"}],"wp:attachment":[{"href":"https:\/\/rms-enlinea.com.ar\/tienda\/wp-json\/wp\/v2\/media?parent=52883"}],"wp:term":[{"taxonomy":"product_brand","embeddable":true,"href":"https:\/\/rms-enlinea.com.ar\/tienda\/wp-json\/wp\/v2\/product_brand?post=52883"},{"taxonomy":"product_cat","embeddable":true,"href":"https:\/\/rms-enlinea.com.ar\/tienda\/wp-json\/wp\/v2\/product_cat?post=52883"},{"taxonomy":"product_tag","embeddable":true,"href":"https:\/\/rms-enlinea.com.ar\/tienda\/wp-json\/wp\/v2\/product_tag?post=52883"}],"curies":[{"name":"wp","href":"https:\/\/api.w.org\/{rel}","templated":true}]}}