{"id":52888,"date":"2025-07-31T13:06:51","date_gmt":"2025-07-31T16:06:51","guid":{"rendered":"https:\/\/rms-enlinea.com.ar\/tienda\/producto\/procesador-amd-ryzen-9-9950x3d-am5-16-nucleos-3d-v-cache\/"},"modified":"2026-04-21T07:08:53","modified_gmt":"2026-04-21T10:08:53","slug":"procesador-amd-ryzen-9-9950x3d-am5-16-nucleos-3d-v-cache","status":"publish","type":"product","link":"https:\/\/rms-enlinea.com.ar\/tienda\/producto\/procesador-amd-ryzen-9-9950x3d-am5-16-nucleos-3d-v-cache\/","title":{"rendered":"Procesador Amd Ryzen 9 9950x3d Am5 16 Nucleos 3d V-cache"},"content":{"rendered":"<p>Nombre<br \/>\nAMD Ryzen\u2122 9 9950X3D<br \/>\nFamilia<br \/>\nRyzen<br \/>\nSerie<br \/>\nRyzen 9000 Series<br \/>\nFormato<br \/>\nComputadoras de escritorio , Procesador en caja<br \/>\nMarket Segment<br \/>\nEnthusiast Desktop<br \/>\nAMD PRO Technologies<br \/>\nNo<br \/>\nDisponibilidad regional<br \/>\nGlobal<br \/>\nNombre de c\u00f3digo anterior<br \/>\nGranite Ridge AM5<br \/>\nArquitectura<br \/>\nZen 5<br \/>\nN.\u00ba de n\u00facleos de CPU<br \/>\n16<br \/>\nM\u00faltiples subprocesos (SMT)<br \/>\nS\u00ed<br \/>\nN.\u00ba de subprocesos<br \/>\n32<br \/>\nReloj turbo m\u00e1ximo<br \/>\nHasta 5.7 GHz<br \/>\nReloj base<br \/>\n4.3 GHz<br \/>\nCach\u00e9 L1<br \/>\n1280 KB<br \/>\nCach\u00e9 L2<br \/>\n16 MB<br \/>\nCach\u00e9 L3<br \/>\n128 MB<br \/>\nTDP predeterminada<br \/>\n170W<\/p>\n","protected":false},"excerpt":{"rendered":"<p>Nombre AMD Ryzen\u2122 9 9950X3D Familia Ryzen Serie Ryzen 9000 Series Formato Computadoras de escritorio , Procesador en caja Market Segment Enthusiast Desktop AMD PRO Technologies No Disponibilidad regional Global Nombre de c\u00f3digo anterior Granite Ridge AM5 Arquitectura Zen 5 N.\u00ba de n\u00facleos de CPU 16 M\u00faltiples subprocesos (SMT) S\u00ed N.\u00ba de subprocesos 32 Reloj [&hellip;]<\/p>\n","protected":false},"featured_media":9447,"comment_status":"open","ping_status":"closed","template":"","meta":{"_uag_custom_page_level_css":""},"product_brand":[531],"product_cat":[121],"product_tag":[],"class_list":{"0":"post-52888","1":"product","2":"type-product","3":"status-publish","4":"has-post-thumbnail","6":"product_brand-amd","7":"product_cat-procesadores-computacion","9":"first","10":"outofstock","11":"sale","12":"taxable","13":"shipping-taxable","14":"purchasable","15":"product-type-simple"},"uagb_featured_image_src":{"full":["https:\/\/rms-enlinea.com.ar\/wp-content\/uploads\/2025\/06\/D_973460-MLA82745426678_032025-F.jpg",913,1058,false],"thumbnail":["https:\/\/rms-enlinea.com.ar\/wp-content\/uploads\/2025\/06\/D_973460-MLA82745426678_032025-F-150x150.jpg",150,150,true],"medium":["https:\/\/rms-enlinea.com.ar\/wp-content\/uploads\/2025\/06\/D_973460-MLA82745426678_032025-F-259x300.jpg",259,300,true],"medium_large":["https:\/\/rms-enlinea.com.ar\/wp-content\/uploads\/2025\/06\/D_973460-MLA82745426678_032025-F-768x890.jpg",768,890,true],"large":["https:\/\/rms-enlinea.com.ar\/wp-content\/uploads\/2025\/06\/D_973460-MLA82745426678_032025-F-884x1024.jpg",884,1024,true],"1536x1536":["https:\/\/rms-enlinea.com.ar\/wp-content\/uploads\/2025\/06\/D_973460-MLA82745426678_032025-F.jpg",913,1058,false],"2048x2048":["https:\/\/rms-enlinea.com.ar\/wp-content\/uploads\/2025\/06\/D_973460-MLA82745426678_032025-F.jpg",913,1058,false],"woocommerce_thumbnail":["https:\/\/rms-enlinea.com.ar\/wp-content\/uploads\/2025\/06\/D_973460-MLA82745426678_032025-F-450x450.jpg",450,450,true],"woocommerce_single":["https:\/\/rms-enlinea.com.ar\/wp-content\/uploads\/2025\/06\/D_973460-MLA82745426678_032025-F-600x695.jpg",600,695,true],"woocommerce_gallery_thumbnail":["https:\/\/rms-enlinea.com.ar\/wp-content\/uploads\/2025\/06\/D_973460-MLA82745426678_032025-F-100x100.jpg",100,100,true]},"uagb_author_info":{"display_name":"nelson","author_link":"https:\/\/rms-enlinea.com.ar\/tienda\/author\/"},"uagb_comment_info":0,"uagb_excerpt":"Nombre AMD Ryzen\u2122 9 9950X3D Familia Ryzen Serie Ryzen 9000 Series Formato Computadoras de escritorio , Procesador en caja Market Segment Enthusiast Desktop AMD PRO Technologies No Disponibilidad regional Global Nombre de c\u00f3digo anterior Granite Ridge AM5 Arquitectura Zen 5 N.\u00ba de n\u00facleos de CPU 16 M\u00faltiples subprocesos (SMT) S\u00ed N.\u00ba de subprocesos 32 Reloj&hellip;","_links":{"self":[{"href":"https:\/\/rms-enlinea.com.ar\/tienda\/wp-json\/wp\/v2\/product\/52888","targetHints":{"allow":["GET"]}}],"collection":[{"href":"https:\/\/rms-enlinea.com.ar\/tienda\/wp-json\/wp\/v2\/product"}],"about":[{"href":"https:\/\/rms-enlinea.com.ar\/tienda\/wp-json\/wp\/v2\/types\/product"}],"replies":[{"embeddable":true,"href":"https:\/\/rms-enlinea.com.ar\/tienda\/wp-json\/wp\/v2\/comments?post=52888"}],"wp:featuredmedia":[{"embeddable":true,"href":"https:\/\/rms-enlinea.com.ar\/tienda\/wp-json\/wp\/v2\/media\/9447"}],"wp:attachment":[{"href":"https:\/\/rms-enlinea.com.ar\/tienda\/wp-json\/wp\/v2\/media?parent=52888"}],"wp:term":[{"taxonomy":"product_brand","embeddable":true,"href":"https:\/\/rms-enlinea.com.ar\/tienda\/wp-json\/wp\/v2\/product_brand?post=52888"},{"taxonomy":"product_cat","embeddable":true,"href":"https:\/\/rms-enlinea.com.ar\/tienda\/wp-json\/wp\/v2\/product_cat?post=52888"},{"taxonomy":"product_tag","embeddable":true,"href":"https:\/\/rms-enlinea.com.ar\/tienda\/wp-json\/wp\/v2\/product_tag?post=52888"}],"curies":[{"name":"wp","href":"https:\/\/api.w.org\/{rel}","templated":true}]}}