{"id":52889,"date":"2025-07-31T13:07:21","date_gmt":"2025-07-31T16:07:21","guid":{"rendered":"https:\/\/rms-enlinea.com.ar\/tienda\/producto\/placa-de-red-usb-wifi-tp-link-tl-wn823n-300mbps-mini\/"},"modified":"2026-05-04T12:15:45","modified_gmt":"2026-05-04T15:15:45","slug":"placa-de-red-usb-wifi-tp-link-tl-wn823n-300mbps-mini","status":"publish","type":"product","link":"https:\/\/rms-enlinea.com.ar\/tienda\/producto\/placa-de-red-usb-wifi-tp-link-tl-wn823n-300mbps-mini\/","title":{"rendered":"Placa De Red Usb Wifi Tp-link Tl-wn823n 300mbps Mini"},"content":{"rendered":"<p>CARACTER\u00cdSTICAS DE HARDWARE <br \/>Interfaz\tUSB 2.0<br \/>Botones\tBot\u00f3n de Configuraci\u00f3n Wi-Fi Protegida (WPS)<br \/>Dimensiones\t1.54 x 0.72 x 0.31 in. (39 x 18.35 x 7.87mm)<br \/>Tipo de Antena\tInterna<\/p>\n","protected":false},"excerpt":{"rendered":"<p>CARACTER\u00cdSTICAS DE HARDWARE Interfaz USB 2.0Botones Bot\u00f3n de Configuraci\u00f3n Wi-Fi Protegida (WPS)Dimensiones 1.54 x 0.72 x 0.31 in. (39 x 18.35 x 7.87mm)Tipo de Antena Interna<\/p>\n","protected":false},"featured_media":22456,"comment_status":"open","ping_status":"closed","template":"","meta":{"_uag_custom_page_level_css":""},"product_brand":[546],"product_cat":[122],"product_tag":[],"class_list":{"0":"post-52889","1":"product","2":"type-product","3":"status-publish","4":"has-post-thumbnail","6":"product_brand-tplink","7":"product_cat-redes-y-conectividad","9":"first","10":"outofstock","11":"sale","12":"taxable","13":"shipping-taxable","14":"purchasable","15":"product-type-simple"},"uagb_featured_image_src":{"full":["https:\/\/rms-enlinea.com.ar\/wp-content\/uploads\/2025\/06\/D_757486-MLU74123412387_012024-F.jpg",426,1045,false],"thumbnail":["https:\/\/rms-enlinea.com.ar\/wp-content\/uploads\/2025\/06\/D_757486-MLU74123412387_012024-F-150x150.jpg",150,150,true],"medium":["https:\/\/rms-enlinea.com.ar\/wp-content\/uploads\/2025\/06\/D_757486-MLU74123412387_012024-F-122x300.jpg",122,300,true],"medium_large":["https:\/\/rms-enlinea.com.ar\/wp-content\/uploads\/2025\/06\/D_757486-MLU74123412387_012024-F.jpg",426,1045,false],"large":["https:\/\/rms-enlinea.com.ar\/wp-content\/uploads\/2025\/06\/D_757486-MLU74123412387_012024-F-417x1024.jpg",417,1024,true],"1536x1536":["https:\/\/rms-enlinea.com.ar\/wp-content\/uploads\/2025\/06\/D_757486-MLU74123412387_012024-F.jpg",426,1045,false],"2048x2048":["https:\/\/rms-enlinea.com.ar\/wp-content\/uploads\/2025\/06\/D_757486-MLU74123412387_012024-F.jpg",426,1045,false],"woocommerce_thumbnail":["https:\/\/rms-enlinea.com.ar\/wp-content\/uploads\/2025\/06\/D_757486-MLU74123412387_012024-F-426x450.jpg",426,450,true],"woocommerce_single":["https:\/\/rms-enlinea.com.ar\/wp-content\/uploads\/2025\/06\/D_757486-MLU74123412387_012024-F.jpg",426,1045,false],"woocommerce_gallery_thumbnail":["https:\/\/rms-enlinea.com.ar\/wp-content\/uploads\/2025\/06\/D_757486-MLU74123412387_012024-F-100x100.jpg",100,100,true]},"uagb_author_info":{"display_name":"nelson","author_link":"https:\/\/rms-enlinea.com.ar\/tienda\/author\/"},"uagb_comment_info":0,"uagb_excerpt":"CARACTER\u00cdSTICAS DE HARDWARE Interfaz USB 2.0Botones Bot\u00f3n de Configuraci\u00f3n Wi-Fi Protegida (WPS)Dimensiones 1.54 x 0.72 x 0.31 in. (39 x 18.35 x 7.87mm)Tipo de Antena Interna","_links":{"self":[{"href":"https:\/\/rms-enlinea.com.ar\/tienda\/wp-json\/wp\/v2\/product\/52889","targetHints":{"allow":["GET"]}}],"collection":[{"href":"https:\/\/rms-enlinea.com.ar\/tienda\/wp-json\/wp\/v2\/product"}],"about":[{"href":"https:\/\/rms-enlinea.com.ar\/tienda\/wp-json\/wp\/v2\/types\/product"}],"replies":[{"embeddable":true,"href":"https:\/\/rms-enlinea.com.ar\/tienda\/wp-json\/wp\/v2\/comments?post=52889"}],"wp:featuredmedia":[{"embeddable":true,"href":"https:\/\/rms-enlinea.com.ar\/tienda\/wp-json\/wp\/v2\/media\/22456"}],"wp:attachment":[{"href":"https:\/\/rms-enlinea.com.ar\/tienda\/wp-json\/wp\/v2\/media?parent=52889"}],"wp:term":[{"taxonomy":"product_brand","embeddable":true,"href":"https:\/\/rms-enlinea.com.ar\/tienda\/wp-json\/wp\/v2\/product_brand?post=52889"},{"taxonomy":"product_cat","embeddable":true,"href":"https:\/\/rms-enlinea.com.ar\/tienda\/wp-json\/wp\/v2\/product_cat?post=52889"},{"taxonomy":"product_tag","embeddable":true,"href":"https:\/\/rms-enlinea.com.ar\/tienda\/wp-json\/wp\/v2\/product_tag?post=52889"}],"curies":[{"name":"wp","href":"https:\/\/api.w.org\/{rel}","templated":true}]}}