{"id":52890,"date":"2025-07-31T13:07:43","date_gmt":"2025-07-31T16:07:43","guid":{"rendered":"https:\/\/rms-enlinea.com.ar\/tienda\/producto\/router-tp-link-archer-be230-be3600-wifi-7-dual-band\/"},"modified":"2026-03-27T01:41:39","modified_gmt":"2026-03-27T04:41:39","slug":"router-tp-link-archer-be230-be3600-wifi-7-dual-band","status":"publish","type":"product","link":"https:\/\/rms-enlinea.com.ar\/tienda\/producto\/router-tp-link-archer-be230-be3600-wifi-7-dual-band\/","title":{"rendered":"Router Tp-link Archer Be230 Be3600 Wifi 7 Dual Band"},"content":{"rendered":"<p>El Router TP-Link Archer BE230 BE3600 es la soluci\u00f3n ideal para aquellos que buscan una conexi\u00f3n a Internet r\u00e1pida y confiable. Con la tecnolog\u00eda Wi-Fi 7 y un dise\u00f1o elegante en color negro, este dispositivo no solo mejora la velocidad de navegaci\u00f3n y la estabilidad de la conexi\u00f3n, sino que tambi\u00e9n se integra perfectamente en cualquier ambiente moderno.<\/p>\n<p>Su capacidad dual-band permite que m\u00faltiples dispositivos se conecten simult\u00e1neamente sin perder calidad, lo que lo convierte en la opci\u00f3n perfecta para hogares inteligentes, gamers o profesionales que requieren alta eficiencia en l\u00ednea. Con medidas de 5 cm de altura y un peso de 549 g, su dise\u00f1o compacto es perfecto para espacios reducidos.<\/p>\n<p>Adem\u00e1s, su rendimiento de hasta 3600 Mbps asegura que puedas disfrutar de streaming, videoconferencias y juegos en l\u00ednea sin interrupciones. La configuraci\u00f3n del router es sencilla e intuitiva, permitiendo que los usuarios de cualquier nivel t\u00e9cnico puedan disfrutar de su funcionamiento en minutos.<\/p>\n<p>El Router TP-Link Archer BE230 BE3600 tambi\u00e9n destaca por su durabilidad y calidad de fabricaci\u00f3n. Con un ancho de 28 cm, se adapta f\u00e1cilmente a cualquier configuraci\u00f3n de espacio, y su dise\u00f1o robusto garantiza un rendimiento prolongado. Descubre el poder de una conexi\u00f3n Wi-Fi de \u00faltima generaci\u00f3n y transforma tu experiencia digital.<\/p>\n","protected":false},"excerpt":{"rendered":"<p>El Router TP-Link Archer BE230 BE3600 es la soluci\u00f3n ideal para aquellos que buscan una conexi\u00f3n a Internet r\u00e1pida y confiable. Con la tecnolog\u00eda Wi-Fi 7 y un dise\u00f1o elegante en color negro, este dispositivo no solo mejora la velocidad de navegaci\u00f3n y la estabilidad de la conexi\u00f3n, sino que tambi\u00e9n se integra perfectamente en [&hellip;]<\/p>\n","protected":false},"featured_media":49508,"comment_status":"open","ping_status":"closed","template":"","meta":{"_uag_custom_page_level_css":""},"product_brand":[546],"product_cat":[122],"product_tag":[],"class_list":{"0":"post-52890","1":"product","2":"type-product","3":"status-publish","4":"has-post-thumbnail","6":"product_brand-tplink","7":"product_cat-redes-y-conectividad","9":"first","10":"outofstock","11":"sale","12":"taxable","13":"shipping-taxable","14":"purchasable","15":"product-type-simple"},"uagb_featured_image_src":{"full":["https:\/\/rms-enlinea.com.ar\/wp-content\/uploads\/2025\/06\/D_683115-CBT81383426136_122024-F.jpg",977,684,false],"thumbnail":["https:\/\/rms-enlinea.com.ar\/wp-content\/uploads\/2025\/06\/D_683115-CBT81383426136_122024-F-150x150.jpg",150,150,true],"medium":["https:\/\/rms-enlinea.com.ar\/wp-content\/uploads\/2025\/06\/D_683115-CBT81383426136_122024-F-300x210.jpg",300,210,true],"medium_large":["https:\/\/rms-enlinea.com.ar\/wp-content\/uploads\/2025\/06\/D_683115-CBT81383426136_122024-F-768x538.jpg",768,538,true],"large":["https:\/\/rms-enlinea.com.ar\/wp-content\/uploads\/2025\/06\/D_683115-CBT81383426136_122024-F.jpg",977,684,false],"1536x1536":["https:\/\/rms-enlinea.com.ar\/wp-content\/uploads\/2025\/06\/D_683115-CBT81383426136_122024-F.jpg",977,684,false],"2048x2048":["https:\/\/rms-enlinea.com.ar\/wp-content\/uploads\/2025\/06\/D_683115-CBT81383426136_122024-F.jpg",977,684,false],"woocommerce_thumbnail":["https:\/\/rms-enlinea.com.ar\/wp-content\/uploads\/2025\/06\/D_683115-CBT81383426136_122024-F-450x450.jpg",450,450,true],"woocommerce_single":["https:\/\/rms-enlinea.com.ar\/wp-content\/uploads\/2025\/06\/D_683115-CBT81383426136_122024-F-600x420.jpg",600,420,true],"woocommerce_gallery_thumbnail":["https:\/\/rms-enlinea.com.ar\/wp-content\/uploads\/2025\/06\/D_683115-CBT81383426136_122024-F-100x100.jpg",100,100,true]},"uagb_author_info":{"display_name":"nelson","author_link":"https:\/\/rms-enlinea.com.ar\/tienda\/author\/"},"uagb_comment_info":0,"uagb_excerpt":"El Router TP-Link Archer BE230 BE3600 es la soluci\u00f3n ideal para aquellos que buscan una conexi\u00f3n a Internet r\u00e1pida y confiable. Con la tecnolog\u00eda Wi-Fi 7 y un dise\u00f1o elegante en color negro, este dispositivo no solo mejora la velocidad de navegaci\u00f3n y la estabilidad de la conexi\u00f3n, sino que tambi\u00e9n se integra perfectamente en&hellip;","_links":{"self":[{"href":"https:\/\/rms-enlinea.com.ar\/tienda\/wp-json\/wp\/v2\/product\/52890","targetHints":{"allow":["GET"]}}],"collection":[{"href":"https:\/\/rms-enlinea.com.ar\/tienda\/wp-json\/wp\/v2\/product"}],"about":[{"href":"https:\/\/rms-enlinea.com.ar\/tienda\/wp-json\/wp\/v2\/types\/product"}],"replies":[{"embeddable":true,"href":"https:\/\/rms-enlinea.com.ar\/tienda\/wp-json\/wp\/v2\/comments?post=52890"}],"wp:featuredmedia":[{"embeddable":true,"href":"https:\/\/rms-enlinea.com.ar\/tienda\/wp-json\/wp\/v2\/media\/49508"}],"wp:attachment":[{"href":"https:\/\/rms-enlinea.com.ar\/tienda\/wp-json\/wp\/v2\/media?parent=52890"}],"wp:term":[{"taxonomy":"product_brand","embeddable":true,"href":"https:\/\/rms-enlinea.com.ar\/tienda\/wp-json\/wp\/v2\/product_brand?post=52890"},{"taxonomy":"product_cat","embeddable":true,"href":"https:\/\/rms-enlinea.com.ar\/tienda\/wp-json\/wp\/v2\/product_cat?post=52890"},{"taxonomy":"product_tag","embeddable":true,"href":"https:\/\/rms-enlinea.com.ar\/tienda\/wp-json\/wp\/v2\/product_tag?post=52890"}],"curies":[{"name":"wp","href":"https:\/\/api.w.org\/{rel}","templated":true}]}}