{"id":52898,"date":"2025-07-31T13:22:51","date_gmt":"2025-07-31T16:22:51","guid":{"rendered":"https:\/\/rms-enlinea.com.ar\/tienda\/producto\/impresora-multifuncion-monocromatica-hp-laserjet-m141w-wifi\/"},"modified":"2026-04-07T23:42:52","modified_gmt":"2026-04-08T02:42:52","slug":"impresora-multifuncion-monocromatica-hp-laserjet-m141w-wifi","status":"publish","type":"product","link":"https:\/\/rms-enlinea.com.ar\/tienda\/producto\/impresora-multifuncion-monocromatica-hp-laserjet-m141w-wifi\/","title":{"rendered":"Impresora Multifunci\u00f3n Monocrom\u00e1tica Hp Laserjet M141w Wifi"},"content":{"rendered":"<p>La impresora multifunci\u00f3n monocrom\u00e1tica HP LaserJet M141w es la soluci\u00f3n ideal para quienes buscan eficiencia y calidad en un solo dispositivo. Con su tecnolog\u00eda de impresi\u00f3n l\u00e1ser, ofrece una resoluci\u00f3n m\u00e1xima de 600 dpi, garantizando documentos n\u00edtidos y profesionales en cada impresi\u00f3n. Su velocidad de hasta 21 p\u00e1ginas por minuto permite realizar tareas de manera r\u00e1pida, optimizando el tiempo en entornos de trabajo din\u00e1micos.<\/p>\n<p>Dise\u00f1ada para facilitar el d\u00eda a d\u00eda, esta impresora cuenta con funciones de copia, impresi\u00f3n y escaneo, todo en un elegante dise\u00f1o blanco que se adapta a cualquier espacio. La conectividad Wi-Fi y el puerto USB permiten una f\u00e1cil integraci\u00f3n con dispositivos m\u00f3viles y computadoras, mientras que las aplicaciones como HP Smart y AirPrint ofrecen una experiencia de impresi\u00f3n sin complicaciones.<\/p>\n<p>Con una capacidad m\u00e1xima de 150 hojas y dos bandejas, la HP LaserJet M141w es perfecta para manejar diferentes tipos de papel, desde documentos normales hasta etiquetas y sobres. Su pantalla LCD facilita la navegaci\u00f3n por las funciones, haciendo que cada tarea sea intuitiva y accesible.<\/p>\n<p>Ideal para peque\u00f1as oficinas o uso dom\u00e9stico, esta impresora es compatible con una variedad de formatos de archivo, incluyendo PDF, JPG y TIFF. Con un cartucho de t\u00f3ner negro incluido, estar\u00e1s listo para comenzar a imprimir de inmediato, disfrutando de la calidad y confiabilidad que solo HP puede ofrecer.<\/p>\n","protected":false},"excerpt":{"rendered":"<p>La impresora multifunci\u00f3n monocrom\u00e1tica HP LaserJet M141w es la soluci\u00f3n ideal para quienes buscan eficiencia y calidad en un solo dispositivo. Con su tecnolog\u00eda de impresi\u00f3n l\u00e1ser, ofrece una resoluci\u00f3n m\u00e1xima de 600 dpi, garantizando documentos n\u00edtidos y profesionales en cada impresi\u00f3n. Su velocidad de hasta 21 p\u00e1ginas por minuto permite realizar tareas de manera [&hellip;]<\/p>\n","protected":false},"featured_media":52899,"comment_status":"open","ping_status":"closed","template":"","meta":{"_uag_custom_page_level_css":""},"product_brand":[552],"product_cat":[110],"product_tag":[],"class_list":{"0":"post-52898","1":"product","2":"type-product","3":"status-publish","4":"has-post-thumbnail","6":"product_brand-hp","7":"product_cat-impresoras","9":"first","10":"instock","11":"sale","12":"taxable","13":"shipping-taxable","14":"purchasable","15":"product-type-simple"},"uagb_featured_image_src":{"full":["https:\/\/rms-enlinea.com.ar\/wp-content\/uploads\/2025\/07\/D_701196-MLA88707639180_072025-F.jpg",1200,1012,false],"thumbnail":["https:\/\/rms-enlinea.com.ar\/wp-content\/uploads\/2025\/07\/D_701196-MLA88707639180_072025-F-150x150.jpg",150,150,true],"medium":["https:\/\/rms-enlinea.com.ar\/wp-content\/uploads\/2025\/07\/D_701196-MLA88707639180_072025-F-300x253.jpg",300,253,true],"medium_large":["https:\/\/rms-enlinea.com.ar\/wp-content\/uploads\/2025\/07\/D_701196-MLA88707639180_072025-F-768x648.jpg",768,648,true],"large":["https:\/\/rms-enlinea.com.ar\/wp-content\/uploads\/2025\/07\/D_701196-MLA88707639180_072025-F-1024x864.jpg",1024,864,true],"1536x1536":["https:\/\/rms-enlinea.com.ar\/wp-content\/uploads\/2025\/07\/D_701196-MLA88707639180_072025-F.jpg",1200,1012,false],"2048x2048":["https:\/\/rms-enlinea.com.ar\/wp-content\/uploads\/2025\/07\/D_701196-MLA88707639180_072025-F.jpg",1200,1012,false],"woocommerce_thumbnail":["https:\/\/rms-enlinea.com.ar\/wp-content\/uploads\/2025\/07\/D_701196-MLA88707639180_072025-F-450x450.jpg",450,450,true],"woocommerce_single":["https:\/\/rms-enlinea.com.ar\/wp-content\/uploads\/2025\/07\/D_701196-MLA88707639180_072025-F-600x506.jpg",600,506,true],"woocommerce_gallery_thumbnail":["https:\/\/rms-enlinea.com.ar\/wp-content\/uploads\/2025\/07\/D_701196-MLA88707639180_072025-F-100x100.jpg",100,100,true]},"uagb_author_info":{"display_name":"nelson","author_link":"https:\/\/rms-enlinea.com.ar\/tienda\/author\/"},"uagb_comment_info":0,"uagb_excerpt":"La impresora multifunci\u00f3n monocrom\u00e1tica HP LaserJet M141w es la soluci\u00f3n ideal para quienes buscan eficiencia y calidad en un solo dispositivo. Con su tecnolog\u00eda de impresi\u00f3n l\u00e1ser, ofrece una resoluci\u00f3n m\u00e1xima de 600 dpi, garantizando documentos n\u00edtidos y profesionales en cada impresi\u00f3n. Su velocidad de hasta 21 p\u00e1ginas por minuto permite realizar tareas de manera&hellip;","_links":{"self":[{"href":"https:\/\/rms-enlinea.com.ar\/tienda\/wp-json\/wp\/v2\/product\/52898","targetHints":{"allow":["GET"]}}],"collection":[{"href":"https:\/\/rms-enlinea.com.ar\/tienda\/wp-json\/wp\/v2\/product"}],"about":[{"href":"https:\/\/rms-enlinea.com.ar\/tienda\/wp-json\/wp\/v2\/types\/product"}],"replies":[{"embeddable":true,"href":"https:\/\/rms-enlinea.com.ar\/tienda\/wp-json\/wp\/v2\/comments?post=52898"}],"wp:featuredmedia":[{"embeddable":true,"href":"https:\/\/rms-enlinea.com.ar\/tienda\/wp-json\/wp\/v2\/media\/52899"}],"wp:attachment":[{"href":"https:\/\/rms-enlinea.com.ar\/tienda\/wp-json\/wp\/v2\/media?parent=52898"}],"wp:term":[{"taxonomy":"product_brand","embeddable":true,"href":"https:\/\/rms-enlinea.com.ar\/tienda\/wp-json\/wp\/v2\/product_brand?post=52898"},{"taxonomy":"product_cat","embeddable":true,"href":"https:\/\/rms-enlinea.com.ar\/tienda\/wp-json\/wp\/v2\/product_cat?post=52898"},{"taxonomy":"product_tag","embeddable":true,"href":"https:\/\/rms-enlinea.com.ar\/tienda\/wp-json\/wp\/v2\/product_tag?post=52898"}],"curies":[{"name":"wp","href":"https:\/\/api.w.org\/{rel}","templated":true}]}}