{"id":52913,"date":"2025-07-31T13:41:09","date_gmt":"2025-07-31T16:41:09","guid":{"rendered":"https:\/\/rms-enlinea.com.ar\/tienda\/producto\/reductor-25mm-a-20mm-rep-microfono-mxp-rab-redtor-0006\/"},"modified":"2026-04-11T02:30:29","modified_gmt":"2026-04-11T05:30:29","slug":"reductor-25mm-a-20mm-rep-microfono-mxp-rab-redtor-0006","status":"publish","type":"product","link":"https:\/\/rms-enlinea.com.ar\/tienda\/producto\/reductor-25mm-a-20mm-rep-microfono-mxp-rab-redtor-0006\/","title":{"rendered":"Reductor 25mm A 20mm Rep Microfono Mxp Rab Redtor-0006"},"content":{"rendered":"<p>RAB-3D (By RMS-ENLINEA)<\/p>\n<p>Nace de la experiencia acumulada estos 10 a\u00f1os, en la venta de hardware para profesionales en la construcci\u00f3n de flights case, maletines, ba\u00fales, rack, etc.<br \/>\nHoy queremos llevar ese conocimiento a otro nivel y gracias a la tecnolog\u00eda 3D, vamos a ser los pioneros en la construcci\u00f3n de este tipo de productos.<br \/>\nEsta tecnolog\u00eda permite hacer accesorios est\u00e1ndar, personalizados y lo m\u00e1s importante piezas que no existen. Podr\u00e1n ser utilizados<br \/>\npara el armado de productos LOW COST, prototipos, para hogare\u00f1os o profesionales, sin tener que hacer grandes inversiones.<\/p>\n<p>\/\/\/ Dise\u00f1os Personalizado? \/\/\/<\/p>\n<p>Si necesitas producir alg\u00fan tipo de accesorio en serie. Podes comunicarte con nosotros para su presupuesto !!!<\/p>\n<p>\/\/\/ Comprar un Dise\u00f1o? \/\/\/<\/p>\n<p>Si vos contas con una impresora 3D y queres comprar alguno de nuestros dise\u00f1os. Podes comunicarte con nosotros para su presupuesto !!!<\/p>\n<p>\/\/\/ Acabado del Producto Y Resistencia \/\/\/<\/p>\n<p>D\u00eda a d\u00eda tratamos de mejorar y pulir los detalles al m\u00e1ximo nivel. Los productos comercializado se entregan virgen como son terminados por la impresora.<br \/>\nSu terminaci\u00f3n y texturas pueden ser distintas a otras piezas pl\u00e1sticas con otros procesos de fabricaci\u00f3n, pero su durabilidad y calidad pueden ser iguales<br \/>\no hasta mejor.<\/p>\n<p>TIPO DE PRODUCTO: REDUCTOR<br \/>\nTIPO: PIE DE MICROFONO MARCA MXP &#8211; PARA USOS MULTIPLES<br \/>\nMATERIAL: PLASTICO<br \/>\nACABADO: IMPRESION 3D<br \/>\nREDUCTOR: DE 25MM A 20MM<br \/>\nVIENE CON PERILLAS Y TUERCAS<\/p>\n","protected":false},"excerpt":{"rendered":"<p>RAB-3D (By RMS-ENLINEA) Nace de la experiencia acumulada estos 10 a\u00f1os, en la venta de hardware para profesionales en la construcci\u00f3n de flights case, maletines, ba\u00fales, rack, etc. Hoy queremos llevar ese conocimiento a otro nivel y gracias a la tecnolog\u00eda 3D, vamos a ser los pioneros en la construcci\u00f3n de este tipo de productos. [&hellip;]<\/p>\n","protected":false},"featured_media":37344,"comment_status":"open","ping_status":"closed","template":"","meta":{"_uag_custom_page_level_css":""},"product_brand":[493],"product_cat":[77,26,15],"product_tag":[],"class_list":{"0":"post-52913","1":"product","2":"type-product","3":"status-publish","4":"has-post-thumbnail","6":"product_brand-rab","7":"product_cat-pies-de-microfono-y-soportes","8":"product_cat-reductores","9":"product_cat-sin-categorizar","11":"first","12":"instock","13":"sale","14":"taxable","15":"shipping-taxable","16":"purchasable","17":"product-type-simple"},"uagb_featured_image_src":{"full":["https:\/\/rms-enlinea.com.ar\/wp-content\/uploads\/2025\/06\/D_778582-MLA54022066745_022023-F.jpg",564,828,false],"thumbnail":["https:\/\/rms-enlinea.com.ar\/wp-content\/uploads\/2025\/06\/D_778582-MLA54022066745_022023-F-150x150.jpg",150,150,true],"medium":["https:\/\/rms-enlinea.com.ar\/wp-content\/uploads\/2025\/06\/D_778582-MLA54022066745_022023-F-204x300.jpg",204,300,true],"medium_large":["https:\/\/rms-enlinea.com.ar\/wp-content\/uploads\/2025\/06\/D_778582-MLA54022066745_022023-F.jpg",564,828,false],"large":["https:\/\/rms-enlinea.com.ar\/wp-content\/uploads\/2025\/06\/D_778582-MLA54022066745_022023-F.jpg",564,828,false],"1536x1536":["https:\/\/rms-enlinea.com.ar\/wp-content\/uploads\/2025\/06\/D_778582-MLA54022066745_022023-F.jpg",564,828,false],"2048x2048":["https:\/\/rms-enlinea.com.ar\/wp-content\/uploads\/2025\/06\/D_778582-MLA54022066745_022023-F.jpg",564,828,false],"woocommerce_thumbnail":["https:\/\/rms-enlinea.com.ar\/wp-content\/uploads\/2025\/06\/D_778582-MLA54022066745_022023-F-450x450.jpg",450,450,true],"woocommerce_single":["https:\/\/rms-enlinea.com.ar\/wp-content\/uploads\/2025\/06\/D_778582-MLA54022066745_022023-F.jpg",564,828,false],"woocommerce_gallery_thumbnail":["https:\/\/rms-enlinea.com.ar\/wp-content\/uploads\/2025\/06\/D_778582-MLA54022066745_022023-F-100x100.jpg",100,100,true]},"uagb_author_info":{"display_name":"nelson","author_link":"https:\/\/rms-enlinea.com.ar\/tienda\/author\/"},"uagb_comment_info":0,"uagb_excerpt":"RAB-3D (By RMS-ENLINEA) Nace de la experiencia acumulada estos 10 a\u00f1os, en la venta de hardware para profesionales en la construcci\u00f3n de flights case, maletines, ba\u00fales, rack, etc. Hoy queremos llevar ese conocimiento a otro nivel y gracias a la tecnolog\u00eda 3D, vamos a ser los pioneros en la construcci\u00f3n de este tipo de productos.&hellip;","_links":{"self":[{"href":"https:\/\/rms-enlinea.com.ar\/tienda\/wp-json\/wp\/v2\/product\/52913","targetHints":{"allow":["GET"]}}],"collection":[{"href":"https:\/\/rms-enlinea.com.ar\/tienda\/wp-json\/wp\/v2\/product"}],"about":[{"href":"https:\/\/rms-enlinea.com.ar\/tienda\/wp-json\/wp\/v2\/types\/product"}],"replies":[{"embeddable":true,"href":"https:\/\/rms-enlinea.com.ar\/tienda\/wp-json\/wp\/v2\/comments?post=52913"}],"wp:featuredmedia":[{"embeddable":true,"href":"https:\/\/rms-enlinea.com.ar\/tienda\/wp-json\/wp\/v2\/media\/37344"}],"wp:attachment":[{"href":"https:\/\/rms-enlinea.com.ar\/tienda\/wp-json\/wp\/v2\/media?parent=52913"}],"wp:term":[{"taxonomy":"product_brand","embeddable":true,"href":"https:\/\/rms-enlinea.com.ar\/tienda\/wp-json\/wp\/v2\/product_brand?post=52913"},{"taxonomy":"product_cat","embeddable":true,"href":"https:\/\/rms-enlinea.com.ar\/tienda\/wp-json\/wp\/v2\/product_cat?post=52913"},{"taxonomy":"product_tag","embeddable":true,"href":"https:\/\/rms-enlinea.com.ar\/tienda\/wp-json\/wp\/v2\/product_tag?post=52913"}],"curies":[{"name":"wp","href":"https:\/\/api.w.org\/{rel}","templated":true}]}}