{"id":52915,"date":"2025-07-31T14:31:31","date_gmt":"2025-07-31T17:31:31","guid":{"rendered":"https:\/\/rms-enlinea.com.ar\/tienda\/producto\/switch-tp-link-tl-sg2428p-24-puertos-poe-4-sfp-gigabit\/"},"modified":"2026-04-06T13:57:29","modified_gmt":"2026-04-06T16:57:29","slug":"switch-tp-link-tl-sg2428p-24-puertos-poe-4-sfp-gigabit","status":"publish","type":"product","link":"https:\/\/rms-enlinea.com.ar\/tienda\/producto\/switch-tp-link-tl-sg2428p-24-puertos-poe-4-sfp-gigabit\/","title":{"rendered":"Switch Tp-link Tl-sg2428p 24 Puertos Poe + 4 Sfp Gigabit"},"content":{"rendered":"<p>Rendimiento PoE+ de hasta 250W<\/p>\n<p>Puertos Gigabit completos<\/p>\n<p>Integrado en Omada SDN<\/p>\n<p>Administraci\u00f3n centralizada<\/p>\n<p>Estrategias de seguridad s\u00f3lidas<\/p>\n<p>CARACTER\u00cdSTICAS DE HARDWARE<br \/>\nEst\u00e1ndares y Protocolos IEEE 802.3i, IEEE 802.3u, IEEE 802.3ab, IEEE802.3z, IEEE 802.3ad, IEEE 802.3x,<br \/>\nIEEE 802.3az, IEEE 802.1d, IEEE 802.1s, IEEE 802.1w, IEEE 802.1q, IEEE 802.1p, IEEE 802.1x<br \/>\nInterfaz \u2022 24 puertos RJ45 10\/100\/1000 Mbps (Negociaci\u00f3n autom\u00e1tica \/ Auto MDI \/ MDIX)<br \/>\n\u2022 4 \u00d7 ranuras SFP Gigabit<br \/>\nMedios de Red \u2022 10BASE-T: cable UTP categor\u00eda 3, 4, 5 (m\u00e1ximo 100 m)<br \/>\n\u2022 100BASE-TX \/ 1000Base-T: cable UTP categor\u00eda 5, 5e o superior (m\u00e1ximo 100 m)<br \/>\n\u2022 1000BASE-X: MMF, SMF<br \/>\nCantidad de Ventiladores 2<br \/>\nFuente de Alimentaci\u00f3n 100-240V AC, 50\/60Hz<br \/>\nPuertos PoE+ (RJ45) \u2022 Est\u00e1ndar: compatible con 802.3at \/ af<br \/>\n\u2022 Puertos PoE +: 24 puertos<br \/>\n\u2022 Suministro PoE: 250 W<br \/>\nPuertos PoE (RJ45) \u2022 Standard: 802.3at\/af compliant<br \/>\n\u2022 PoE+ Ports: 24 Ports<br \/>\n\u2022 PoE Power Budget: 250 W*<br \/>\nDimensiones 440 \u00d7 220 \u00d7 44 mm (17.3 \u00d7 8.7 \u00d7 1.73 in)<br \/>\nMontaje Montaje en rack<br \/>\nConsumo de Potencia M\u00e1ximo \u2022 294,7 W (220 V \/ 50 Hz) (con PD de 250 W conectado)<br \/>\nDisipaci\u00f3n m\u00e1xima de calor \u2022 1005,66 BTU \/ h (220 V \/ 50 Hz) (con PD de 250 W conectado)<\/p>\n","protected":false},"excerpt":{"rendered":"<p>Rendimiento PoE+ de hasta 250W Puertos Gigabit completos Integrado en Omada SDN Administraci\u00f3n centralizada Estrategias de seguridad s\u00f3lidas CARACTER\u00cdSTICAS DE HARDWARE Est\u00e1ndares y Protocolos IEEE 802.3i, IEEE 802.3u, IEEE 802.3ab, IEEE802.3z, IEEE 802.3ad, IEEE 802.3x, IEEE 802.3az, IEEE 802.1d, IEEE 802.1s, IEEE 802.1w, IEEE 802.1q, IEEE 802.1p, IEEE 802.1x Interfaz \u2022 24 puertos RJ45 10\/100\/1000 [&hellip;]<\/p>\n","protected":false},"featured_media":22639,"comment_status":"open","ping_status":"closed","template":"","meta":{"_uag_custom_page_level_css":""},"product_brand":[546],"product_cat":[122],"product_tag":[],"class_list":{"0":"post-52915","1":"product","2":"type-product","3":"status-publish","4":"has-post-thumbnail","6":"product_brand-tplink","7":"product_cat-redes-y-conectividad","9":"first","10":"instock","11":"sale","12":"taxable","13":"shipping-taxable","14":"purchasable","15":"product-type-simple"},"uagb_featured_image_src":{"full":["https:\/\/rms-enlinea.com.ar\/wp-content\/uploads\/2025\/06\/D_790355-MLA74221483257_012024-F.jpg",991,341,false],"thumbnail":["https:\/\/rms-enlinea.com.ar\/wp-content\/uploads\/2025\/06\/D_790355-MLA74221483257_012024-F-150x150.jpg",150,150,true],"medium":["https:\/\/rms-enlinea.com.ar\/wp-content\/uploads\/2025\/06\/D_790355-MLA74221483257_012024-F-300x103.jpg",300,103,true],"medium_large":["https:\/\/rms-enlinea.com.ar\/wp-content\/uploads\/2025\/06\/D_790355-MLA74221483257_012024-F-768x264.jpg",768,264,true],"large":["https:\/\/rms-enlinea.com.ar\/wp-content\/uploads\/2025\/06\/D_790355-MLA74221483257_012024-F.jpg",991,341,false],"1536x1536":["https:\/\/rms-enlinea.com.ar\/wp-content\/uploads\/2025\/06\/D_790355-MLA74221483257_012024-F.jpg",991,341,false],"2048x2048":["https:\/\/rms-enlinea.com.ar\/wp-content\/uploads\/2025\/06\/D_790355-MLA74221483257_012024-F.jpg",991,341,false],"woocommerce_thumbnail":["https:\/\/rms-enlinea.com.ar\/wp-content\/uploads\/2025\/06\/D_790355-MLA74221483257_012024-F-450x341.jpg",450,341,true],"woocommerce_single":["https:\/\/rms-enlinea.com.ar\/wp-content\/uploads\/2025\/06\/D_790355-MLA74221483257_012024-F-600x206.jpg",600,206,true],"woocommerce_gallery_thumbnail":["https:\/\/rms-enlinea.com.ar\/wp-content\/uploads\/2025\/06\/D_790355-MLA74221483257_012024-F-100x100.jpg",100,100,true]},"uagb_author_info":{"display_name":"nelson","author_link":"https:\/\/rms-enlinea.com.ar\/tienda\/author\/"},"uagb_comment_info":0,"uagb_excerpt":"Rendimiento PoE+ de hasta 250W Puertos Gigabit completos Integrado en Omada SDN Administraci\u00f3n centralizada Estrategias de seguridad s\u00f3lidas CARACTER\u00cdSTICAS DE HARDWARE Est\u00e1ndares y Protocolos IEEE 802.3i, IEEE 802.3u, IEEE 802.3ab, IEEE802.3z, IEEE 802.3ad, IEEE 802.3x, IEEE 802.3az, IEEE 802.1d, IEEE 802.1s, IEEE 802.1w, IEEE 802.1q, IEEE 802.1p, IEEE 802.1x Interfaz \u2022 24 puertos RJ45 10\/100\/1000&hellip;","_links":{"self":[{"href":"https:\/\/rms-enlinea.com.ar\/tienda\/wp-json\/wp\/v2\/product\/52915","targetHints":{"allow":["GET"]}}],"collection":[{"href":"https:\/\/rms-enlinea.com.ar\/tienda\/wp-json\/wp\/v2\/product"}],"about":[{"href":"https:\/\/rms-enlinea.com.ar\/tienda\/wp-json\/wp\/v2\/types\/product"}],"replies":[{"embeddable":true,"href":"https:\/\/rms-enlinea.com.ar\/tienda\/wp-json\/wp\/v2\/comments?post=52915"}],"wp:featuredmedia":[{"embeddable":true,"href":"https:\/\/rms-enlinea.com.ar\/tienda\/wp-json\/wp\/v2\/media\/22639"}],"wp:attachment":[{"href":"https:\/\/rms-enlinea.com.ar\/tienda\/wp-json\/wp\/v2\/media?parent=52915"}],"wp:term":[{"taxonomy":"product_brand","embeddable":true,"href":"https:\/\/rms-enlinea.com.ar\/tienda\/wp-json\/wp\/v2\/product_brand?post=52915"},{"taxonomy":"product_cat","embeddable":true,"href":"https:\/\/rms-enlinea.com.ar\/tienda\/wp-json\/wp\/v2\/product_cat?post=52915"},{"taxonomy":"product_tag","embeddable":true,"href":"https:\/\/rms-enlinea.com.ar\/tienda\/wp-json\/wp\/v2\/product_tag?post=52915"}],"curies":[{"name":"wp","href":"https:\/\/api.w.org\/{rel}","templated":true}]}}