{"id":52916,"date":"2025-07-31T15:03:47","date_gmt":"2025-07-31T18:03:47","guid":{"rendered":"https:\/\/rms-enlinea.com.ar\/tienda\/producto\/router-dual-band-d-link-dir-2150-ac2100-gigabite-300-mbps\/"},"modified":"2026-04-02T16:22:58","modified_gmt":"2026-04-02T19:22:58","slug":"router-dual-band-d-link-dir-2150-ac2100-gigabite-300-mbps","status":"publish","type":"product","link":"https:\/\/rms-enlinea.com.ar\/tienda\/producto\/router-dual-band-d-link-dir-2150-ac2100-gigabite-300-mbps\/","title":{"rendered":"Router Dual Band D-link Dir-2150 Ac2100 Gigabite 300 Mbps"},"content":{"rendered":"<p>Con el access point D-Link podr\u00e1s interconectar redes inal\u00e1mbricas logrando as\u00ed una conexi\u00f3n estable y segura entre la red y el dispositivo de destino.<\/p>\n<p>Se\u00f1al continua<br \/>\nCon el router D-Link DIR-2150 vas a poder establecer redes potentes para enviar y recibir informaci\u00f3n a gran velocidad.<\/p>\n<p>M\u00e1s antenas, mejor se\u00f1al<br \/>\nCon este dispositivo, las paredes y techos no son un obst\u00e1culo: los m\u00faltiples receptores garantizan un mejor rendimiento en lugares con gran nivel de interferencia.<\/p>\n<p>Informaci\u00f3n que vuela<br \/>\nSin importar la cantidad de artefactos conectados ni la magnitud de los datos, tu conexi\u00f3n ser\u00e1 impresionante. Con una velocidad de 2100 Mbps, los tiempos de cargas lentas quedaron atr\u00e1s.<\/p>\n<p>Gran alcance y estabilidad<br \/>\n\u00a1Mantenete siempre en l\u00ednea! Con su doble banda logr\u00e1 un mayor alcance y una mejor estabilidad de la frecuencia.<\/p>\n","protected":false},"excerpt":{"rendered":"<p>Con el access point D-Link podr\u00e1s interconectar redes inal\u00e1mbricas logrando as\u00ed una conexi\u00f3n estable y segura entre la red y el dispositivo de destino. Se\u00f1al continua Con el router D-Link DIR-2150 vas a poder establecer redes potentes para enviar y recibir informaci\u00f3n a gran velocidad. M\u00e1s antenas, mejor se\u00f1al Con este dispositivo, las paredes y [&hellip;]<\/p>\n","protected":false},"featured_media":28120,"comment_status":"open","ping_status":"closed","template":"","meta":{"_uag_custom_page_level_css":""},"product_brand":[547],"product_cat":[122],"product_tag":[],"class_list":{"0":"post-52916","1":"product","2":"type-product","3":"status-publish","4":"has-post-thumbnail","6":"product_brand-dlink","7":"product_cat-redes-y-conectividad","9":"first","10":"instock","11":"sale","12":"taxable","13":"shipping-taxable","14":"purchasable","15":"product-type-simple"},"uagb_featured_image_src":{"full":["https:\/\/rms-enlinea.com.ar\/wp-content\/uploads\/2025\/06\/D_782633-MLU69797977209_062023-F.jpg",500,487,false],"thumbnail":["https:\/\/rms-enlinea.com.ar\/wp-content\/uploads\/2025\/06\/D_782633-MLU69797977209_062023-F-150x150.jpg",150,150,true],"medium":["https:\/\/rms-enlinea.com.ar\/wp-content\/uploads\/2025\/06\/D_782633-MLU69797977209_062023-F-300x292.jpg",300,292,true],"medium_large":["https:\/\/rms-enlinea.com.ar\/wp-content\/uploads\/2025\/06\/D_782633-MLU69797977209_062023-F.jpg",500,487,false],"large":["https:\/\/rms-enlinea.com.ar\/wp-content\/uploads\/2025\/06\/D_782633-MLU69797977209_062023-F.jpg",500,487,false],"1536x1536":["https:\/\/rms-enlinea.com.ar\/wp-content\/uploads\/2025\/06\/D_782633-MLU69797977209_062023-F.jpg",500,487,false],"2048x2048":["https:\/\/rms-enlinea.com.ar\/wp-content\/uploads\/2025\/06\/D_782633-MLU69797977209_062023-F.jpg",500,487,false],"woocommerce_thumbnail":["https:\/\/rms-enlinea.com.ar\/wp-content\/uploads\/2025\/06\/D_782633-MLU69797977209_062023-F-450x450.jpg",450,450,true],"woocommerce_single":["https:\/\/rms-enlinea.com.ar\/wp-content\/uploads\/2025\/06\/D_782633-MLU69797977209_062023-F.jpg",500,487,false],"woocommerce_gallery_thumbnail":["https:\/\/rms-enlinea.com.ar\/wp-content\/uploads\/2025\/06\/D_782633-MLU69797977209_062023-F-100x100.jpg",100,100,true]},"uagb_author_info":{"display_name":"nelson","author_link":"https:\/\/rms-enlinea.com.ar\/tienda\/author\/"},"uagb_comment_info":0,"uagb_excerpt":"Con el access point D-Link podr\u00e1s interconectar redes inal\u00e1mbricas logrando as\u00ed una conexi\u00f3n estable y segura entre la red y el dispositivo de destino. Se\u00f1al continua Con el router D-Link DIR-2150 vas a poder establecer redes potentes para enviar y recibir informaci\u00f3n a gran velocidad. M\u00e1s antenas, mejor se\u00f1al Con este dispositivo, las paredes y&hellip;","_links":{"self":[{"href":"https:\/\/rms-enlinea.com.ar\/tienda\/wp-json\/wp\/v2\/product\/52916","targetHints":{"allow":["GET"]}}],"collection":[{"href":"https:\/\/rms-enlinea.com.ar\/tienda\/wp-json\/wp\/v2\/product"}],"about":[{"href":"https:\/\/rms-enlinea.com.ar\/tienda\/wp-json\/wp\/v2\/types\/product"}],"replies":[{"embeddable":true,"href":"https:\/\/rms-enlinea.com.ar\/tienda\/wp-json\/wp\/v2\/comments?post=52916"}],"wp:featuredmedia":[{"embeddable":true,"href":"https:\/\/rms-enlinea.com.ar\/tienda\/wp-json\/wp\/v2\/media\/28120"}],"wp:attachment":[{"href":"https:\/\/rms-enlinea.com.ar\/tienda\/wp-json\/wp\/v2\/media?parent=52916"}],"wp:term":[{"taxonomy":"product_brand","embeddable":true,"href":"https:\/\/rms-enlinea.com.ar\/tienda\/wp-json\/wp\/v2\/product_brand?post=52916"},{"taxonomy":"product_cat","embeddable":true,"href":"https:\/\/rms-enlinea.com.ar\/tienda\/wp-json\/wp\/v2\/product_cat?post=52916"},{"taxonomy":"product_tag","embeddable":true,"href":"https:\/\/rms-enlinea.com.ar\/tienda\/wp-json\/wp\/v2\/product_tag?post=52916"}],"curies":[{"name":"wp","href":"https:\/\/api.w.org\/{rel}","templated":true}]}}