{"id":52929,"date":"2025-07-31T18:44:31","date_gmt":"2025-07-31T21:44:31","guid":{"rendered":"https:\/\/rms-enlinea.com.ar\/tienda\/producto\/procesador-amd-ryzen-7-5800xt-sin-graficos-4-8ghz-8-nucleos\/"},"modified":"2026-02-22T23:30:15","modified_gmt":"2026-02-23T02:30:15","slug":"procesador-amd-ryzen-7-5800xt-sin-graficos-4-8ghz-8-nucleos","status":"publish","type":"product","link":"https:\/\/rms-enlinea.com.ar\/tienda\/producto\/procesador-amd-ryzen-7-5800xt-sin-graficos-4-8ghz-8-nucleos\/","title":{"rendered":"Procesador Amd Ryzen 7 5800xt Sin Graficos 4.8ghz 8 Nucleos"},"content":{"rendered":"<p>Nombre<br \/>\nAMD Ryzen\u2122 7 5800XT<br \/>\nFamilia<br \/>\nRyzen<br \/>\nSerie<br \/>\nRyzen 5000 Series<br \/>\nFormato<br \/>\nProcesador en caja , Computadoras de escritorio<br \/>\nMarket Segment<br \/>\nEnthusiast Desktop<br \/>\nUso para consumidor<br \/>\nS\u00ed<br \/>\nUso comercial<br \/>\nNo<br \/>\nDisponibilidad regional<br \/>\nGlobal<br \/>\nNombre de c\u00f3digo anterior<br \/>\nVermeer<br \/>\nArquitectura<br \/>\nZen 3<br \/>\nN.\u00ba de n\u00facleos de CPU<br \/>\n8<br \/>\nM\u00faltiples subprocesos (SMT)<br \/>\nS\u00ed<br \/>\nN.\u00ba de subprocesos<br \/>\n16<br \/>\nReloj turbo m\u00e1ximo<br \/>\nHasta 4.8 GHz<br \/>\nReloj base<br \/>\n3.8 GHz<br \/>\nCach\u00e9 L1<br \/>\n512 KB<br \/>\nCach\u00e9 L2<br \/>\n4 MB<br \/>\nCach\u00e9 L3<br \/>\n32 MB<br \/>\nTDP predeterminada<br \/>\n105W<br \/>\nTecnolog\u00eda de procesador para n\u00facleos de CPU<br \/>\nTSMC 7nm FinFET<br \/>\nTecnolog\u00eda de procesador para chip de E\/S<br \/>\n12nm (Globalfoundries)<br \/>\nTama\u00f1o del chip de procesamiento de CPU (CCD)<br \/>\n74mm\u00b2<br \/>\nTama\u00f1o del chip de E\/S (IOD)<br \/>\n125mm\u00b2<br \/>\nRecuento del chip del paquete<br \/>\n2<br \/>\nDesbloqueado para overclocking<br \/>\nS\u00ed<br \/>\nSocket de CPU<br \/>\nAM4<br \/>\nSupporting Chipsets<br \/>\nX570 , B550 , A520 , X470 , B450<br \/>\nCPU Boost Technology<br \/>\nPrecision Boost 2<br \/>\nConjunto de instrucciones<br \/>\nx86-64<br \/>\nExtensiones compatibles<br \/>\nAES , AMD-V , AVX , AVX2 , FMA3 , MMX-plus , SHA , SSE , SSE2 , SSE3 , SSE4.1 , SSE4.2 , SSE4A , SSSE3 , x86-64<br \/>\nSoluci\u00f3n t\u00e9rmica (producto en caja)<br \/>\nAMD Wraith Prism<br \/>\nTemperatura de funcionamiento m\u00e1xima (Tjmax)<br \/>\n90\u00b0C<br \/>\nFecha de lanzamiento<br \/>\n07\/31\/2024<br \/>\n* Compatibilidad con SO<br \/>\nWindows 11 &#8211; 64-Bit Edition , Windows 10 &#8211; 64-Bit Edition , RHEL x86 64-Bit , Ubuntu x86 64-Bit<\/p>\n","protected":false},"excerpt":{"rendered":"<p>Nombre AMD Ryzen\u2122 7 5800XT Familia Ryzen Serie Ryzen 5000 Series Formato Procesador en caja , Computadoras de escritorio Market Segment Enthusiast Desktop Uso para consumidor S\u00ed Uso comercial No Disponibilidad regional Global Nombre de c\u00f3digo anterior Vermeer Arquitectura Zen 3 N.\u00ba de n\u00facleos de CPU 8 M\u00faltiples subprocesos (SMT) S\u00ed N.\u00ba de subprocesos 16 [&hellip;]<\/p>\n","protected":false},"featured_media":35247,"comment_status":"open","ping_status":"closed","template":"","meta":{"_uag_custom_page_level_css":""},"product_brand":[531],"product_cat":[121],"product_tag":[],"class_list":{"0":"post-52929","1":"product","2":"type-product","3":"status-publish","4":"has-post-thumbnail","6":"product_brand-amd","7":"product_cat-procesadores-computacion","9":"first","10":"instock","11":"sale","12":"taxable","13":"shipping-taxable","14":"purchasable","15":"product-type-simple"},"uagb_featured_image_src":{"full":["https:\/\/rms-enlinea.com.ar\/wp-content\/uploads\/2025\/06\/D_658256-MLA77871942934_072024-F.jpg",1154,1125,false],"thumbnail":["https:\/\/rms-enlinea.com.ar\/wp-content\/uploads\/2025\/06\/D_658256-MLA77871942934_072024-F-150x150.jpg",150,150,true],"medium":["https:\/\/rms-enlinea.com.ar\/wp-content\/uploads\/2025\/06\/D_658256-MLA77871942934_072024-F-300x292.jpg",300,292,true],"medium_large":["https:\/\/rms-enlinea.com.ar\/wp-content\/uploads\/2025\/06\/D_658256-MLA77871942934_072024-F-768x749.jpg",768,749,true],"large":["https:\/\/rms-enlinea.com.ar\/wp-content\/uploads\/2025\/06\/D_658256-MLA77871942934_072024-F-1024x998.jpg",1024,998,true],"1536x1536":["https:\/\/rms-enlinea.com.ar\/wp-content\/uploads\/2025\/06\/D_658256-MLA77871942934_072024-F.jpg",1154,1125,false],"2048x2048":["https:\/\/rms-enlinea.com.ar\/wp-content\/uploads\/2025\/06\/D_658256-MLA77871942934_072024-F.jpg",1154,1125,false],"woocommerce_thumbnail":["https:\/\/rms-enlinea.com.ar\/wp-content\/uploads\/2025\/06\/D_658256-MLA77871942934_072024-F-450x450.jpg",450,450,true],"woocommerce_single":["https:\/\/rms-enlinea.com.ar\/wp-content\/uploads\/2025\/06\/D_658256-MLA77871942934_072024-F-600x585.jpg",600,585,true],"woocommerce_gallery_thumbnail":["https:\/\/rms-enlinea.com.ar\/wp-content\/uploads\/2025\/06\/D_658256-MLA77871942934_072024-F-100x100.jpg",100,100,true]},"uagb_author_info":{"display_name":"nelson","author_link":"https:\/\/rms-enlinea.com.ar\/tienda\/author\/"},"uagb_comment_info":0,"uagb_excerpt":"Nombre AMD Ryzen\u2122 7 5800XT Familia Ryzen Serie Ryzen 5000 Series Formato Procesador en caja , Computadoras de escritorio Market Segment Enthusiast Desktop Uso para consumidor S\u00ed Uso comercial No Disponibilidad regional Global Nombre de c\u00f3digo anterior Vermeer Arquitectura Zen 3 N.\u00ba de n\u00facleos de CPU 8 M\u00faltiples subprocesos (SMT) S\u00ed N.\u00ba de subprocesos 16&hellip;","_links":{"self":[{"href":"https:\/\/rms-enlinea.com.ar\/tienda\/wp-json\/wp\/v2\/product\/52929","targetHints":{"allow":["GET"]}}],"collection":[{"href":"https:\/\/rms-enlinea.com.ar\/tienda\/wp-json\/wp\/v2\/product"}],"about":[{"href":"https:\/\/rms-enlinea.com.ar\/tienda\/wp-json\/wp\/v2\/types\/product"}],"replies":[{"embeddable":true,"href":"https:\/\/rms-enlinea.com.ar\/tienda\/wp-json\/wp\/v2\/comments?post=52929"}],"wp:featuredmedia":[{"embeddable":true,"href":"https:\/\/rms-enlinea.com.ar\/tienda\/wp-json\/wp\/v2\/media\/35247"}],"wp:attachment":[{"href":"https:\/\/rms-enlinea.com.ar\/tienda\/wp-json\/wp\/v2\/media?parent=52929"}],"wp:term":[{"taxonomy":"product_brand","embeddable":true,"href":"https:\/\/rms-enlinea.com.ar\/tienda\/wp-json\/wp\/v2\/product_brand?post=52929"},{"taxonomy":"product_cat","embeddable":true,"href":"https:\/\/rms-enlinea.com.ar\/tienda\/wp-json\/wp\/v2\/product_cat?post=52929"},{"taxonomy":"product_tag","embeddable":true,"href":"https:\/\/rms-enlinea.com.ar\/tienda\/wp-json\/wp\/v2\/product_tag?post=52929"}],"curies":[{"name":"wp","href":"https:\/\/api.w.org\/{rel}","templated":true}]}}