{"id":52961,"date":"2025-08-01T10:20:29","date_gmt":"2025-08-01T13:20:29","guid":{"rendered":"https:\/\/rms-enlinea.com.ar\/tienda\/producto\/funda-para-notebook-trust-lisboa-sleeve-13-3-pulgadas-25123\/"},"modified":"2026-04-21T06:04:08","modified_gmt":"2026-04-21T09:04:08","slug":"funda-para-notebook-trust-lisboa-sleeve-13-3-pulgadas-25123","status":"publish","type":"product","link":"https:\/\/rms-enlinea.com.ar\/tienda\/producto\/funda-para-notebook-trust-lisboa-sleeve-13-3-pulgadas-25123\/","title":{"rendered":"Funda Para Notebook Trust Lisboa Sleeve 13.3 Pulgadas 25123"},"content":{"rendered":"<p>Pr\u00e1ctica y con principios<br \/>\nLisboa no es una funda cualquiera, ya que est\u00e1 hecha con un tejido obtenido a partir de 3 botellas de PET recicladas. As\u00ed puede transportar el port\u00e1til con estilo, comodidad y conciencia ecol\u00f3gica.<\/p>\n<p>Juega a la defensiva<br \/>\nEl cometido de la funda Lisboa es mantener a salvo el port\u00e1til gracias a un interior acolchado que amortigua los golpes. Podr\u00e1 transportar un ordenador de hasta 13\u201d con total tranquilidad.<\/p>\n<p>Elegante y estilizada<br \/>\n\u00bfHarto de las fundas para port\u00e1tiles que ocupan mucho espacio? No se preocupe: aqu\u00ed est\u00e1 la funda Lisboa. Por su dise\u00f1o elegante y estilizado, resulta muy c\u00f3moda de llevar, y cabe f\u00e1cilmente en la maleta o en el bolso.<\/p>\n","protected":false},"excerpt":{"rendered":"<p>Pr\u00e1ctica y con principios Lisboa no es una funda cualquiera, ya que est\u00e1 hecha con un tejido obtenido a partir de 3 botellas de PET recicladas. As\u00ed puede transportar el port\u00e1til con estilo, comodidad y conciencia ecol\u00f3gica. Juega a la defensiva El cometido de la funda Lisboa es mantener a salvo el port\u00e1til gracias a [&hellip;]<\/p>\n","protected":false},"featured_media":4540,"comment_status":"open","ping_status":"closed","template":"","meta":{"_uag_custom_page_level_css":""},"product_brand":[542],"product_cat":[100],"product_tag":[],"class_list":{"0":"post-52961","1":"product","2":"type-product","3":"status-publish","4":"has-post-thumbnail","6":"product_brand-trustgaming","7":"product_cat-bolsos-y-mochilas","9":"first","10":"outofstock","11":"sale","12":"taxable","13":"shipping-taxable","14":"purchasable","15":"product-type-simple"},"uagb_featured_image_src":{"full":["https:\/\/rms-enlinea.com.ar\/wp-content\/uploads\/2025\/06\/D_911528-MLA85464618245_052025-F.jpg",789,365,false],"thumbnail":["https:\/\/rms-enlinea.com.ar\/wp-content\/uploads\/2025\/06\/D_911528-MLA85464618245_052025-F-150x150.jpg",150,150,true],"medium":["https:\/\/rms-enlinea.com.ar\/wp-content\/uploads\/2025\/06\/D_911528-MLA85464618245_052025-F-300x139.jpg",300,139,true],"medium_large":["https:\/\/rms-enlinea.com.ar\/wp-content\/uploads\/2025\/06\/D_911528-MLA85464618245_052025-F-768x355.jpg",768,355,true],"large":["https:\/\/rms-enlinea.com.ar\/wp-content\/uploads\/2025\/06\/D_911528-MLA85464618245_052025-F.jpg",789,365,false],"1536x1536":["https:\/\/rms-enlinea.com.ar\/wp-content\/uploads\/2025\/06\/D_911528-MLA85464618245_052025-F.jpg",789,365,false],"2048x2048":["https:\/\/rms-enlinea.com.ar\/wp-content\/uploads\/2025\/06\/D_911528-MLA85464618245_052025-F.jpg",789,365,false],"woocommerce_thumbnail":["https:\/\/rms-enlinea.com.ar\/wp-content\/uploads\/2025\/06\/D_911528-MLA85464618245_052025-F-450x365.jpg",450,365,true],"woocommerce_single":["https:\/\/rms-enlinea.com.ar\/wp-content\/uploads\/2025\/06\/D_911528-MLA85464618245_052025-F-600x278.jpg",600,278,true],"woocommerce_gallery_thumbnail":["https:\/\/rms-enlinea.com.ar\/wp-content\/uploads\/2025\/06\/D_911528-MLA85464618245_052025-F-100x100.jpg",100,100,true]},"uagb_author_info":{"display_name":"nelson","author_link":"https:\/\/rms-enlinea.com.ar\/tienda\/author\/"},"uagb_comment_info":0,"uagb_excerpt":"Pr\u00e1ctica y con principios Lisboa no es una funda cualquiera, ya que est\u00e1 hecha con un tejido obtenido a partir de 3 botellas de PET recicladas. As\u00ed puede transportar el port\u00e1til con estilo, comodidad y conciencia ecol\u00f3gica. Juega a la defensiva El cometido de la funda Lisboa es mantener a salvo el port\u00e1til gracias a&hellip;","_links":{"self":[{"href":"https:\/\/rms-enlinea.com.ar\/tienda\/wp-json\/wp\/v2\/product\/52961","targetHints":{"allow":["GET"]}}],"collection":[{"href":"https:\/\/rms-enlinea.com.ar\/tienda\/wp-json\/wp\/v2\/product"}],"about":[{"href":"https:\/\/rms-enlinea.com.ar\/tienda\/wp-json\/wp\/v2\/types\/product"}],"replies":[{"embeddable":true,"href":"https:\/\/rms-enlinea.com.ar\/tienda\/wp-json\/wp\/v2\/comments?post=52961"}],"wp:featuredmedia":[{"embeddable":true,"href":"https:\/\/rms-enlinea.com.ar\/tienda\/wp-json\/wp\/v2\/media\/4540"}],"wp:attachment":[{"href":"https:\/\/rms-enlinea.com.ar\/tienda\/wp-json\/wp\/v2\/media?parent=52961"}],"wp:term":[{"taxonomy":"product_brand","embeddable":true,"href":"https:\/\/rms-enlinea.com.ar\/tienda\/wp-json\/wp\/v2\/product_brand?post=52961"},{"taxonomy":"product_cat","embeddable":true,"href":"https:\/\/rms-enlinea.com.ar\/tienda\/wp-json\/wp\/v2\/product_cat?post=52961"},{"taxonomy":"product_tag","embeddable":true,"href":"https:\/\/rms-enlinea.com.ar\/tienda\/wp-json\/wp\/v2\/product_tag?post=52961"}],"curies":[{"name":"wp","href":"https:\/\/api.w.org\/{rel}","templated":true}]}}