{"id":52963,"date":"2025-08-01T12:11:00","date_gmt":"2025-08-01T15:11:00","guid":{"rendered":"https:\/\/rms-enlinea.com.ar\/tienda\/producto\/auricular-inalambrico-corsair-hs80-carbon-rgb-ca-9011235-na\/"},"modified":"2026-04-06T13:36:58","modified_gmt":"2026-04-06T16:36:58","slug":"auricular-inalambrico-corsair-hs80-carbon-rgb-ca-9011235-na","status":"publish","type":"product","link":"https:\/\/rms-enlinea.com.ar\/tienda\/producto\/auricular-inalambrico-corsair-hs80-carbon-rgb-ca-9011235-na\/","title":{"rendered":"Auricular Inalambrico Corsair Hs80 Carbon Rgb Ca-9011235-na"},"content":{"rendered":"<p>Los Auriculares Inal\u00e1mbricos Corsair HS80 Carbon RGB CA-9011235-NA son la elecci\u00f3n ideal para los entusiastas del gaming que buscan una experiencia de sonido envolvente y comodidad prolongada. Con un dise\u00f1o over-ear, estos auriculares aseguran un ajuste perfecto y son ideales para sesiones de juego intensivas, proporcionando una cancelaci\u00f3n de ruido eficaz que te permite sumergirte completamente en tu mundo virtual.<\/p>\n<p>Equipados con un micr\u00f3fono flexible, permiten una comunicaci\u00f3n clara y precisa con tus compa\u00f1eros de equipo. Su autonom\u00eda de hasta 20 horas de uso continuo garantiza que nunca te quedar\u00e1s sin bater\u00eda en medio de una partida crucial. Adem\u00e1s, cuentan con luces LED que a\u00f1aden un toque de estilo y personalizaci\u00f3n a tu setup.<\/p>\n<p>El alcance inal\u00e1mbrico de 18.288 metros te brinda la libertad de moverte sin restricciones, mientras que su respuesta en frecuencia de 20 Hz a 20 kHz asegura que experimentar\u00e1s todos los matices de tu juego o m\u00fasica favorita. Su sensibilidad de 120 dB garantiza un sonido potente y claro, perfecto para disfrutar cada detalle sonoro.<\/p>\n<p>No importa si eres un gamer casual o un experto, los Auriculares Inal\u00e1mbricos Corsair HS80 Carbon RGB ofrecen una calidad de audio que transforma cada partida en una experiencia inmersiva. Descubre el equilibrio perfecto entre rendimiento y comodidad con estos sofisticados auriculares, dise\u00f1ados para los verdaderos amantes del juego.<\/p>\n","protected":false},"excerpt":{"rendered":"<p>Los Auriculares Inal\u00e1mbricos Corsair HS80 Carbon RGB CA-9011235-NA son la elecci\u00f3n ideal para los entusiastas del gaming que buscan una experiencia de sonido envolvente y comodidad prolongada. Con un dise\u00f1o over-ear, estos auriculares aseguran un ajuste perfecto y son ideales para sesiones de juego intensivas, proporcionando una cancelaci\u00f3n de ruido eficaz que te permite sumergirte [&hellip;]<\/p>\n","protected":false},"featured_media":52964,"comment_status":"open","ping_status":"closed","template":"","meta":{"_uag_custom_page_level_css":""},"product_brand":[555],"product_cat":[99],"product_tag":[],"class_list":{"0":"post-52963","1":"product","2":"type-product","3":"status-publish","4":"has-post-thumbnail","6":"product_brand-corsair","7":"product_cat-auriculares-computacion","9":"first","10":"outofstock","11":"sale","12":"taxable","13":"shipping-taxable","14":"purchasable","15":"product-type-simple"},"uagb_featured_image_src":{"full":["https:\/\/rms-enlinea.com.ar\/wp-content\/uploads\/2025\/08\/D_660436-MLA89139497663_082025-F.jpg",866,1200,false],"thumbnail":["https:\/\/rms-enlinea.com.ar\/wp-content\/uploads\/2025\/08\/D_660436-MLA89139497663_082025-F-150x150.jpg",150,150,true],"medium":["https:\/\/rms-enlinea.com.ar\/wp-content\/uploads\/2025\/08\/D_660436-MLA89139497663_082025-F-217x300.jpg",217,300,true],"medium_large":["https:\/\/rms-enlinea.com.ar\/wp-content\/uploads\/2025\/08\/D_660436-MLA89139497663_082025-F-768x1064.jpg",768,1064,true],"large":["https:\/\/rms-enlinea.com.ar\/wp-content\/uploads\/2025\/08\/D_660436-MLA89139497663_082025-F-739x1024.jpg",739,1024,true],"1536x1536":["https:\/\/rms-enlinea.com.ar\/wp-content\/uploads\/2025\/08\/D_660436-MLA89139497663_082025-F.jpg",866,1200,false],"2048x2048":["https:\/\/rms-enlinea.com.ar\/wp-content\/uploads\/2025\/08\/D_660436-MLA89139497663_082025-F.jpg",866,1200,false],"woocommerce_thumbnail":["https:\/\/rms-enlinea.com.ar\/wp-content\/uploads\/2025\/08\/D_660436-MLA89139497663_082025-F-450x450.jpg",450,450,true],"woocommerce_single":["https:\/\/rms-enlinea.com.ar\/wp-content\/uploads\/2025\/08\/D_660436-MLA89139497663_082025-F-600x831.jpg",600,831,true],"woocommerce_gallery_thumbnail":["https:\/\/rms-enlinea.com.ar\/wp-content\/uploads\/2025\/08\/D_660436-MLA89139497663_082025-F-100x100.jpg",100,100,true]},"uagb_author_info":{"display_name":"nelson","author_link":"https:\/\/rms-enlinea.com.ar\/tienda\/author\/"},"uagb_comment_info":0,"uagb_excerpt":"Los Auriculares Inal\u00e1mbricos Corsair HS80 Carbon RGB CA-9011235-NA son la elecci\u00f3n ideal para los entusiastas del gaming que buscan una experiencia de sonido envolvente y comodidad prolongada. Con un dise\u00f1o over-ear, estos auriculares aseguran un ajuste perfecto y son ideales para sesiones de juego intensivas, proporcionando una cancelaci\u00f3n de ruido eficaz que te permite sumergirte&hellip;","_links":{"self":[{"href":"https:\/\/rms-enlinea.com.ar\/tienda\/wp-json\/wp\/v2\/product\/52963","targetHints":{"allow":["GET"]}}],"collection":[{"href":"https:\/\/rms-enlinea.com.ar\/tienda\/wp-json\/wp\/v2\/product"}],"about":[{"href":"https:\/\/rms-enlinea.com.ar\/tienda\/wp-json\/wp\/v2\/types\/product"}],"replies":[{"embeddable":true,"href":"https:\/\/rms-enlinea.com.ar\/tienda\/wp-json\/wp\/v2\/comments?post=52963"}],"wp:featuredmedia":[{"embeddable":true,"href":"https:\/\/rms-enlinea.com.ar\/tienda\/wp-json\/wp\/v2\/media\/52964"}],"wp:attachment":[{"href":"https:\/\/rms-enlinea.com.ar\/tienda\/wp-json\/wp\/v2\/media?parent=52963"}],"wp:term":[{"taxonomy":"product_brand","embeddable":true,"href":"https:\/\/rms-enlinea.com.ar\/tienda\/wp-json\/wp\/v2\/product_brand?post=52963"},{"taxonomy":"product_cat","embeddable":true,"href":"https:\/\/rms-enlinea.com.ar\/tienda\/wp-json\/wp\/v2\/product_cat?post=52963"},{"taxonomy":"product_tag","embeddable":true,"href":"https:\/\/rms-enlinea.com.ar\/tienda\/wp-json\/wp\/v2\/product_tag?post=52963"}],"curies":[{"name":"wp","href":"https:\/\/api.w.org\/{rel}","templated":true}]}}