{"id":53031,"date":"2025-08-01T17:50:05","date_gmt":"2025-08-01T20:50:05","guid":{"rendered":"https:\/\/rms-enlinea.com.ar\/tienda\/producto\/placa-de-video-asus-tuf-rx-9060xt-oc-16gb-gaming-pcie-5-0\/"},"modified":"2026-03-31T19:04:53","modified_gmt":"2026-03-31T22:04:53","slug":"placa-de-video-asus-tuf-rx-9060xt-oc-16gb-gaming-pcie-5-0","status":"publish","type":"product","link":"https:\/\/rms-enlinea.com.ar\/tienda\/producto\/placa-de-video-asus-tuf-rx-9060xt-oc-16gb-gaming-pcie-5-0\/","title":{"rendered":"Placa De Video Asus Tuf Rx 9060xt Oc 16gb Gaming Pcie 5.0"},"content":{"rendered":"<p>La PLACA DE VIDEO ASUS TUF RX 9060XT OC 16GB es la elecci\u00f3n ideal para gamers y creadores de contenido que buscan un rendimiento excepcional y fluido. Con 16 GB de memoria GDDR6, esta potente tarjeta gr\u00e1fica garantiza gr\u00e1ficos impresionantes y una experiencia de juego envolvente, soportando resoluciones de hasta 8K.<\/p>\n<p>Dise\u00f1ada con la robustez caracter\u00edstica de la l\u00ednea TUF de ASUS, cuenta con un sistema de refrigeraci\u00f3n por aire eficiente que mantiene la temperatura bajo control, incluso durante largas sesiones de uso. La interfaz PCIe 5.0 asegura la m\u00e1xima velocidad de transferencia de datos, mejorando la comunicaci\u00f3n entre la GPU y la placa madre.<\/p>\n<p>La conectividad se ampl\u00eda con 2 puertos DisplayPort y 1 HDMI, permitiendo m\u00faltiples configuraciones de monitores para una experiencia multitarea \u00f3ptima. Con un bus de memoria de 128 bits y una potencia gr\u00e1fica total de 550 W, esta tarjeta est\u00e1 equipada para manejar incluso los t\u00edtulos m\u00e1s exigentes del mercado.<\/p>\n<p>Adem\u00e1s, su dise\u00f1o compacto con dimensiones de 304 mm de largo, 126 mm de ancho y 50 mm de altura facilita su integraci\u00f3n en una amplia variedad de gabinetes. Ya sea que te dediques a los videojuegos, la edici\u00f3n de video o el modelado en 3D, la ASUS TUF RX 9060XT OC 16GB se adapta a tus necesidades y superar\u00e1 tus expectativas en rendimiento gr\u00e1fico.<\/p>\n","protected":false},"excerpt":{"rendered":"<p>La PLACA DE VIDEO ASUS TUF RX 9060XT OC 16GB es la elecci\u00f3n ideal para gamers y creadores de contenido que buscan un rendimiento excepcional y fluido. Con 16 GB de memoria GDDR6, esta potente tarjeta gr\u00e1fica garantiza gr\u00e1ficos impresionantes y una experiencia de juego envolvente, soportando resoluciones de hasta 8K. Dise\u00f1ada con la robustez [&hellip;]<\/p>\n","protected":false},"featured_media":53032,"comment_status":"open","ping_status":"closed","template":"","meta":{"_uag_custom_page_level_css":""},"product_brand":[586],"product_cat":[120],"product_tag":[],"class_list":{"0":"post-53031","1":"product","2":"type-product","3":"status-publish","4":"has-post-thumbnail","6":"product_brand-asus","7":"product_cat-placas-de-video","9":"first","10":"outofstock","11":"sale","12":"taxable","13":"shipping-taxable","14":"purchasable","15":"product-type-simple"},"uagb_featured_image_src":{"full":["https:\/\/rms-enlinea.com.ar\/wp-content\/uploads\/2025\/08\/D_797785-MLA88802941720_082025-F.jpg",1133,1200,false],"thumbnail":["https:\/\/rms-enlinea.com.ar\/wp-content\/uploads\/2025\/08\/D_797785-MLA88802941720_082025-F-150x150.jpg",150,150,true],"medium":["https:\/\/rms-enlinea.com.ar\/wp-content\/uploads\/2025\/08\/D_797785-MLA88802941720_082025-F-283x300.jpg",283,300,true],"medium_large":["https:\/\/rms-enlinea.com.ar\/wp-content\/uploads\/2025\/08\/D_797785-MLA88802941720_082025-F-768x813.jpg",768,813,true],"large":["https:\/\/rms-enlinea.com.ar\/wp-content\/uploads\/2025\/08\/D_797785-MLA88802941720_082025-F-967x1024.jpg",967,1024,true],"1536x1536":["https:\/\/rms-enlinea.com.ar\/wp-content\/uploads\/2025\/08\/D_797785-MLA88802941720_082025-F.jpg",1133,1200,false],"2048x2048":["https:\/\/rms-enlinea.com.ar\/wp-content\/uploads\/2025\/08\/D_797785-MLA88802941720_082025-F.jpg",1133,1200,false],"woocommerce_thumbnail":["https:\/\/rms-enlinea.com.ar\/wp-content\/uploads\/2025\/08\/D_797785-MLA88802941720_082025-F-450x450.jpg",450,450,true],"woocommerce_single":["https:\/\/rms-enlinea.com.ar\/wp-content\/uploads\/2025\/08\/D_797785-MLA88802941720_082025-F-600x635.jpg",600,635,true],"woocommerce_gallery_thumbnail":["https:\/\/rms-enlinea.com.ar\/wp-content\/uploads\/2025\/08\/D_797785-MLA88802941720_082025-F-100x100.jpg",100,100,true]},"uagb_author_info":{"display_name":"nelson","author_link":"https:\/\/rms-enlinea.com.ar\/tienda\/author\/"},"uagb_comment_info":0,"uagb_excerpt":"La PLACA DE VIDEO ASUS TUF RX 9060XT OC 16GB es la elecci\u00f3n ideal para gamers y creadores de contenido que buscan un rendimiento excepcional y fluido. Con 16 GB de memoria GDDR6, esta potente tarjeta gr\u00e1fica garantiza gr\u00e1ficos impresionantes y una experiencia de juego envolvente, soportando resoluciones de hasta 8K. Dise\u00f1ada con la robustez&hellip;","_links":{"self":[{"href":"https:\/\/rms-enlinea.com.ar\/tienda\/wp-json\/wp\/v2\/product\/53031","targetHints":{"allow":["GET"]}}],"collection":[{"href":"https:\/\/rms-enlinea.com.ar\/tienda\/wp-json\/wp\/v2\/product"}],"about":[{"href":"https:\/\/rms-enlinea.com.ar\/tienda\/wp-json\/wp\/v2\/types\/product"}],"replies":[{"embeddable":true,"href":"https:\/\/rms-enlinea.com.ar\/tienda\/wp-json\/wp\/v2\/comments?post=53031"}],"wp:featuredmedia":[{"embeddable":true,"href":"https:\/\/rms-enlinea.com.ar\/tienda\/wp-json\/wp\/v2\/media\/53032"}],"wp:attachment":[{"href":"https:\/\/rms-enlinea.com.ar\/tienda\/wp-json\/wp\/v2\/media?parent=53031"}],"wp:term":[{"taxonomy":"product_brand","embeddable":true,"href":"https:\/\/rms-enlinea.com.ar\/tienda\/wp-json\/wp\/v2\/product_brand?post=53031"},{"taxonomy":"product_cat","embeddable":true,"href":"https:\/\/rms-enlinea.com.ar\/tienda\/wp-json\/wp\/v2\/product_cat?post=53031"},{"taxonomy":"product_tag","embeddable":true,"href":"https:\/\/rms-enlinea.com.ar\/tienda\/wp-json\/wp\/v2\/product_tag?post=53031"}],"curies":[{"name":"wp","href":"https:\/\/api.w.org\/{rel}","templated":true}]}}