{"id":53066,"date":"2025-08-01T18:20:20","date_gmt":"2025-08-01T21:20:20","guid":{"rendered":"https:\/\/rms-enlinea.com.ar\/tienda\/producto\/placa-de-video-asus-prime-rx-9060xt-16gb-pcie-5-0-gddr6\/"},"modified":"2026-03-31T16:50:00","modified_gmt":"2026-03-31T19:50:00","slug":"placa-de-video-asus-prime-rx-9060xt-16gb-pcie-5-0-gddr6","status":"publish","type":"product","link":"https:\/\/rms-enlinea.com.ar\/tienda\/producto\/placa-de-video-asus-prime-rx-9060xt-16gb-pcie-5-0-gddr6\/","title":{"rendered":"Placa De Video Asus Prime Rx 9060xt 16gb Pcie 5.0 Gddr6"},"content":{"rendered":"<p>La Placa de Video ASUS PRIME RX 9060XT 16GB es la soluci\u00f3n ideal para gamers y creadores de contenido que buscan un rendimiento superior. Con 16 GB de memoria GDDR6 y una interfaz PCI-Express 5.0, esta potente tarjeta gr\u00e1fica se adapta a las demandas m\u00e1s exigentes de los juegos modernos y aplicaciones de alta carga gr\u00e1fica. Su dise\u00f1o OC Edition garantiza una velocidad de datos de 2.5 GB\/s, ofreciendo una experiencia fluida en resoluci\u00f3n m\u00e1xima de 8K, lo que permite disfrutar de gr\u00e1ficos impresionantes en alta definici\u00f3n sin sacrificar el rendimiento.<\/p>\n<p>Equipado con 2048 n\u00facleos y una frecuencia base de 2.74 GHz que puede aumentar hasta 3.33 GHz, el RX 9060 XT proporciona una potencia de procesamiento sobresaliente. Adem\u00e1s, es compatible con tecnolog\u00edas avanzadas como el trazado de rayos, DirectX y OpenGL, lo que eleva al m\u00e1ximo la calidad visual en juegos y aplicaciones multimedia. Su sistema de refrigeraci\u00f3n por aire mantiene la temperatura bajo control, asegurando que la tarjeta funcione de manera \u00f3ptima incluso durante sesiones intensas de uso.<\/p>\n<p>Con m\u00faltiples salidas de monitoreo, incluyendo tres conectores DisplayPort y HDMI, conectar varios monitores es sencillo. Dise\u00f1ada para adaptarse a cualquier configuraci\u00f3n moderna, sus dimensiones compactas de 50 mm de altura, 126 mm de ancho y 304 mm de largo hacen que sea una opci\u00f3n ideal para cualquier torre. Adem\u00e1s, su requerimiento energ\u00e9tico de 550 W asegura un funcionamiento estable y eficiente.<\/p>\n<p>Aprovecha al m\u00e1ximo tu sistema y lleva tus experiencias de juego y creaci\u00f3n a un nuevo nivel con la ASUS PRIME RX 9060XT 16GB. Esta placa de video es la elecci\u00f3n perfecta para quienes desean rendimiento, calidad de imagen y opciones de conectividad avanzadas, todo en un solo producto.<\/p>\n","protected":false},"excerpt":{"rendered":"<p>La Placa de Video ASUS PRIME RX 9060XT 16GB es la soluci\u00f3n ideal para gamers y creadores de contenido que buscan un rendimiento superior. Con 16 GB de memoria GDDR6 y una interfaz PCI-Express 5.0, esta potente tarjeta gr\u00e1fica se adapta a las demandas m\u00e1s exigentes de los juegos modernos y aplicaciones de alta carga [&hellip;]<\/p>\n","protected":false},"featured_media":53067,"comment_status":"open","ping_status":"closed","template":"","meta":{"_uag_custom_page_level_css":""},"product_brand":[586],"product_cat":[120],"product_tag":[],"class_list":{"0":"post-53066","1":"product","2":"type-product","3":"status-publish","4":"has-post-thumbnail","6":"product_brand-asus","7":"product_cat-placas-de-video","9":"first","10":"outofstock","11":"sale","12":"taxable","13":"shipping-taxable","14":"purchasable","15":"product-type-simple"},"uagb_featured_image_src":{"full":["https:\/\/rms-enlinea.com.ar\/wp-content\/uploads\/2025\/08\/D_690270-MLA89161845357_082025-F.jpg",1179,1200,false],"thumbnail":["https:\/\/rms-enlinea.com.ar\/wp-content\/uploads\/2025\/08\/D_690270-MLA89161845357_082025-F-150x150.jpg",150,150,true],"medium":["https:\/\/rms-enlinea.com.ar\/wp-content\/uploads\/2025\/08\/D_690270-MLA89161845357_082025-F-295x300.jpg",295,300,true],"medium_large":["https:\/\/rms-enlinea.com.ar\/wp-content\/uploads\/2025\/08\/D_690270-MLA89161845357_082025-F-768x782.jpg",768,782,true],"large":["https:\/\/rms-enlinea.com.ar\/wp-content\/uploads\/2025\/08\/D_690270-MLA89161845357_082025-F-1006x1024.jpg",1006,1024,true],"1536x1536":["https:\/\/rms-enlinea.com.ar\/wp-content\/uploads\/2025\/08\/D_690270-MLA89161845357_082025-F.jpg",1179,1200,false],"2048x2048":["https:\/\/rms-enlinea.com.ar\/wp-content\/uploads\/2025\/08\/D_690270-MLA89161845357_082025-F.jpg",1179,1200,false],"woocommerce_thumbnail":["https:\/\/rms-enlinea.com.ar\/wp-content\/uploads\/2025\/08\/D_690270-MLA89161845357_082025-F-450x450.jpg",450,450,true],"woocommerce_single":["https:\/\/rms-enlinea.com.ar\/wp-content\/uploads\/2025\/08\/D_690270-MLA89161845357_082025-F-600x611.jpg",600,611,true],"woocommerce_gallery_thumbnail":["https:\/\/rms-enlinea.com.ar\/wp-content\/uploads\/2025\/08\/D_690270-MLA89161845357_082025-F-100x100.jpg",100,100,true]},"uagb_author_info":{"display_name":"nelson","author_link":"https:\/\/rms-enlinea.com.ar\/tienda\/author\/"},"uagb_comment_info":0,"uagb_excerpt":"La Placa de Video ASUS PRIME RX 9060XT 16GB es la soluci\u00f3n ideal para gamers y creadores de contenido que buscan un rendimiento superior. Con 16 GB de memoria GDDR6 y una interfaz PCI-Express 5.0, esta potente tarjeta gr\u00e1fica se adapta a las demandas m\u00e1s exigentes de los juegos modernos y aplicaciones de alta carga&hellip;","_links":{"self":[{"href":"https:\/\/rms-enlinea.com.ar\/tienda\/wp-json\/wp\/v2\/product\/53066","targetHints":{"allow":["GET"]}}],"collection":[{"href":"https:\/\/rms-enlinea.com.ar\/tienda\/wp-json\/wp\/v2\/product"}],"about":[{"href":"https:\/\/rms-enlinea.com.ar\/tienda\/wp-json\/wp\/v2\/types\/product"}],"replies":[{"embeddable":true,"href":"https:\/\/rms-enlinea.com.ar\/tienda\/wp-json\/wp\/v2\/comments?post=53066"}],"wp:featuredmedia":[{"embeddable":true,"href":"https:\/\/rms-enlinea.com.ar\/tienda\/wp-json\/wp\/v2\/media\/53067"}],"wp:attachment":[{"href":"https:\/\/rms-enlinea.com.ar\/tienda\/wp-json\/wp\/v2\/media?parent=53066"}],"wp:term":[{"taxonomy":"product_brand","embeddable":true,"href":"https:\/\/rms-enlinea.com.ar\/tienda\/wp-json\/wp\/v2\/product_brand?post=53066"},{"taxonomy":"product_cat","embeddable":true,"href":"https:\/\/rms-enlinea.com.ar\/tienda\/wp-json\/wp\/v2\/product_cat?post=53066"},{"taxonomy":"product_tag","embeddable":true,"href":"https:\/\/rms-enlinea.com.ar\/tienda\/wp-json\/wp\/v2\/product_tag?post=53066"}],"curies":[{"name":"wp","href":"https:\/\/api.w.org\/{rel}","templated":true}]}}