{"id":53079,"date":"2025-08-01T18:30:19","date_gmt":"2025-08-01T21:30:19","guid":{"rendered":"https:\/\/rms-enlinea.com.ar\/tienda\/producto\/mother-gigabyte-a520m-ds3h-v2-am4-amd-ddr4\/"},"modified":"2026-04-21T06:33:15","modified_gmt":"2026-04-21T09:33:15","slug":"mother-gigabyte-a520m-ds3h-v2-am4-amd-ddr4","status":"publish","type":"product","link":"https:\/\/rms-enlinea.com.ar\/tienda\/producto\/mother-gigabyte-a520m-ds3h-v2-am4-amd-ddr4\/","title":{"rendered":"Mother Gigabyte A520m Ds3h V2 Am4 Amd Ddr4"},"content":{"rendered":"<p>Marca<\/p>\n<p>Gigabyte<br \/>Chipsets<\/p>\n<p>AMD A520<br \/>Plataforma<\/p>\n<p>AMD<br \/>Ranuras de expansi\u00f3n<\/p>\n<p>1 x ranura PCI Express x16 integrada en la CPU,1 x ranura PCI Express x1 integrada en el Chipset<br \/>C\u00f3digo universal de producto<\/p>\n<p>4719331854690,889523037119<br \/>Condici\u00f3n del \u00edtem<\/p>\n<p>Nuevo<br \/>Tipo de memoria RAM<\/p>\n<p>DDR4<br \/>Versi\u00f3n<\/p>\n<p>1.0<br \/>Con procesador<\/p>\n<p>No<br \/>L\u00ednea<\/p>\n<p>Ultra Durable<br \/>Capacidad m\u00e1xima soportada de la memoria RAM<\/p>\n<p>128 GB<br \/>Modelo<\/p>\n<p>A520M DS3H V2<br \/>Socket<\/p>\n<p>AM4<\/p>\n","protected":false},"excerpt":{"rendered":"<p>Marca GigabyteChipsets AMD A520Plataforma AMDRanuras de expansi\u00f3n 1 x ranura PCI Express x16 integrada en la CPU,1 x ranura PCI Express x1 integrada en el ChipsetC\u00f3digo universal de producto 4719331854690,889523037119Condici\u00f3n del \u00edtem NuevoTipo de memoria RAM DDR4Versi\u00f3n 1.0Con procesador NoL\u00ednea Ultra DurableCapacidad m\u00e1xima soportada de la memoria RAM 128 GBModelo A520M DS3H V2Socket AM4<\/p>\n","protected":false},"featured_media":53080,"comment_status":"open","ping_status":"closed","template":"","meta":{"_uag_custom_page_level_css":""},"product_brand":[532],"product_cat":[115],"product_tag":[],"class_list":{"0":"post-53079","1":"product","2":"type-product","3":"status-publish","4":"has-post-thumbnail","6":"product_brand-gigabyte","7":"product_cat-mother","9":"first","10":"outofstock","11":"sale","12":"taxable","13":"shipping-taxable","14":"purchasable","15":"product-type-simple"},"uagb_featured_image_src":{"full":["https:\/\/rms-enlinea.com.ar\/wp-content\/uploads\/2025\/08\/D_833442-MLA89162025721_082025-F.jpg",1200,729,false],"thumbnail":["https:\/\/rms-enlinea.com.ar\/wp-content\/uploads\/2025\/08\/D_833442-MLA89162025721_082025-F-150x150.jpg",150,150,true],"medium":["https:\/\/rms-enlinea.com.ar\/wp-content\/uploads\/2025\/08\/D_833442-MLA89162025721_082025-F-300x182.jpg",300,182,true],"medium_large":["https:\/\/rms-enlinea.com.ar\/wp-content\/uploads\/2025\/08\/D_833442-MLA89162025721_082025-F-768x467.jpg",768,467,true],"large":["https:\/\/rms-enlinea.com.ar\/wp-content\/uploads\/2025\/08\/D_833442-MLA89162025721_082025-F-1024x622.jpg",1024,622,true],"1536x1536":["https:\/\/rms-enlinea.com.ar\/wp-content\/uploads\/2025\/08\/D_833442-MLA89162025721_082025-F.jpg",1200,729,false],"2048x2048":["https:\/\/rms-enlinea.com.ar\/wp-content\/uploads\/2025\/08\/D_833442-MLA89162025721_082025-F.jpg",1200,729,false],"woocommerce_thumbnail":["https:\/\/rms-enlinea.com.ar\/wp-content\/uploads\/2025\/08\/D_833442-MLA89162025721_082025-F-450x450.jpg",450,450,true],"woocommerce_single":["https:\/\/rms-enlinea.com.ar\/wp-content\/uploads\/2025\/08\/D_833442-MLA89162025721_082025-F-600x365.jpg",600,365,true],"woocommerce_gallery_thumbnail":["https:\/\/rms-enlinea.com.ar\/wp-content\/uploads\/2025\/08\/D_833442-MLA89162025721_082025-F-100x100.jpg",100,100,true]},"uagb_author_info":{"display_name":"nelson","author_link":"https:\/\/rms-enlinea.com.ar\/tienda\/author\/"},"uagb_comment_info":0,"uagb_excerpt":"Marca GigabyteChipsets AMD A520Plataforma AMDRanuras de expansi\u00f3n 1 x ranura PCI Express x16 integrada en la CPU,1 x ranura PCI Express x1 integrada en el ChipsetC\u00f3digo universal de producto 4719331854690,889523037119Condici\u00f3n del \u00edtem NuevoTipo de memoria RAM DDR4Versi\u00f3n 1.0Con procesador NoL\u00ednea Ultra DurableCapacidad m\u00e1xima soportada de la memoria RAM 128 GBModelo A520M DS3H V2Socket AM4","_links":{"self":[{"href":"https:\/\/rms-enlinea.com.ar\/tienda\/wp-json\/wp\/v2\/product\/53079","targetHints":{"allow":["GET"]}}],"collection":[{"href":"https:\/\/rms-enlinea.com.ar\/tienda\/wp-json\/wp\/v2\/product"}],"about":[{"href":"https:\/\/rms-enlinea.com.ar\/tienda\/wp-json\/wp\/v2\/types\/product"}],"replies":[{"embeddable":true,"href":"https:\/\/rms-enlinea.com.ar\/tienda\/wp-json\/wp\/v2\/comments?post=53079"}],"wp:featuredmedia":[{"embeddable":true,"href":"https:\/\/rms-enlinea.com.ar\/tienda\/wp-json\/wp\/v2\/media\/53080"}],"wp:attachment":[{"href":"https:\/\/rms-enlinea.com.ar\/tienda\/wp-json\/wp\/v2\/media?parent=53079"}],"wp:term":[{"taxonomy":"product_brand","embeddable":true,"href":"https:\/\/rms-enlinea.com.ar\/tienda\/wp-json\/wp\/v2\/product_brand?post=53079"},{"taxonomy":"product_cat","embeddable":true,"href":"https:\/\/rms-enlinea.com.ar\/tienda\/wp-json\/wp\/v2\/product_cat?post=53079"},{"taxonomy":"product_tag","embeddable":true,"href":"https:\/\/rms-enlinea.com.ar\/tienda\/wp-json\/wp\/v2\/product_tag?post=53079"}],"curies":[{"name":"wp","href":"https:\/\/api.w.org\/{rel}","templated":true}]}}